{"id":994,"date":"2018-08-29T16:23:57","date_gmt":"2018-08-29T19:23:57","guid":{"rendered":"https:\/\/cbblanca-bue.infd.edu.ar\/sitio\/calendario-escolar\/"},"modified":"2026-04-18T17:08:38","modified_gmt":"2026-04-18T20:08:38","slug":"cronograma","status":"publish","type":"page","link":"https:\/\/cbblanca-bue.infd.edu.ar\/sitio\/cronograma\/","title":{"rendered":"Cronograma de actividades institucionales"},"content":{"rendered":"\n<p>En este espacio se publica informaci\u00f3n oficial y actualizada sobre:<br><br>&#x2705; Cronograma b\u00e1sico de cada Ciclo Lectivo.<br>&#x2705; Actividades acad\u00e9micas (inscripciones, cursada, ex\u00e1menes, equivalencias).<br>&#x2705; Actividades institucionales (reuniones, jornadas, actos, conciertos, capacitaciones y extensi\u00f3n).<br>&#x2705; Calendario Escolar y Calendario Docente del portal ABC y efem\u00e9rides.<\/p>\n\n\n\n<p>Destacamos la importancia de consultar peri\u00f3dicamente esta secci\u00f3n, ya que permite a estudiantes, familias y docentes <strong>organizar su agenda personal en concordancia con la planificaci\u00f3n institucional<\/strong>.<\/p>\n\n\n\n<p>Asimismo, el uso habitual de esta herramienta favorece el desarrollo de la <strong>autonom\u00eda en la gesti\u00f3n de la informaci\u00f3n<\/strong> y acompa\u00f1a las trayectorias educativas de las\/los estudiantes.<\/p>\n\n\n\n<p>Invitamos especialmente a estudiantes y familias (en el caso de menores) a incorporar la consulta de la web institucional como <strong>canal principal de informaci\u00f3n<\/strong>, evitando depender de v\u00edas informales.Saludos cordiales,<\/p>\n\n\n\n<p><br>Equipo Directivo CMBB<\/p>\n\n\n\n<iframe src=\"https:\/\/docs.google.com\/document\/d\/e\/2PACX-1vReufWrViFfnyfvVRQFHu30oMhcvjzdguY88O9oJF41Z4387TlVou2tdCJW_JOraQ\/pub?embedded=true\" height=800 width=1200><\/iframe>\n","protected":false},"excerpt":{"rendered":"<p>En este espacio se publica informaci\u00f3n oficial y actualizada sobre: &#x2705; Cronograma b\u00e1sico de cada Ciclo Lectivo.&#x2705; Actividades acad\u00e9micas (inscripciones, cursada, ex\u00e1menes, equivalencias).&#x2705; Actividades institucionales (reuniones, jornadas, actos, conciertos, capacitaciones y extensi\u00f3n).&#x2705; Calendario Escolar y Calendario Docente del portal ABC y efem\u00e9rides. Destacamos la importancia de consultar peri\u00f3dicamente esta secci\u00f3n, ya que permite a estudiantes, &#8230; <a title=\"Cronograma de actividades institucionales\" class=\"read-more\" href=\"https:\/\/cbblanca-bue.infd.edu.ar\/sitio\/cronograma\/\" aria-label=\"More on Cronograma de actividades institucionales\">[+]<\/a><\/p>\n","protected":false},"author":5656,"featured_media":0,"parent":0,"menu_order":0,"comment_status":"closed","ping_status":"closed","template":"","meta":[],"acf":[],"_links":{"self":[{"href":"https:\/\/cbblanca-bue.infd.edu.ar\/sitio\/wp-json\/wp\/v2\/pages\/994"}],"collection":[{"href":"https:\/\/cbblanca-bue.infd.edu.ar\/sitio\/wp-json\/wp\/v2\/pages"}],"about":[{"href":"https:\/\/cbblanca-bue.infd.edu.ar\/sitio\/wp-json\/wp\/v2\/types\/page"}],"author":[{"embeddable":true,"href":"https:\/\/cbblanca-bue.infd.edu.ar\/sitio\/wp-json\/wp\/v2\/users\/5656"}],"replies":[{"embeddable":true,"href":"https:\/\/cbblanca-bue.infd.edu.ar\/sitio\/wp-json\/wp\/v2\/comments?post=994"}],"version-history":[{"count":25,"href":"https:\/\/cbblanca-bue.infd.edu.ar\/sitio\/wp-json\/wp\/v2\/pages\/994\/revisions"}],"predecessor-version":[{"id":4602,"href":"https:\/\/cbblanca-bue.infd.edu.ar\/sitio\/wp-json\/wp\/v2\/pages\/994\/revisions\/4602"}],"wp:attachment":[{"href":"https:\/\/cbblanca-bue.infd.edu.ar\/sitio\/wp-json\/wp\/v2\/media?parent=994"}],"curies":[{"name":"wp","href":"https:\/\/api.w.org\/{rel}","templated":true}]}}