{"id":992,"date":"2018-08-29T16:23:56","date_gmt":"2018-08-29T19:23:56","guid":{"rendered":"https:\/\/cbblanca-bue.infd.edu.ar\/sitio\/programas\/"},"modified":"2026-03-19T10:49:19","modified_gmt":"2026-03-19T13:49:19","slug":"programas-5","status":"publish","type":"page","link":"https:\/\/cbblanca-bue.infd.edu.ar\/sitio\/programas-5\/","title":{"rendered":"PROGRAMAS DE LAS CARRERAS"},"content":{"rendered":"\n<div class=\"wp-block-cover is-light\" style=\"min-height:98px\"><span aria-hidden=\"true\" class=\"wp-block-cover__background has-background-dim\"><\/span><img decoding=\"async\" loading=\"lazy\" width=\"90\" height=\"85\" class=\"wp-block-cover__image-background wp-image-852\" alt=\"\" src=\"https:\/\/cbblanca-bue.infd.edu.ar\/sitio\/wp-content\/uploads\/2018\/08\/construccion3.gif\" style=\"object-position:52% 78%\" data-object-fit=\"cover\" data-object-position=\"52% 78%\"\/><div class=\"wp-block-cover__inner-container\">\n<h1 class=\"wp-block-heading has-text-align-center has-base-3-color has-text-color has-large-font-size\"><strong>Sitio en construcci\u00f3n<\/strong><\/h1>\n<\/div><\/div>\n\n\n\n<h4 class=\"wp-block-heading\"><strong>PROFESORADO EN M\u00daSICA ORIENTACI\u00d3N EDUCACI\u00d3N MUSICAL&nbsp; (Res. 855\/11)<\/strong><\/h4>\n\n\n\n<iframe src=\"https:\/\/docs.google.com\/document\/d\/e\/2PACX-1vTO8kD_7r0UnDUU0CORhAKoWDKue5NKBB_09Yte3DF4X2SH7Sy1a0IAs-sBdOXZuA\/pub?embedded=true\"height=1200 width=820>>><\/iframe>\n\n\n\n<h4 class=\"wp-block-heading\"><strong>Formaci\u00f3n Docente: PROFESORADO EN M\u00daSICA ORIENTACI\u00d3N INSTRUMENTO (Res. 13234\/99)<\/strong><\/h4>\n\n\n\n<h4 class=\"wp-block-heading\"><strong>Formaci\u00f3n T\u00e9cnico Profesional: TECNICATURA EN CAPACITACI\u00d3N INSTRUMENTAL (Res. 13235\/99)<\/strong><\/h4>\n\n\n\n<h5 class=\"wp-block-heading\">Piano Guitarra Arpa Bandone\u00f3n Viol\u00edn&nbsp; Viola&nbsp; Violoncello Contrabajo Saxof\u00f3n Flauta traversa Oboe Clarinete Fagot Trompeta Corno Tromb\u00f3n Tuba Percusi\u00f3n<\/h5>\n\n\n\n<iframe src=\"https:\/\/docs.google.com\/document\/d\/e\/2PACX-1vS6sAa2lbCaj-SszPeCjpIR7V1L8kdioJm7QEurjN9efjt5Ed7wiI9axPfn9Q7r5w\/pub?embedded=true\"height=1200 width=820>><\/iframe>\n\n\n\n<h4 class=\"wp-block-heading has-text-align-center\">Programas de a\u00f1os anteriores<\/h4>\n\n\n\n<iframe src=\"https:\/\/drive.google.com\/embeddedfolderview?id=0Bz1LRjETkMbLLWl5T1FGS2E4R00#list\" style=\"width:100%; height:600px; border:0;\"><\/iframe>\n","protected":false},"excerpt":{"rendered":"<p>PROFESORADO EN M\u00daSICA ORIENTACI\u00d3N EDUCACI\u00d3N MUSICAL&nbsp; (Res. 855\/11) >> Formaci\u00f3n Docente: PROFESORADO EN M\u00daSICA ORIENTACI\u00d3N INSTRUMENTO (Res. 13234\/99) Formaci\u00f3n T\u00e9cnico Profesional: TECNICATURA EN CAPACITACI\u00d3N INSTRUMENTAL (Res. 13235\/99) Piano Guitarra Arpa Bandone\u00f3n Viol\u00edn&nbsp; Viola&nbsp; Violoncello Contrabajo Saxof\u00f3n Flauta traversa Oboe Clarinete Fagot Trompeta Corno Tromb\u00f3n Tuba Percusi\u00f3n > Programas de a\u00f1os anteriores<\/p>\n","protected":false},"author":5566,"featured_media":0,"parent":0,"menu_order":0,"comment_status":"closed","ping_status":"closed","template":"","meta":[],"acf":[],"_links":{"self":[{"href":"https:\/\/cbblanca-bue.infd.edu.ar\/sitio\/wp-json\/wp\/v2\/pages\/992"}],"collection":[{"href":"https:\/\/cbblanca-bue.infd.edu.ar\/sitio\/wp-json\/wp\/v2\/pages"}],"about":[{"href":"https:\/\/cbblanca-bue.infd.edu.ar\/sitio\/wp-json\/wp\/v2\/types\/page"}],"author":[{"embeddable":true,"href":"https:\/\/cbblanca-bue.infd.edu.ar\/sitio\/wp-json\/wp\/v2\/users\/5566"}],"replies":[{"embeddable":true,"href":"https:\/\/cbblanca-bue.infd.edu.ar\/sitio\/wp-json\/wp\/v2\/comments?post=992"}],"version-history":[{"count":7,"href":"https:\/\/cbblanca-bue.infd.edu.ar\/sitio\/wp-json\/wp\/v2\/pages\/992\/revisions"}],"predecessor-version":[{"id":4265,"href":"https:\/\/cbblanca-bue.infd.edu.ar\/sitio\/wp-json\/wp\/v2\/pages\/992\/revisions\/4265"}],"wp:attachment":[{"href":"https:\/\/cbblanca-bue.infd.edu.ar\/sitio\/wp-json\/wp\/v2\/media?parent=992"}],"curies":[{"name":"wp","href":"https:\/\/api.w.org\/{rel}","templated":true}]}}