{"id":4973,"date":"2026-04-27T08:55:13","date_gmt":"2026-04-27T11:55:13","guid":{"rendered":"https:\/\/cbblanca-bue.infd.edu.ar\/sitio\/?page_id=4973"},"modified":"2026-04-27T09:09:56","modified_gmt":"2026-04-27T12:09:56","slug":"guia-de-comunicacion-institucional-cmbb","status":"publish","type":"page","link":"https:\/\/cbblanca-bue.infd.edu.ar\/sitio\/guia-de-comunicacion-institucional-cmbb\/","title":{"rendered":"Gu\u00eda de comunicaci\u00f3n institucional CMBB"},"content":{"rendered":"\n<p>La presente <em>Gu\u00eda de Comunicaci\u00f3n Institucional<\/em> tiene como objetivo ordenar, clarificar y facilitar el acceso a la informaci\u00f3n relevante para el desarrollo de las funciones docentes, no docentes, directivas y estudiantiles en el Conservatorio de M\u00fasica de Bah\u00eda Blanca.<\/p>\n\n\n\n<p>Con una comunidad educativa amplia, diversa y distribuida en m\u00faltiples sedes, es imprescindible contar con canales de comunicaci\u00f3n eficientes, actualizados y accesibles que contribuyan a la organizaci\u00f3n institucional, la participaci\u00f3n activa y la mejora continua del clima institucional.<\/p>\n\n\n\n<p>Este documento sistematiza los medios oficiales de difusi\u00f3n, los espacios disponibles seg\u00fan rol, las instancias administrativas obligatorias, los mecanismos de contacto con el equipo de gesti\u00f3n y las v\u00edas espec\u00edficas ante situaciones extraordinarias.<\/p>\n\n\n\n<p>Se invita a todo el personal y a las\/ los estudiantes a utilizar esta gu\u00eda como herramienta de consulta permanente, promoviendo as\u00ed una cultura institucional basada en el respeto, la cooperaci\u00f3n y la responsabilidad compartida.<\/p>\n\n\n\n<p>\u00a1Estamos en contacto!<\/p>\n\n\n\n<p>Equipo Directivo CMBB<\/p>\n\n\n\n<iframe src=\"https:\/\/docs.google.com\/document\/d\/e\/2PACX-1vTjHVIrK2LoYcq7SB-Y_0Z8koMCN3HCvP7jOj07QTQrOoMoIiEOIRUHcKSQXQdaY2nI4ONSsNm4Ttlf\/pub?embedded=true\"height=1200 width=820>><\/iframe>\n","protected":false},"excerpt":{"rendered":"<p>La presente Gu\u00eda de Comunicaci\u00f3n Institucional tiene como objetivo ordenar, clarificar y facilitar el acceso a la informaci\u00f3n relevante para el desarrollo de las funciones docentes, no docentes, directivas y estudiantiles en el Conservatorio de M\u00fasica de Bah\u00eda Blanca. Con una comunidad educativa amplia, diversa y distribuida en m\u00faltiples sedes, es imprescindible contar con canales &#8230; <a title=\"Gu\u00eda de comunicaci\u00f3n institucional CMBB\" class=\"read-more\" href=\"https:\/\/cbblanca-bue.infd.edu.ar\/sitio\/guia-de-comunicacion-institucional-cmbb\/\" aria-label=\"More on Gu\u00eda de comunicaci\u00f3n institucional CMBB\">[+]<\/a><\/p>\n","protected":false},"author":7456,"featured_media":0,"parent":0,"menu_order":0,"comment_status":"closed","ping_status":"closed","template":"","meta":[],"acf":[],"_links":{"self":[{"href":"https:\/\/cbblanca-bue.infd.edu.ar\/sitio\/wp-json\/wp\/v2\/pages\/4973"}],"collection":[{"href":"https:\/\/cbblanca-bue.infd.edu.ar\/sitio\/wp-json\/wp\/v2\/pages"}],"about":[{"href":"https:\/\/cbblanca-bue.infd.edu.ar\/sitio\/wp-json\/wp\/v2\/types\/page"}],"author":[{"embeddable":true,"href":"https:\/\/cbblanca-bue.infd.edu.ar\/sitio\/wp-json\/wp\/v2\/users\/7456"}],"replies":[{"embeddable":true,"href":"https:\/\/cbblanca-bue.infd.edu.ar\/sitio\/wp-json\/wp\/v2\/comments?post=4973"}],"version-history":[{"count":3,"href":"https:\/\/cbblanca-bue.infd.edu.ar\/sitio\/wp-json\/wp\/v2\/pages\/4973\/revisions"}],"predecessor-version":[{"id":4979,"href":"https:\/\/cbblanca-bue.infd.edu.ar\/sitio\/wp-json\/wp\/v2\/pages\/4973\/revisions\/4979"}],"wp:attachment":[{"href":"https:\/\/cbblanca-bue.infd.edu.ar\/sitio\/wp-json\/wp\/v2\/media?parent=4973"}],"curies":[{"name":"wp","href":"https:\/\/api.w.org\/{rel}","templated":true}]}}