{"id":4721,"date":"2026-04-20T14:52:15","date_gmt":"2026-04-20T17:52:15","guid":{"rendered":"https:\/\/cbblanca-bue.infd.edu.ar\/sitio\/?page_id=4721"},"modified":"2026-04-20T15:03:13","modified_gmt":"2026-04-20T18:03:13","slug":"calendario-de-clases-y-actividades","status":"publish","type":"page","link":"https:\/\/cbblanca-bue.infd.edu.ar\/sitio\/calendario-de-clases-y-actividades\/","title":{"rendered":"Calendario de Clases y Actividades"},"content":{"rendered":"\n<p><strong>&#x1f4c5; CALENDARIO DE CLASES Y ACTIVIDADES<\/strong><\/p>\n\n\n\n<p>Informamos que, desde el ciclo lectivo 2025, se est\u00e1 llevando adelante la redistribuci\u00f3n de clases y actividades en las sedes Lamadrid 441, Belgrano 148 y EP N\u00b018. Continuamos trabajando para garantizar el mejor funcionamiento posible de la instituci\u00f3n.<\/p>\n\n\n\n<p>En este espacio se publica informaci\u00f3n oficial y actualizada sobre:<\/p>\n\n\n\n<p>&#x2705; Calendario de clases por aula.<br>&#x2705; Reservas de aulas para estudio individual (s\u00f3lo estudiantes mayores de 18 a\u00f1os)<br>&#x2705; Actividades institucionales (reuniones, jornadas, actos, conciertos, capacitaciones y extensi\u00f3n)<\/p>\n\n\n\n<p><strong>&#x1f50e; Importante<\/strong>: Recomendamos consultar esta secci\u00f3n antes de asistir a la instituci\u00f3n, ya que aqu\u00ed se actualizan los usos de los espacios y posibles modificaciones en la organizaci\u00f3n de las actividades.<\/p>\n\n\n\n<p>El uso frecuente de esta herramienta permite a estudiantes, familias y docentes mantenerse informados y organizar sus actividades en funci\u00f3n de la planificaci\u00f3n institucional.<\/p>\n\n\n\n<p>Asimismo, promueve una gesti\u00f3n m\u00e1s aut\u00f3noma y ordenada de la informaci\u00f3n.<\/p>\n\n\n\n<p>Invitamos especialmente a estudiantes y familias a utilizar la web institucional como canal principal de informaci\u00f3n, evitando depender de v\u00edas informales.<\/p>\n\n\n\n<p>\u00a1Estamos en contacto!<br>Equipo Directivo CMBB<\/p>\n\n\n\n<iframe src=\"https:\/\/docs.google.com\/document\/d\/e\/2PACX-1vTXxwZTrp-RLgiNv45Y0pRDlbPZ9hNeEF753rp64Vut0ZCADrPTyQSuK9RO8mnDuXiq3ldMOLlMGfNL\/pub?embedded=true\"height=1200 width=820>><\/iframe>\n","protected":false},"excerpt":{"rendered":"<p>&#x1f4c5; CALENDARIO DE CLASES Y ACTIVIDADES Informamos que, desde el ciclo lectivo 2025, se est\u00e1 llevando adelante la redistribuci\u00f3n de clases y actividades en las sedes Lamadrid 441, Belgrano 148 y EP N\u00b018. Continuamos trabajando para garantizar el mejor funcionamiento posible de la instituci\u00f3n. En este espacio se publica informaci\u00f3n oficial y actualizada sobre: &#x2705; &#8230; <a title=\"Calendario de Clases y Actividades\" class=\"read-more\" href=\"https:\/\/cbblanca-bue.infd.edu.ar\/sitio\/calendario-de-clases-y-actividades\/\" aria-label=\"More on Calendario de Clases y Actividades\">[+]<\/a><\/p>\n","protected":false},"author":7698,"featured_media":0,"parent":0,"menu_order":0,"comment_status":"closed","ping_status":"closed","template":"","meta":[],"acf":[],"_links":{"self":[{"href":"https:\/\/cbblanca-bue.infd.edu.ar\/sitio\/wp-json\/wp\/v2\/pages\/4721"}],"collection":[{"href":"https:\/\/cbblanca-bue.infd.edu.ar\/sitio\/wp-json\/wp\/v2\/pages"}],"about":[{"href":"https:\/\/cbblanca-bue.infd.edu.ar\/sitio\/wp-json\/wp\/v2\/types\/page"}],"author":[{"embeddable":true,"href":"https:\/\/cbblanca-bue.infd.edu.ar\/sitio\/wp-json\/wp\/v2\/users\/7698"}],"replies":[{"embeddable":true,"href":"https:\/\/cbblanca-bue.infd.edu.ar\/sitio\/wp-json\/wp\/v2\/comments?post=4721"}],"version-history":[{"count":2,"href":"https:\/\/cbblanca-bue.infd.edu.ar\/sitio\/wp-json\/wp\/v2\/pages\/4721\/revisions"}],"predecessor-version":[{"id":4726,"href":"https:\/\/cbblanca-bue.infd.edu.ar\/sitio\/wp-json\/wp\/v2\/pages\/4721\/revisions\/4726"}],"wp:attachment":[{"href":"https:\/\/cbblanca-bue.infd.edu.ar\/sitio\/wp-json\/wp\/v2\/media?parent=4721"}],"curies":[{"name":"wp","href":"https:\/\/api.w.org\/{rel}","templated":true}]}}