{"id":4643,"date":"2026-04-20T09:34:05","date_gmt":"2026-04-20T12:34:05","guid":{"rendered":"https:\/\/cbblanca-bue.infd.edu.ar\/sitio\/?page_id=4643"},"modified":"2026-04-20T09:34:07","modified_gmt":"2026-04-20T12:34:07","slug":"profesorado-en-musica-con-orientacion-en-educacion-musical","status":"publish","type":"page","link":"https:\/\/cbblanca-bue.infd.edu.ar\/sitio\/profesorado-en-musica-con-orientacion-en-educacion-musical\/","title":{"rendered":"Profesorado en M\u00fasica con Orientaci\u00f3n en Educaci\u00f3n Musical"},"content":{"rendered":"\n<iframe src=\"https:\/\/docs.google.com\/document\/d\/e\/2PACX-1vRJ4zyAbR376czsUFKHjvD6_ua4j-FMKuxUISjoLba9TodFuhQfD1-AMVU1v9n4VaH8hYPcIlMTaa7H\/pub?embedded=true\"><\/iframe>height=1200 width=820>><\/iframe>\n\n","protected":false},"excerpt":{"rendered":"<p>height=1200 width=820>><\/p>\n","protected":false},"author":7456,"featured_media":0,"parent":0,"menu_order":0,"comment_status":"closed","ping_status":"closed","template":"","meta":[],"acf":[],"_links":{"self":[{"href":"https:\/\/cbblanca-bue.infd.edu.ar\/sitio\/wp-json\/wp\/v2\/pages\/4643"}],"collection":[{"href":"https:\/\/cbblanca-bue.infd.edu.ar\/sitio\/wp-json\/wp\/v2\/pages"}],"about":[{"href":"https:\/\/cbblanca-bue.infd.edu.ar\/sitio\/wp-json\/wp\/v2\/types\/page"}],"author":[{"embeddable":true,"href":"https:\/\/cbblanca-bue.infd.edu.ar\/sitio\/wp-json\/wp\/v2\/users\/7456"}],"replies":[{"embeddable":true,"href":"https:\/\/cbblanca-bue.infd.edu.ar\/sitio\/wp-json\/wp\/v2\/comments?post=4643"}],"version-history":[{"count":1,"href":"https:\/\/cbblanca-bue.infd.edu.ar\/sitio\/wp-json\/wp\/v2\/pages\/4643\/revisions"}],"predecessor-version":[{"id":4644,"href":"https:\/\/cbblanca-bue.infd.edu.ar\/sitio\/wp-json\/wp\/v2\/pages\/4643\/revisions\/4644"}],"wp:attachment":[{"href":"https:\/\/cbblanca-bue.infd.edu.ar\/sitio\/wp-json\/wp\/v2\/media?parent=4643"}],"curies":[{"name":"wp","href":"https:\/\/api.w.org\/{rel}","templated":true}]}}