{"id":4637,"date":"2026-04-20T09:31:43","date_gmt":"2026-04-20T12:31:43","guid":{"rendered":"https:\/\/cbblanca-bue.infd.edu.ar\/sitio\/?page_id=4637"},"modified":"2026-04-20T09:31:46","modified_gmt":"2026-04-20T12:31:46","slug":"profesorado-en-musica-con-orientacion-en-canto-lirico","status":"publish","type":"page","link":"https:\/\/cbblanca-bue.infd.edu.ar\/sitio\/profesorado-en-musica-con-orientacion-en-canto-lirico\/","title":{"rendered":"Profesorado en M\u00fasica con Orientaci\u00f3n en Canto L\u00edrico"},"content":{"rendered":"\n<iframe src=\"https:\/\/docs.google.com\/document\/d\/e\/2PACX-1vQ_e9kd2yqLimsjqzU9PmDYG_-HRse_HA0RfpTdLo31B6hJIgV5XW0urSATehYFPRzINe-EDSOEXe-I\/pub?embedded=true\"height=1200 width=820>><\/iframe>\n\n","protected":false},"excerpt":{"rendered":"<p>><\/p>\n","protected":false},"author":7456,"featured_media":0,"parent":0,"menu_order":0,"comment_status":"closed","ping_status":"closed","template":"","meta":[],"acf":[],"_links":{"self":[{"href":"https:\/\/cbblanca-bue.infd.edu.ar\/sitio\/wp-json\/wp\/v2\/pages\/4637"}],"collection":[{"href":"https:\/\/cbblanca-bue.infd.edu.ar\/sitio\/wp-json\/wp\/v2\/pages"}],"about":[{"href":"https:\/\/cbblanca-bue.infd.edu.ar\/sitio\/wp-json\/wp\/v2\/types\/page"}],"author":[{"embeddable":true,"href":"https:\/\/cbblanca-bue.infd.edu.ar\/sitio\/wp-json\/wp\/v2\/users\/7456"}],"replies":[{"embeddable":true,"href":"https:\/\/cbblanca-bue.infd.edu.ar\/sitio\/wp-json\/wp\/v2\/comments?post=4637"}],"version-history":[{"count":1,"href":"https:\/\/cbblanca-bue.infd.edu.ar\/sitio\/wp-json\/wp\/v2\/pages\/4637\/revisions"}],"predecessor-version":[{"id":4641,"href":"https:\/\/cbblanca-bue.infd.edu.ar\/sitio\/wp-json\/wp\/v2\/pages\/4637\/revisions\/4641"}],"wp:attachment":[{"href":"https:\/\/cbblanca-bue.infd.edu.ar\/sitio\/wp-json\/wp\/v2\/media?parent=4637"}],"curies":[{"name":"wp","href":"https:\/\/api.w.org\/{rel}","templated":true}]}}