{"id":4453,"date":"2026-04-14T22:25:34","date_gmt":"2026-04-15T01:25:34","guid":{"rendered":"https:\/\/cbblanca-bue.infd.edu.ar\/sitio\/?page_id=4453"},"modified":"2026-05-04T13:55:24","modified_gmt":"2026-05-04T16:55:24","slug":"contactos_2","status":"publish","type":"page","link":"https:\/\/cbblanca-bue.infd.edu.ar\/sitio\/contactos_2\/","title":{"rendered":"CONTACTOS"},"content":{"rendered":"\n<p><\/p>\n\n\n\n<p>En esta secci\u00f3n encontrar\u00e1s las v\u00edas oficiales de comunicaci\u00f3n del Conservatorio de M\u00fasica de Bah\u00eda Blanca.<\/p>\n\n\n\n<p>Te invitamos a utilizar estos canales para realizar consultas, solicitar informaci\u00f3n o contactarte con las distintas \u00e1reas de la instituci\u00f3n. Nuestro equipo est\u00e1 disponible para brindarte orientaci\u00f3n y acompa\u00f1amiento.<\/p>\n\n\n\n<p>Equipo de Conducci\u00f3n CMBB<\/p>\n\n\n\n<p><\/p>\n\n\n\n<p><\/p>\n\n\n\n<iframe src=\"https:\/\/docs.google.com\/document\/d\/e\/2PACX-1vSgJ7VbAmSYT_nlgNAIZWfws3lqvlA3pSjaNqwvSIGd7WGugKOW5oIcf1V7UhJKhdPsNlrzCWxQ-7Q7\/pub?embedded=true\"height=1200 width=820>><\/iframe>\n","protected":false},"excerpt":{"rendered":"<p>En esta secci\u00f3n encontrar\u00e1s las v\u00edas oficiales de comunicaci\u00f3n del Conservatorio de M\u00fasica de Bah\u00eda Blanca. Te invitamos a utilizar estos canales para realizar consultas, solicitar informaci\u00f3n o contactarte con las distintas \u00e1reas de la instituci\u00f3n. Nuestro equipo est\u00e1 disponible para brindarte orientaci\u00f3n y acompa\u00f1amiento. Equipo de Conducci\u00f3n CMBB ><\/p>\n","protected":false},"author":7456,"featured_media":0,"parent":0,"menu_order":0,"comment_status":"closed","ping_status":"closed","template":"","meta":[],"acf":[],"_links":{"self":[{"href":"https:\/\/cbblanca-bue.infd.edu.ar\/sitio\/wp-json\/wp\/v2\/pages\/4453"}],"collection":[{"href":"https:\/\/cbblanca-bue.infd.edu.ar\/sitio\/wp-json\/wp\/v2\/pages"}],"about":[{"href":"https:\/\/cbblanca-bue.infd.edu.ar\/sitio\/wp-json\/wp\/v2\/types\/page"}],"author":[{"embeddable":true,"href":"https:\/\/cbblanca-bue.infd.edu.ar\/sitio\/wp-json\/wp\/v2\/users\/7456"}],"replies":[{"embeddable":true,"href":"https:\/\/cbblanca-bue.infd.edu.ar\/sitio\/wp-json\/wp\/v2\/comments?post=4453"}],"version-history":[{"count":7,"href":"https:\/\/cbblanca-bue.infd.edu.ar\/sitio\/wp-json\/wp\/v2\/pages\/4453\/revisions"}],"predecessor-version":[{"id":5207,"href":"https:\/\/cbblanca-bue.infd.edu.ar\/sitio\/wp-json\/wp\/v2\/pages\/4453\/revisions\/5207"}],"wp:attachment":[{"href":"https:\/\/cbblanca-bue.infd.edu.ar\/sitio\/wp-json\/wp\/v2\/media?parent=4453"}],"curies":[{"name":"wp","href":"https:\/\/api.w.org\/{rel}","templated":true}]}}