{"id":4436,"date":"2026-04-11T20:11:04","date_gmt":"2026-04-11T23:11:04","guid":{"rendered":"https:\/\/cbblanca-bue.infd.edu.ar\/sitio\/?page_id=4436"},"modified":"2026-04-11T20:11:06","modified_gmt":"2026-04-11T23:11:06","slug":"infome-de-gestion","status":"publish","type":"page","link":"https:\/\/cbblanca-bue.infd.edu.ar\/sitio\/infome-de-gestion\/","title":{"rendered":"Infome de Gesti\u00f3n"},"content":{"rendered":"\n<p><strong>&#x2764;&#xfe0f; COOPERADORA ESCOLAR INFORME DE GESTI\u00d3N 2026<\/strong><\/p>\n\n\n\n<p><strong>Conservatorio de M\u00fasica de Bah\u00eda Blanca<\/strong><\/p>\n\n\n\n<p><strong>Proyecto Institucional 2026<\/strong><\/p>\n\n\n\n<p>En este tiempo el Conservatorio de M\u00fasica de Bah\u00eda Blanca necesita la ayuda de todos, Estado, Particulares, Comercios, Empresas, etc. para poder volver a abrir las puertas y brindar su oferta educativa como lo viene haciendo desde hace m\u00e1s de 65 a\u00f1os.<\/p>\n\n\n\n<p>Es de p\u00fablico conocimiento que la ciudad de Bah\u00eda Blanca ha sufrido una inundaci\u00f3n in\u00e9dita el 7 de marzo de 2025, en la que nuestra escuela de m\u00fasica se vio afectada por grandes da\u00f1os a nivel edilicio, con p\u00e9rdidas de instrumentos musicales, libros y partituras y recursos en general que, en su gran mayor\u00eda, pertenec\u00edan a la <strong>Asociaci\u00f3n Cooperadora<\/strong> de la instituci\u00f3n.<\/p>\n\n\n\n<p>&#x2139;&#xfe0f; <strong>INFORMACI\u00d3N ONLINE&nbsp; DE LA COOPERADORA ESCOLAR&nbsp; CMBB<\/strong><\/p>\n\n\n\n<p><strong>&#x1f4e7; Correo electr\u00f3nico: <\/strong><a href=\"mailto:cooperadoraconser@gmail.com\">cooperadoraconser@gmail.com<\/a><\/p>\n\n\n\n<p><strong>&#x1f310; Web: <\/strong><a href=\"https:\/\/cbblanca-bue.infd.edu.ar\/sitio\/cooperadora\/\">Asociaci\u00f3n Cooperadora \u2013 Conservatorio de M\u00fasica de Bah\u00eda Blanca<\/a><\/p>\n\n\n\n<p>Campa\u00f1a de socias\/os: <a href=\"https:\/\/cbblanca-bue.infd.edu.ar\/sitio\/campana-de-socias-os\/\">https:\/\/cbblanca-bue.infd.edu.ar\/sitio\/campana-de-socias-os\/<\/a><\/p>\n\n\n\n<p>Asamblea Anual Ordinaria 2026: <a href=\"https:\/\/cbblanca-bue.infd.edu.ar\/sitio\/asamblea-anual-ordinaria\/\"><strong>https:\/\/cbblanca-bue.infd.edu.ar\/sitio\/asamblea-anual-ordinaria\/<\/strong><\/a><\/p>\n\n\n\n<p><strong>&#x1f4aa; L\u00cdNEAS DE ACCI\u00d3N 2026<\/strong><\/p>\n\n\n\n<p><strong>&#x2705; <\/strong>B148&nbsp; Pintura de paredes en el cuarto de guardado de instrumentos EMATP.<\/p>\n\n\n\n<p><strong>&#x2705; <\/strong>L441&nbsp; Pintura de paredes en la oficina nueva&nbsp; de EMATP.<\/p>\n\n\n\n<p><strong>&#x2705; <\/strong>L441&nbsp; Pintura de hall de ingreso.<\/p>\n\n\n\n<p><strong>&#x1f4aa; L\u00cdNEAS DE ACCI\u00d3N Y PLAN PARA LA VUELTA A CLASE Y VUELTA DE LA BIBLIOTECA POST INUNDACI\u00d3N MARZO 2025<\/strong><\/p>\n\n\n\n<p><strong>&#x2705; <\/strong>Compra de un carrito para traslado de recursos de una sede a otra para los EMATP.<\/p>\n\n\n\n<p><strong>&#x2705; <\/strong>Compra del mueble para los instrumentos de taller (del 1\u00b0 piso) y colocaci\u00f3n de cerradura.<\/p>\n\n\n\n<p><strong>&#x2705; <\/strong>Mudanza de instrumentos propios y donados al dep\u00f3sito de la CGT en la calle Chiclana hacia las diferentes sedes.<\/p>\n\n\n\n<p><strong>&#x2705; <\/strong>Reparaci\u00f3n y recuperaci\u00f3n de 4 pianos en la sede de Belgrano 446 afectados por la inundaci\u00f3n del mes de marzo (a cargo del T\u00e9cnico Afinador Pablo Zarranz).<\/p>\n\n\n\n<p><strong>&#x2705; <\/strong>Compra de cajas de fibra negra con el\u00e1stico de 8 cm para el archivo de elementos de la Biblioteca.<\/p>\n\n\n\n<p><strong>&#x2705; <\/strong>Construcci\u00f3n de la pared divisoria en la direcci\u00f3n en sede de Belgrano 148 (para el cuarto de guardado de instrumentos para EMATP).<\/p>\n\n\n\n<p><strong>&#x2705; <\/strong>Mudanza de instrumentos desde el dep\u00f3sito de la CGT a sede Lamadrid&nbsp; y sede Belgrano (Taxiflet)<\/p>\n\n\n\n<p><strong>&#x2705; <\/strong>Reparaci\u00f3n de la impresora de preceptor\u00eda<\/p>\n\n\n\n<p><strong>&#x2705; <\/strong>Compra de dos encordados para Contrabajo<\/p>\n\n\n\n<p><strong>&#x2705; <\/strong>Compra de Instrumentos para los Talleres (Silvani)<\/p>\n\n\n\n<p><strong>&#x2705; <\/strong>Traslados de libros donados para la biblioteca desde las casas de las bibliotecarias hasta el Teatro Municipal (Taxiflet)<\/p>\n\n\n\n<p><strong>&#x2705; <\/strong>Compra de un segundo mueble para instrumentos del tercer piso y colocaci\u00f3n de cerradura<\/p>\n\n\n\n<p><strong>&#x2705; <\/strong>Recuperaci\u00f3n y lavado de cortinas, paneles ac\u00fasticos y espejos de la sede de Belgrano 446, y su colocaci\u00f3n en sede Belgrano 148<\/p>\n\n\n\n<p><strong>&#x2705; <\/strong>Contrataci\u00f3n del servicio de internet para la sede de Belgrano 148<\/p>\n\n\n\n<p><strong>&#x2705; <\/strong>Confecci\u00f3n de 6000 fichas para libros hechas en la imprenta Damiani, para los libros de Biblioteca (a pedido de las Bibliotecarias).<\/p>\n\n\n\n<p><strong>&#x2705; <\/strong>Compra de funda para el Contrabajo<\/p>\n\n\n\n<p><strong>&#x2705; <\/strong>Solicitud del Subsidio Orgullo Escolar de la Municipalidad para las reparaciones de la sede de Belgrano 148<\/p>\n\n\n\n<p><strong>&#x2705; <\/strong>Traslado de mueble donado para guardado de instrumentos, desde la localidad de Monte Hermoso hasta la sede de la EP 18.<\/p>\n\n\n\n<p><strong>&#x2705; <\/strong>Recepci\u00f3n y traslados de pianos Donados a sede Lamadrid y sede de Belgrano 148 (a cargo del t\u00e9cnico Afinador )<\/p>\n\n\n\n<p><strong>&#x2705; <\/strong>Recepci\u00f3n y traslado de las donaciones de: instrumentos, libros, elementos de limpieza (desde los dep\u00f3sitos de los transportes V\u00eda Cargo, Andeani, Correo Argentino, etc.)<\/p>\n\n\n\n<p><strong>&#x2705; <\/strong>Flyers, Compra de llaveros y diplomas para los egresados. Compra de regalos para ser entregados al personal jubilado.<\/p>\n\n\n\n<p><strong>&#x2764;&#xfe0f;\u00bfPOR QU\u00c9 ES IMPORTANTE TENER NUESTRA ASOCIACI\u00d3N COOPERADORA?<\/strong><\/p>\n\n\n\n<p>La tarea que realiza la Cooperadora Escolar es tan importante que sin ella el Conservatorio de M\u00fasica no podr\u00eda funcionar normalmente, mencionamos algunos gastos fijos y tareas que la Cooperadora cubre y realiza desde hace a\u00f1os:<\/p>\n\n\n\n<p><strong>&#x2705;<\/strong> Pago para la programaci\u00f3n, mantenimiento y <em>hosting <\/em>del software \u201cAcademia\u201d (base de datos imprescindible para la labor administrativa diaria dentro de la instituci\u00f3n).<\/p>\n\n\n\n<p><strong>&#x2705; <\/strong>Pago de servicio de internet y mantenimiento de sistemas inform\u00e1ticos, computadoras para uso de directivos, secretarios, profesores y preceptoras.<\/p>\n\n\n\n<p><strong>&#x2705; <\/strong>Compra, instalaci\u00f3n y mantenimiento de alarma.<\/p>\n\n\n\n<p><strong>&#x2705; <\/strong>Compra de elementos de limpieza e higiene.<\/p>\n\n\n\n<p><strong>&#x2705; <\/strong>Compra de elementos de librer\u00eda e insumos para la tarea administrativa.<\/p>\n\n\n\n<p><strong>&#x2705; <\/strong>Cartuchos para las impresoras.<\/p>\n\n\n\n<p><strong>&#x2705; <\/strong>Fotocopias.<\/p>\n\n\n\n<p><strong>&#x2705; <\/strong>Mantenimiento de las sedes (cerraduras, vidrios, etc.). Compra, instalaci\u00f3n y mantenimiento de l\u00e1mparas, tubos fluorescentes, aire acondicionado, etc.<\/p>\n\n\n\n<p><strong>&#x2705; <\/strong>Servicio de Agua de Jubah\u00ed. Alquiler del dispenser de agua caliente y fr\u00eda, y pago de los bidones que se consumen semanalmente. <em>Aclaramos que el agua de la sede Lamadrid no es apta para consumo humano, por tal motivo, es un gasto totalmente necesario.<\/em><\/p>\n\n\n\n<p><strong>&#x2705; <\/strong>Compra de material did\u00e1ctico y material de biblioteca.<\/p>\n\n\n\n<p><strong>&#x2705; <\/strong>Compra, reparaci\u00f3n y mantenimiento de instrumentos musicales utilizados diariamente (guitarras, violines, teclados, etc.), cables, amplificadores, transformadores, encordados, fundas y estuches, etc.<\/p>\n\n\n\n<p><strong>&#x2705; <\/strong>Afinaci\u00f3n constante y puesta a punto de pianos. Traslado, acondicionamiento y afinaci\u00f3n de instrumentos recibidos en donaci\u00f3n.<\/p>\n\n\n\n<p><strong>&#x2705; <\/strong>Apoyo en la gesti\u00f3n de acceso a salas para eventos p\u00fablicos y marketing de la agenda institucional.<\/p>\n\n\n\n<p><strong>&#x2705; <\/strong>Dar y recibir donaciones.<\/p>\n\n\n\n<p><strong>&#x2705; <\/strong>Otros.<\/p>\n\n\n\n<p><strong>ACTUALIZACI\u00d3N Y PARTICIPACI\u00d3N<\/strong><\/p>\n\n\n\n<p>&#x1f331; Este documento se actualizar\u00e1 peri\u00f3dicamente por parte de los miembros de la Cooperadora Escolar CMBB y Colaboradores.<\/p>\n\n\n\n<p><strong>Para enviar sugerencias y aportes:<\/strong> <a href=\"mailto:cooperadoraconser@gmail.com\">cooperadoraconser@gmail.com<\/a> o <a href=\"mailto:conservatoriobblanca@abc.gob.ar\">conservatoriobblanca@abc.gob.ar<\/a><\/p>\n\n\n\n<p><strong>Publicaci\u00f3n:<\/strong> Noviembre de 2025<br><strong>\u00daltima actualizaci\u00f3n:<\/strong> 04.04.26<\/p>\n\n\n\n<p><strong>PI 2026<\/strong><\/p>\n","protected":false},"excerpt":{"rendered":"<p>&#x2764;&#xfe0f; COOPERADORA ESCOLAR INFORME DE GESTI\u00d3N 2026 Conservatorio de M\u00fasica de Bah\u00eda Blanca Proyecto Institucional 2026 En este tiempo el Conservatorio de M\u00fasica de Bah\u00eda Blanca necesita la ayuda de todos, Estado, Particulares, Comercios, Empresas, etc. para poder volver a abrir las puertas y brindar su oferta educativa como lo viene haciendo desde hace m\u00e1s &#8230; <a title=\"Infome de Gesti\u00f3n\" class=\"read-more\" href=\"https:\/\/cbblanca-bue.infd.edu.ar\/sitio\/infome-de-gestion\/\" aria-label=\"More on Infome de Gesti\u00f3n\">[+]<\/a><\/p>\n","protected":false},"author":7456,"featured_media":0,"parent":0,"menu_order":0,"comment_status":"closed","ping_status":"closed","template":"","meta":[],"acf":[],"_links":{"self":[{"href":"https:\/\/cbblanca-bue.infd.edu.ar\/sitio\/wp-json\/wp\/v2\/pages\/4436"}],"collection":[{"href":"https:\/\/cbblanca-bue.infd.edu.ar\/sitio\/wp-json\/wp\/v2\/pages"}],"about":[{"href":"https:\/\/cbblanca-bue.infd.edu.ar\/sitio\/wp-json\/wp\/v2\/types\/page"}],"author":[{"embeddable":true,"href":"https:\/\/cbblanca-bue.infd.edu.ar\/sitio\/wp-json\/wp\/v2\/users\/7456"}],"replies":[{"embeddable":true,"href":"https:\/\/cbblanca-bue.infd.edu.ar\/sitio\/wp-json\/wp\/v2\/comments?post=4436"}],"version-history":[{"count":1,"href":"https:\/\/cbblanca-bue.infd.edu.ar\/sitio\/wp-json\/wp\/v2\/pages\/4436\/revisions"}],"predecessor-version":[{"id":4437,"href":"https:\/\/cbblanca-bue.infd.edu.ar\/sitio\/wp-json\/wp\/v2\/pages\/4436\/revisions\/4437"}],"wp:attachment":[{"href":"https:\/\/cbblanca-bue.infd.edu.ar\/sitio\/wp-json\/wp\/v2\/media?parent=4436"}],"curies":[{"name":"wp","href":"https:\/\/api.w.org\/{rel}","templated":true}]}}