{"id":4432,"date":"2026-04-11T20:07:35","date_gmt":"2026-04-11T23:07:35","guid":{"rendered":"https:\/\/cbblanca-bue.infd.edu.ar\/sitio\/?page_id=4432"},"modified":"2026-04-11T20:26:45","modified_gmt":"2026-04-11T23:26:45","slug":"campana-de-recursos","status":"publish","type":"page","link":"https:\/\/cbblanca-bue.infd.edu.ar\/sitio\/campana-de-recursos\/","title":{"rendered":"Campa\u00f1a de Recursos"},"content":{"rendered":"\n<h1 class=\"wp-block-heading\"><strong>&#x2764;&#xfe0f;\u00bfC\u00d3MO PODEMOS AYUDAR AL CONSERVATORIO?<\/strong><\/h1>\n\n\n\n<p><strong>Conservatorio de M\u00fasica de Bah\u00eda Blanca<\/strong><\/p>\n\n\n\n<p><strong>Proyecto Institucional 2026<\/strong><\/p>\n\n\n\n<p>&#x1f310; En la p\u00e1gina web: <a href=\"https:\/\/cbblanca-bue.infd.edu.ar\/sitio\/cooperadora\/\"><strong>Asociaci\u00f3n Cooperadora \u2013 Conservatorio de M\u00fasica de Bah\u00eda Blanca<\/strong><\/a><\/p>\n\n\n\n<p>Asoci\u00e1ndote a nuestra Cooperadora Escolar.<\/p>\n\n\n\n<p>Participando de la Asamblea Anual Ordinaria 2026.<\/p>\n\n\n\n<p>Donando dinero y recursos a nuestra Cooperadora Escolar.<\/p>\n\n\n\n<p>Donaci\u00f3n de libros del \u00e1rea m\u00fasica y\/o partituras a nuestra Biblioteca.<\/p>\n\n\n\n<p>Ofreciendo tu ayuda o servicios a la instituci\u00f3n.<\/p>\n\n\n\n<p>Coordinando eventos o colectas a beneficio de nuestra Cooperadora Escolar.<\/p>\n\n\n\n<p>Tras la hist\u00f3rica inundaci\u00f3n del 07.03.25, nuestra escuela sufri\u00f3 importantes da\u00f1os edilicios y p\u00e9rdidas materiales, incluyendo instrumentos y recursos provistos durante m\u00e1s de 65 a\u00f1os por la Asociaci\u00f3n Cooperadora CMBB.<br><strong>Hoy necesitamos reconstruir nuestra escuela entre todas\/os.<\/strong><strong><br><\/strong><\/p>\n\n\n\n<p>&#x2705; <strong>\u00bfC\u00d3MO ME ASOCIO A LA COOPERADORA DEL CMBB?<\/strong><\/p>\n\n\n\n<p>En este momento extraordinario, m\u00e1s que nunca, queremos fortalecer nuestra Asociaci\u00f3n Cooperadora. Necesitamos que cada uno de ustedes<strong> est\u00e9n al tanto del trabajo que la cooperadora<\/strong> realiza desde hace m\u00e1s de 65 a\u00f1os, <strong>que sean miembros activos y que inviten a sus compa\u00f1eras\/os a asociarse.<\/strong><\/p>\n\n\n\n<p>&#x1f449; Toda la informaci\u00f3n aqu\u00ed: <a href=\"https:\/\/cbblanca-bue.infd.edu.ar\/sitio\/campana-de-socias-os\/\"><strong>https:\/\/cbblanca-bue.infd.edu.ar\/sitio\/campana-de-socias-os\/<\/strong><\/a><\/p>\n\n\n\n<p><strong>\u00a1Toda\/os pueden asociarse!<\/strong>&nbsp;<\/p>\n\n\n\n<p>&#x2705;<strong> ASAMBLEA ANUAL ORDINARIA &#8211; MAYO 2026 \u00bfPOR QU\u00c9 ES URGENTE PARTICIPAR?<\/strong><\/p>\n\n\n\n<p>Tu participaci\u00f3n activa en la pr\u00f3xima Asamblea es fundamental para sostener este pilar esencial de la comunidad educativa.<\/p>\n\n\n\n<p>&#x1f449; Toda la info para participar aqu\u00ed:<strong> <\/strong><a href=\"https:\/\/cbblanca-bue.infd.edu.ar\/sitio\/asamblea-anual-ordinaria\/\"><strong>https:\/\/cbblanca-bue.infd.edu.ar\/sitio\/asamblea-anual-ordinaria\/<\/strong><\/a><\/p>\n\n\n\n<p><strong>\u00a1Sumate a la pr\u00f3xima asamblea!<\/strong>&nbsp;<\/p>\n\n\n\n<p>&#x2705; <strong>\u00bfC\u00d3MO REALIZO UNA DONACI\u00d3N DE DINERO A LA COOPERADORA ESCOLAR?<\/strong><\/p>\n\n\n\n<p>Las donaciones de dinero se reciben en la cuenta de la Asociaci\u00f3n Cooperadora del Conservatorio. Prestar <strong>atenci\u00f3n<\/strong> al nombre del titular de la cuenta ASOC COOP CONSERV MUSICA, <strong>no tiene que figurar el nombre de un particular.<\/strong><\/p>\n\n\n\n<figure class=\"wp-block-table\"><table><tbody><tr><td>Para: ASOC COOP CONSERV MUSICA<br><strong>Alias: COOP.CONSER.MUSICA<\/strong><br>Tipo: CUENTA CORRIENTE (Bco. Provincia)CBU: 0140305101622900923882CUIL\/CUIT: 33-68804701-9P\u00c1GINA WEB: https:\/\/cbblanca-bue.infd.edu.ar\/sitio\/cooperadora\/<\/td><\/tr><\/tbody><\/table><\/figure>\n\n\n\n<p>&#x2705;<strong> \u00bfC\u00d3MO REALIZO UNA DONACI\u00d3N DE RECURSOS A LA COOPERADORA ESCOLAR?<\/strong><\/p>\n\n\n\n<p>Se reciben donaciones de recursos f\u00edsicos:<\/p>\n\n\n\n<p>Instrumentos musicales, mobiliario, recursos tecnol\u00f3gicos, partituras, libros del \u00e1rea m\u00fasica, as\u00ed como tambi\u00e9n art\u00edculos de oficina y librer\u00eda, etc.<\/p>\n\n\n\n<figure class=\"wp-block-table\"><table><tbody><tr><td>Escribir aqu\u00ed: <a href=\"mailto:donacionrecursosconser@gmail.com\"><strong>donacionrecursosconser@gmail.com<\/strong><\/a><\/td><\/tr><\/tbody><\/table><\/figure>\n\n\n\n<p>Este mail recibir\u00e1 todas las propuestas para ser puestas a consideraci\u00f3n de la Cooperadora Escolar y el personal id\u00f3neo de la instituci\u00f3n, a fin de recibir los donativos que sean de verdadera utilidad para reconstruir nuestra escuela de m\u00fasica. Posteriormente se coordinar\u00e1n los mecanismos para trasladar o recibir el material.<\/p>\n\n\n\n<p>&#x2705;<strong> \u00bfC\u00d3MO REALIZO UNA DONACI\u00d3N DE LIBROS DEL \u00c1REA M\u00daSICA Y PARTITURAS A LA BIBLIOTECA DEL CONSERVATORIO?<\/strong><\/p>\n\n\n\n<p>Se reciben donaciones de libros del \u00e1rea m\u00fasica y partituras.<\/p>\n\n\n\n<figure class=\"wp-block-table\"><table><tbody><tr><td>Escribir aqu\u00ed: <a href=\"mailto:biblioteca@cmbb.edu.ar\"><strong>biblioteca@cmbb.edu.ar<\/strong><\/a><\/td><\/tr><\/tbody><\/table><\/figure>\n\n\n\n<p>Este mail recibir\u00e1 todas las propuestas para ser puestas a consideraci\u00f3n del personal de la Biblioteca del CMBB, a fin de recibir los donativos que sean de verdadera utilidad para reconstruir nuestra escuela de m\u00fasica. Posteriormente se coordinar\u00e1n los mecanismos para trasladar o recibir el material.<\/p>\n\n\n\n<p>&#x2705; <strong>\u00bfC\u00d3MO OFRESCO UNA DONACI\u00d3N DE UN SERVICIO A LA COOPERADORA ESCOLAR?<\/strong><\/p>\n\n\n\n<p>Si lo que nos pueden ofrecer es alg\u00fan tipo de servicio, no duden en contactarnos.<\/p>\n\n\n\n<figure class=\"wp-block-table\"><table><tbody><tr><td>Escribir aqu\u00ed: <a href=\"mailto:donacionrecursosconser@gmail.com\"><strong>donacionrecursosconser@gmail.com<\/strong><\/a><\/td><\/tr><\/tbody><\/table><\/figure>\n\n\n\n<p>Este mail recibir\u00e1 todas las propuestas para ser puestas a consideraci\u00f3n de la Cooperadora Escolar y el personal id\u00f3neo de la instituci\u00f3n, a fin de recibir los donativos que sean de verdadera utilidad para reconstruir nuestra escuela de m\u00fasica. Posteriormente se coordinar\u00e1n los mecanismos para coordinar la acci\u00f3n.<\/p>\n\n\n\n<p>&#x2705; <strong>\u00bfC\u00d3MO COORDINO UN EVENTO O COLECTA A BENEFICIO DE LA COOPERADORA ESCOLAR?<\/strong><\/p>\n\n\n\n<p>Nos interesa estar en contacto con quienes tienen la iniciativa de ayudarnos a trav\u00e9s de eventos y colectas. Queremos trabajar coordinados y dejar un registro de lo acontecido. Les pedimos que se pongan en contacto con la Cooperadora Escolar o la instituci\u00f3n.<\/p>\n\n\n\n<figure class=\"wp-block-table\"><table><tbody><tr><td><strong>CONTACTOS<\/strong><a href=\"mailto:cooperadoraconser@gmail.com\"><strong>cooperadoraconser@gmail.com<\/strong><\/a><a href=\"mailto:conservatoriobblanca@abc.gob.ar\"><strong>conservatoriobblanca@abc.gob.ar<\/strong><\/a><\/td><\/tr><\/tbody><\/table><\/figure>\n\n\n\n<h1 class=\"wp-block-heading\"><strong>&#x1f4e1;\u00a1ESTAMOS EN CONTACTO!<\/strong><\/h1>\n\n\n\n<p>Estamos atentas\/os a todas las sugerencias, ideas o propuestas para participar activamente en la reconstrucci\u00f3n del Conservatorio de M\u00fasica.<\/p>\n\n\n\n<p><a href=\"mailto:cooperadoraconser@gmail.com\"><strong>cooperadoraconser@gmail.com<\/strong><\/a><\/p>\n\n\n\n<p><a href=\"mailto:conservatoriobblanca@abc.gob.ar\"><strong>conservatoriobblanca@abc.gob.ar<\/strong><\/a><\/p>\n\n\n\n<p><strong>&#x1f310; P\u00e1gina web:&nbsp; <\/strong><strong>https:\/\/cbblanca-bue.infd.edu.ar\/sitio\/<\/strong><\/p>\n\n\n\n<p>Muchas gracias por todo el apoyo y solidaridad!<\/p>\n\n\n\n<p>Equipo Directivo CMBB<\/p>\n\n\n\n<p>Asociaci\u00f3n Cooperadora CMBB<\/p>\n","protected":false},"excerpt":{"rendered":"<p>&#x2764;&#xfe0f;\u00bfC\u00d3MO PODEMOS AYUDAR AL CONSERVATORIO? Conservatorio de M\u00fasica de Bah\u00eda Blanca Proyecto Institucional 2026 &#x1f310; En la p\u00e1gina web: Asociaci\u00f3n Cooperadora \u2013 Conservatorio de M\u00fasica de Bah\u00eda Blanca Asoci\u00e1ndote a nuestra Cooperadora Escolar. Participando de la Asamblea Anual Ordinaria 2026. Donando dinero y recursos a nuestra Cooperadora Escolar. Donaci\u00f3n de libros del \u00e1rea m\u00fasica y\/o &#8230; <a title=\"Campa\u00f1a de Recursos\" class=\"read-more\" href=\"https:\/\/cbblanca-bue.infd.edu.ar\/sitio\/campana-de-recursos\/\" aria-label=\"More on Campa\u00f1a de Recursos\">[+]<\/a><\/p>\n","protected":false},"author":7456,"featured_media":0,"parent":0,"menu_order":0,"comment_status":"closed","ping_status":"closed","template":"","meta":[],"acf":[],"_links":{"self":[{"href":"https:\/\/cbblanca-bue.infd.edu.ar\/sitio\/wp-json\/wp\/v2\/pages\/4432"}],"collection":[{"href":"https:\/\/cbblanca-bue.infd.edu.ar\/sitio\/wp-json\/wp\/v2\/pages"}],"about":[{"href":"https:\/\/cbblanca-bue.infd.edu.ar\/sitio\/wp-json\/wp\/v2\/types\/page"}],"author":[{"embeddable":true,"href":"https:\/\/cbblanca-bue.infd.edu.ar\/sitio\/wp-json\/wp\/v2\/users\/7456"}],"replies":[{"embeddable":true,"href":"https:\/\/cbblanca-bue.infd.edu.ar\/sitio\/wp-json\/wp\/v2\/comments?post=4432"}],"version-history":[{"count":2,"href":"https:\/\/cbblanca-bue.infd.edu.ar\/sitio\/wp-json\/wp\/v2\/pages\/4432\/revisions"}],"predecessor-version":[{"id":4434,"href":"https:\/\/cbblanca-bue.infd.edu.ar\/sitio\/wp-json\/wp\/v2\/pages\/4432\/revisions\/4434"}],"wp:attachment":[{"href":"https:\/\/cbblanca-bue.infd.edu.ar\/sitio\/wp-json\/wp\/v2\/media?parent=4432"}],"curies":[{"name":"wp","href":"https:\/\/api.w.org\/{rel}","templated":true}]}}