{"id":4300,"date":"2026-04-01T10:47:26","date_gmt":"2026-04-01T13:47:26","guid":{"rendered":"https:\/\/cbblanca-bue.infd.edu.ar\/sitio\/?page_id=4300"},"modified":"2026-04-06T16:58:38","modified_gmt":"2026-04-06T19:58:38","slug":"noticias-generales","status":"publish","type":"page","link":"https:\/\/cbblanca-bue.infd.edu.ar\/sitio\/noticias-generales\/","title":{"rendered":"Noticias generales"},"content":{"rendered":"\n<p>Este es un espacio pensado para mantenernos informados de manera \u00e1gil, accesible y actualizada. Consideramos que el acceso a la informaci\u00f3n es fundamental para fortalecer la participaci\u00f3n y el compromiso de cada integrante de nuestra comunidad educativa.<\/p>\n\n\n\n<p>En este espacio, el Equipo Directivo y de Conducci\u00f3n del Conservatorio de M\u00fasica de Bah\u00eda Blanca comunicar\u00e1:<\/p>\n\n\n\n<p>&#x2705; Actividades de la agenda institucional (actos, conciertos, capacitaciones, etc.).<\/p>\n\n\n\n<p>&#x2705; Invitaciones y actividades de instituciones amigas.<\/p>\n\n\n\n<p>&#x2705; Efem\u00e9rides, d\u00edas especiales, bienvenidas y despedidas.<\/p>\n\n\n\n<p>&#x2705; Novedades sobre la reconstrucci\u00f3n del Conservatorio, mejoras edilicias y acceso a recursos.<\/p>\n\n\n\n<p>&#x2705; Acciones de participaci\u00f3n organizada de la comunidad educativa (Asociaci\u00f3n Cooperadora Escolar CMBB, comisiones de trabajo, etc.).<\/p>\n\n\n\n<blockquote class=\"wp-block-quote\">\n<p>Invitamos a toda la comunidad educativa (estudiantes, familias, personal docente y no docente) a consultar regularmente este espacio. Estar informados nos permite participar activamente en la vida institucional y fortalecer la filiaci\u00f3n institucional, entendida como el sentido de pertenencia, el compromiso y la construcci\u00f3n colectiva de nuestra comunidad.<\/p>\n<\/blockquote>\n\n\n\n<iframe src=\"https:\/\/docs.google.com\/document\/d\/e\/2PACX-1vT7cvBXEB_JTqun4u8JL98_CXw9RnDq09Awp8_xK-bTWLureLtkaRd1u3JpBo8K9zJ83VARSM7jBIqc\/pub?embedded=true\"height=1200 width=820><\/iframe>\n","protected":false},"excerpt":{"rendered":"<p>Este es un espacio pensado para mantenernos informados de manera \u00e1gil, accesible y actualizada. Consideramos que el acceso a la informaci\u00f3n es fundamental para fortalecer la participaci\u00f3n y el compromiso de cada integrante de nuestra comunidad educativa. En este espacio, el Equipo Directivo y de Conducci\u00f3n del Conservatorio de M\u00fasica de Bah\u00eda Blanca comunicar\u00e1: &#x2705; &#8230; <a title=\"Noticias generales\" class=\"read-more\" href=\"https:\/\/cbblanca-bue.infd.edu.ar\/sitio\/noticias-generales\/\" aria-label=\"More on Noticias generales\">[+]<\/a><\/p>\n","protected":false},"author":5656,"featured_media":0,"parent":0,"menu_order":0,"comment_status":"closed","ping_status":"closed","template":"","meta":[],"acf":[],"_links":{"self":[{"href":"https:\/\/cbblanca-bue.infd.edu.ar\/sitio\/wp-json\/wp\/v2\/pages\/4300"}],"collection":[{"href":"https:\/\/cbblanca-bue.infd.edu.ar\/sitio\/wp-json\/wp\/v2\/pages"}],"about":[{"href":"https:\/\/cbblanca-bue.infd.edu.ar\/sitio\/wp-json\/wp\/v2\/types\/page"}],"author":[{"embeddable":true,"href":"https:\/\/cbblanca-bue.infd.edu.ar\/sitio\/wp-json\/wp\/v2\/users\/5656"}],"replies":[{"embeddable":true,"href":"https:\/\/cbblanca-bue.infd.edu.ar\/sitio\/wp-json\/wp\/v2\/comments?post=4300"}],"version-history":[{"count":4,"href":"https:\/\/cbblanca-bue.infd.edu.ar\/sitio\/wp-json\/wp\/v2\/pages\/4300\/revisions"}],"predecessor-version":[{"id":4343,"href":"https:\/\/cbblanca-bue.infd.edu.ar\/sitio\/wp-json\/wp\/v2\/pages\/4300\/revisions\/4343"}],"wp:attachment":[{"href":"https:\/\/cbblanca-bue.infd.edu.ar\/sitio\/wp-json\/wp\/v2\/media?parent=4300"}],"curies":[{"name":"wp","href":"https:\/\/api.w.org\/{rel}","templated":true}]}}