{"id":4276,"date":"2026-03-27T12:13:57","date_gmt":"2026-03-27T15:13:57","guid":{"rendered":"https:\/\/cbblanca-bue.infd.edu.ar\/sitio\/?page_id=4276"},"modified":"2026-03-30T15:40:13","modified_gmt":"2026-03-30T18:40:13","slug":"cobertura-de-cargos","status":"publish","type":"page","link":"https:\/\/cbblanca-bue.infd.edu.ar\/sitio\/cobertura-de-cargos\/","title":{"rendered":"Cobertura de cargos"},"content":{"rendered":"\n<p>En este espacio, el <strong>Equipo Directivo del Conservatorio de M\u00fasica de Bah\u00eda Blanca<\/strong> comunicar\u00e1 las convocatorias a cargos docentes, cargos docentes de base y cargos jer\u00e1rquicos que se generen durante el ciclo lectivo.<\/p>\n\n\n\n<p>Aqu\u00ed se publicar\u00e1 informaci\u00f3n actualizada sobre:<\/p>\n\n\n\n<p>&#x2705; M\u00f3dulos enviados a APD (Acto P\u00fablico Digital).<\/p>\n\n\n\n<p>&#x2705; M\u00f3dulos enviados a APD (Acto P\u00fablico Digital) con listado de Dif\u00edciles Coberturas vigentes.<\/p>\n\n\n\n<p>&#x2705; Dif\u00edciles Cobertura Disposici\u00f3n 50 2023 para FOBA.<\/p>\n\n\n\n<p>&#x2705; Pr\u00f3ximas Dif\u00edciles Cobertura Disposici\u00f3n 50 2023 para FOBA.<\/p>\n\n\n\n<p>&#x2705; Coberturas de Cargos del Nivel Superior Resoluci\u00f3n 6179 2025.<\/p>\n\n\n\n<p>&#x2705; Pr\u00f3ximas Coberturas de Cargos del Nivel Superior Resoluci\u00f3n 6179 2025.<\/p>\n\n\n\n<p>&#x2705; Pruebas de Selecci\u00f3n a Cargos Jer\u00e1rquicos. Difusi\u00f3n de las convocatorias.<\/p>\n\n\n\n<p>Recomendamos a todas\/os los interesados consultar peri\u00f3dicamente este espacio para mantenerse informados.<\/p>\n\n\n\n<iframe src=\"https:\/\/docs.google.com\/document\/d\/e\/2PACX-1vSTrfkij3gaj3ReW4uq8DfG1HFDZuxSgu7WEhy4HUyUNy7T--IMO43QvpkDtkNjEthUAUc9ElqIwMom\/pub?embedded=true\"height=1200 width=820>><\/iframe>\n","protected":false},"excerpt":{"rendered":"<p>En este espacio, el Equipo Directivo del Conservatorio de M\u00fasica de Bah\u00eda Blanca comunicar\u00e1 las convocatorias a cargos docentes, cargos docentes de base y cargos jer\u00e1rquicos que se generen durante el ciclo lectivo. Aqu\u00ed se publicar\u00e1 informaci\u00f3n actualizada sobre: &#x2705; M\u00f3dulos enviados a APD (Acto P\u00fablico Digital). &#x2705; M\u00f3dulos enviados a APD (Acto P\u00fablico Digital) &#8230; <a title=\"Cobertura de cargos\" class=\"read-more\" href=\"https:\/\/cbblanca-bue.infd.edu.ar\/sitio\/cobertura-de-cargos\/\" aria-label=\"More on Cobertura de cargos\">[+]<\/a><\/p>\n","protected":false},"author":5656,"featured_media":0,"parent":0,"menu_order":0,"comment_status":"closed","ping_status":"closed","template":"","meta":[],"acf":[],"_links":{"self":[{"href":"https:\/\/cbblanca-bue.infd.edu.ar\/sitio\/wp-json\/wp\/v2\/pages\/4276"}],"collection":[{"href":"https:\/\/cbblanca-bue.infd.edu.ar\/sitio\/wp-json\/wp\/v2\/pages"}],"about":[{"href":"https:\/\/cbblanca-bue.infd.edu.ar\/sitio\/wp-json\/wp\/v2\/types\/page"}],"author":[{"embeddable":true,"href":"https:\/\/cbblanca-bue.infd.edu.ar\/sitio\/wp-json\/wp\/v2\/users\/5656"}],"replies":[{"embeddable":true,"href":"https:\/\/cbblanca-bue.infd.edu.ar\/sitio\/wp-json\/wp\/v2\/comments?post=4276"}],"version-history":[{"count":3,"href":"https:\/\/cbblanca-bue.infd.edu.ar\/sitio\/wp-json\/wp\/v2\/pages\/4276\/revisions"}],"predecessor-version":[{"id":4291,"href":"https:\/\/cbblanca-bue.infd.edu.ar\/sitio\/wp-json\/wp\/v2\/pages\/4276\/revisions\/4291"}],"wp:attachment":[{"href":"https:\/\/cbblanca-bue.infd.edu.ar\/sitio\/wp-json\/wp\/v2\/media?parent=4276"}],"curies":[{"name":"wp","href":"https:\/\/api.w.org\/{rel}","templated":true}]}}