{"id":4247,"date":"2026-03-13T13:41:33","date_gmt":"2026-03-13T16:41:33","guid":{"rendered":"https:\/\/cbblanca-bue.infd.edu.ar\/sitio\/?page_id=4247"},"modified":"2026-04-27T09:24:19","modified_gmt":"2026-04-27T12:24:19","slug":"organizacion-institucional","status":"publish","type":"page","link":"https:\/\/cbblanca-bue.infd.edu.ar\/sitio\/organizacion-institucional\/","title":{"rendered":"Organizaci\u00f3n institucional CMBB"},"content":{"rendered":"\n<p>En este espacio, el <strong>Equipo Directivo del Conservatorio de M\u00fasica de Bah\u00eda Blanca<\/strong> comunicar\u00e1 las <strong>modificaciones en la organizaci\u00f3n cotidiana de la instituci\u00f3n<\/strong> que puedan surgir durante el ciclo lectivo.<\/p>\n\n\n\n<p>Aqu\u00ed se publicar\u00e1 informaci\u00f3n actualizada sobre:<\/p>\n\n\n\n<p>&#x2705; <strong>Docentes en uso de licencia por d\u00eda<\/strong><strong><br><\/strong>&#x2705; <strong>C\u00e1tedras sin clases hasta la designaci\u00f3n de un\/a nuevo\/a docente<\/strong><strong><br><\/strong>&#x2705; <strong>C\u00e1tedras que reanudan sus clases tras la designaci\u00f3n de un\/a docente<\/strong><\/p>\n\n\n\n<p>Asimismo, se informar\u00e1n <strong>cambios en el funcionamiento de las sedes<\/strong>, suspensi\u00f3n o reprogramaci\u00f3n de actividades, obras, cortes de servicios, medidas de fuerza gremiales, alertas meteorol\u00f3gicas u otras situaciones que requieran ajustes en la din\u00e1mica habitual del Conservatorio.<\/p>\n\n\n\n<p>Recomendamos a toda la <strong>comunidad educativa<\/strong> (estudiantes, familias, personal docente y no docente) consultar peri\u00f3dicamente este espacio para mantenerse informados.<\/p>\n\n\n\n<p>\u00a1Saludos!<\/p>\n\n\n\n<p>Equipo Directivo y de Conducci\u00f3n CMBB<\/p>\n\n\n\n<iframe src=\"https:\/\/docs.google.com\/document\/d\/e\/2PACX-1vRzBdbWjbQwrAFxCo_QjOGNw-s5d8YKpXrSIJSthQxZ6qudFhWgjQg9X5J5OIn6soyeTs_fuWu0QBkv\/pub?embedded=true\"height=1200 width=820><\/iframe>\n","protected":false},"excerpt":{"rendered":"<p>En este espacio, el Equipo Directivo del Conservatorio de M\u00fasica de Bah\u00eda Blanca comunicar\u00e1 las modificaciones en la organizaci\u00f3n cotidiana de la instituci\u00f3n que puedan surgir durante el ciclo lectivo. Aqu\u00ed se publicar\u00e1 informaci\u00f3n actualizada sobre: &#x2705; Docentes en uso de licencia por d\u00eda&#x2705; C\u00e1tedras sin clases hasta la designaci\u00f3n de un\/a nuevo\/a docente&#x2705; C\u00e1tedras &#8230; <a title=\"Organizaci\u00f3n institucional CMBB\" class=\"read-more\" href=\"https:\/\/cbblanca-bue.infd.edu.ar\/sitio\/organizacion-institucional\/\" aria-label=\"More on Organizaci\u00f3n institucional CMBB\">[+]<\/a><\/p>\n","protected":false},"author":5656,"featured_media":0,"parent":0,"menu_order":0,"comment_status":"closed","ping_status":"closed","template":"","meta":[],"acf":[],"_links":{"self":[{"href":"https:\/\/cbblanca-bue.infd.edu.ar\/sitio\/wp-json\/wp\/v2\/pages\/4247"}],"collection":[{"href":"https:\/\/cbblanca-bue.infd.edu.ar\/sitio\/wp-json\/wp\/v2\/pages"}],"about":[{"href":"https:\/\/cbblanca-bue.infd.edu.ar\/sitio\/wp-json\/wp\/v2\/types\/page"}],"author":[{"embeddable":true,"href":"https:\/\/cbblanca-bue.infd.edu.ar\/sitio\/wp-json\/wp\/v2\/users\/5656"}],"replies":[{"embeddable":true,"href":"https:\/\/cbblanca-bue.infd.edu.ar\/sitio\/wp-json\/wp\/v2\/comments?post=4247"}],"version-history":[{"count":5,"href":"https:\/\/cbblanca-bue.infd.edu.ar\/sitio\/wp-json\/wp\/v2\/pages\/4247\/revisions"}],"predecessor-version":[{"id":4986,"href":"https:\/\/cbblanca-bue.infd.edu.ar\/sitio\/wp-json\/wp\/v2\/pages\/4247\/revisions\/4986"}],"wp:attachment":[{"href":"https:\/\/cbblanca-bue.infd.edu.ar\/sitio\/wp-json\/wp\/v2\/media?parent=4247"}],"curies":[{"name":"wp","href":"https:\/\/api.w.org\/{rel}","templated":true}]}}