{"id":4042,"date":"2025-08-12T17:28:47","date_gmt":"2025-08-12T20:28:47","guid":{"rendered":"https:\/\/cbblanca-bue.infd.edu.ar\/sitio\/?page_id=4042"},"modified":"2026-04-09T11:46:42","modified_gmt":"2026-04-09T14:46:42","slug":"proyecto-institucional","status":"publish","type":"page","link":"https:\/\/cbblanca-bue.infd.edu.ar\/sitio\/proyecto-institucional\/","title":{"rendered":"Proyecto institucional"},"content":{"rendered":"\n<h4 class=\"wp-block-heading\"><strong>PROYECTO INSTITUCIONAL <\/strong> 2026<\/h4>\n\n\n\n<h5 class=\"wp-block-heading\"><strong>EL PI COMO HERRAMIENTA PARA LA MEJORA DE LA CALIDAD ESCOLAR<\/strong><\/h5>\n\n\n\n<p>\u2022 Es la principal herramienta de gesti\u00f3n y planificaci\u00f3n, que integra y da sentido a los procesos de intervenci\u00f3n que se desarrollan en cada escuela y un instrumento orientador de las acciones institucionales en el que la comunidad educativa se convierte en protagonista de la planificaci\u00f3n y del seguimiento de la mejora institucional.<\/p>\n\n\n\n<p>\u2022 Se reconoce como uno de los \u00e1mbitos de mayor concreci\u00f3n de la autonom\u00eda escolar para la mejora de los procesos de ense\u00f1anza y de aprendizaje de los alumnos, de las pr\u00e1cticas docentes y de la gesti\u00f3n institucional.<\/p>\n\n\n\n<p>\u2022 Convoca a trabajar en equipo y a fortalecer la cultura institucional para la mejora permanente de la calidad de la ense\u00f1anza.&nbsp;<\/p>\n\n\n\n<iframe loading=\"lazy\" src=\"https:\/\/docs.google.com\/document\/d\/e\/2PACX-1vRu6ZtYub3MxnYVwQs6gvcKFbYbH-v8f9Omi-JMb_ioRwJG2ScVbF0Sbq0BtMFQ9vCe_HayBtn9EHF1\/pub?embedded=true\" width=\"800\" height=\"1200\"> <center> <\/iframe>\u00bb\n","protected":false},"excerpt":{"rendered":"<p>PROYECTO INSTITUCIONAL 2026 EL PI COMO HERRAMIENTA PARA LA MEJORA DE LA CALIDAD ESCOLAR \u2022 Es la principal herramienta de gesti\u00f3n y planificaci\u00f3n, que integra y da sentido a los procesos de intervenci\u00f3n que se desarrollan en cada escuela y un instrumento orientador de las acciones institucionales en el que la comunidad educativa se convierte &#8230; <a title=\"Proyecto institucional\" class=\"read-more\" href=\"https:\/\/cbblanca-bue.infd.edu.ar\/sitio\/proyecto-institucional\/\" aria-label=\"More on Proyecto institucional\">[+]<\/a><\/p>\n","protected":false},"author":5656,"featured_media":0,"parent":0,"menu_order":0,"comment_status":"closed","ping_status":"closed","template":"","meta":[],"acf":[],"_links":{"self":[{"href":"https:\/\/cbblanca-bue.infd.edu.ar\/sitio\/wp-json\/wp\/v2\/pages\/4042"}],"collection":[{"href":"https:\/\/cbblanca-bue.infd.edu.ar\/sitio\/wp-json\/wp\/v2\/pages"}],"about":[{"href":"https:\/\/cbblanca-bue.infd.edu.ar\/sitio\/wp-json\/wp\/v2\/types\/page"}],"author":[{"embeddable":true,"href":"https:\/\/cbblanca-bue.infd.edu.ar\/sitio\/wp-json\/wp\/v2\/users\/5656"}],"replies":[{"embeddable":true,"href":"https:\/\/cbblanca-bue.infd.edu.ar\/sitio\/wp-json\/wp\/v2\/comments?post=4042"}],"version-history":[{"count":8,"href":"https:\/\/cbblanca-bue.infd.edu.ar\/sitio\/wp-json\/wp\/v2\/pages\/4042\/revisions"}],"predecessor-version":[{"id":4349,"href":"https:\/\/cbblanca-bue.infd.edu.ar\/sitio\/wp-json\/wp\/v2\/pages\/4042\/revisions\/4349"}],"wp:attachment":[{"href":"https:\/\/cbblanca-bue.infd.edu.ar\/sitio\/wp-json\/wp\/v2\/media?parent=4042"}],"curies":[{"name":"wp","href":"https:\/\/api.w.org\/{rel}","templated":true}]}}