{"id":3464,"date":"2023-12-04T10:50:05","date_gmt":"2023-12-04T13:50:05","guid":{"rendered":"https:\/\/cbblanca-bue.infd.edu.ar\/sitio\/?page_id=3464"},"modified":"2025-02-13T13:21:38","modified_gmt":"2025-02-13T16:21:38","slug":"ensamble-de-tango","status":"publish","type":"page","link":"https:\/\/cbblanca-bue.infd.edu.ar\/sitio\/ensamble-de-tango\/","title":{"rendered":"Ensamble de Tango"},"content":{"rendered":"\n<h5 class=\"wp-block-heading\"><strong>A cargo del prof. Nicol\u00e1s Fernandez Vicente<\/strong><\/h5>\n\n\n\n<p><strong>Contacto: <\/strong><a href=\"mailto:nfernandezvicente@abc.gob.ar\">nfernandezvicente@abc.gob.ar<\/a><\/p>\n\n\n\n<pre class=\"wp-block-preformatted\"><strong>Horario<\/strong>: lunes de 20 a 22 - <strong>Lugar<\/strong>: Auditorio, Lamadrid 441 - <strong>Redes sociales<\/strong>: <a rel=\"noreferrer noopener\" href=\"http:\/\/instagram.com\/ensambledetangocmbb\" data-type=\"URL\" data-id=\"instagram.com\/ensambledetangocmbb\" target=\"_blank\">@ensambledetangocmbb<\/a><\/pre>\n\n\n\n<pre class=\"wp-block-preformatted\">Destinado a estudiantes de distintos niveles y estudiantes visitantes.<\/pre>\n\n\n\n<p>El Ensamble de Tango es un espacio institucional del Conservatorio de M\u00fasica que no solo est\u00e1 abierto a todas las formaciones sino tambi\u00e9n a la comunidad en general. En los encuentros se abordan elementos t\u00e9cnicos b\u00e1sicos del g\u00e9nero tango que se ponen en pr\u00e1ctica en ensamble, ya sea a trav\u00e9s de arreglos preparados especialmente para la formaci\u00f3n o de otros construidos de manera grupal, con pautas m\u00ednimas.<\/p>\n\n\n\n<p>Durante el ciclo lectivo, se elabora el repertorio en torno de dos ejes principales: en el sentido de la tradici\u00f3n (repertorio popular) y en el sentido de la actualidad (repertorio de la recuperaci\u00f3n democr\u00e1tica \/ tango del siglo XXI).<\/p>\n\n\n\n<p>Si sos alumno regular del Conser, pod\u00e9s inscribirte en los per\u00edodos correspondientes. Ingres\u00e1 en este enlace y segu\u00ed el instructivo: <a href=\"https:\/\/cbblanca-bue.infd.edu.ar\/sitio\/regulares\/\">https:\/\/cbblanca-bue.infd.edu.ar\/sitio\/regulares\/<\/a><\/p>\n\n\n\n<p>Si ten\u00e9s alg\u00fan inconveniente con la inscripci\u00f3n, envi\u00e1 un mail a <a rel=\"noreferrer noopener\" href=\"mailto:nfernandezvicente@abc.gob.ar\" target=\"_blank\">nfernandezvicente@abc.gob.ar<\/a><\/p>\n\n\n\n<figure class=\"wp-block-embed is-type-video is-provider-youtube wp-block-embed-youtube wp-embed-aspect-16-9 wp-has-aspect-ratio\"><div class=\"wp-block-embed__wrapper\">\n<iframe loading=\"lazy\" title=\"Valsecite (Ana Sof\u00eda Stamponi)\" width=\"1200\" height=\"675\" src=\"https:\/\/www.youtube.com\/embed\/65e2jLuRtC4?list=PL8TssvkvD9atTUe7HRSqSt_Vgsd-RO-lN\" frameborder=\"0\" allow=\"accelerometer; autoplay; clipboard-write; encrypted-media; gyroscope; picture-in-picture; web-share\" referrerpolicy=\"strict-origin-when-cross-origin\" allowfullscreen><\/iframe>\n<\/div><\/figure>\n\n\n\n<h5 class=\"wp-block-heading\">\u00bfQui\u00e9nes pueden inscribirse?<\/h5>\n\n\n\n<ul>\n<li>Estudiantes de la carrera en la que acredita.<\/li>\n\n\n\n<li>Estudiantes con la Formaci\u00f3n B\u00e1sica COMPLETA o de otras carreras en donde no acredita.<\/li>\n\n\n\n<li>Estudiantes con la Formaci\u00f3n B\u00e1sica incompleta o VISITANTES: no se otorga acreditaci\u00f3n ni certificaci\u00f3n, s\u00f3lo contribuye a la formaci\u00f3n personal del que cursa.<\/li>\n<\/ul>\n\n\n\n<h5 class=\"wp-block-heading\"><strong>Requisitos espec\u00edficos de este espacio<\/strong><\/h5>\n\n\n\n<ul>\n<li>Secundario completo.<\/li>\n\n\n\n<li>VISITANTES: esta modalidad est\u00e1 supeditada al cupo de inscripciones y\/o proyecto anual de la materia. Quienes est\u00e9n interesados en participar deber\u00e1n solicitar la inscripci\u00f3n en Jefatura de \u00c1rea.<\/li>\n<\/ul>\n\n\n<div class=\"wp-block-image is-style-default\">\n<figure class=\"aligncenter size-large\"><img decoding=\"async\" loading=\"lazy\" width=\"1900\" height=\"1069\" src=\"https:\/\/cbblanca-bue.infd.edu.ar\/sitio\/wp-content\/uploads\/2023\/12\/IMG-20231130-WA0001-1900x1069.jpg\" alt=\"\" class=\"wp-image-3465\" srcset=\"https:\/\/cbblanca-bue.infd.edu.ar\/sitio\/wp-content\/uploads\/2023\/12\/IMG-20231130-WA0001-1900x1069.jpg 1900w, https:\/\/cbblanca-bue.infd.edu.ar\/sitio\/wp-content\/uploads\/2023\/12\/IMG-20231130-WA0001-1000x563.jpg 1000w, https:\/\/cbblanca-bue.infd.edu.ar\/sitio\/wp-content\/uploads\/2023\/12\/IMG-20231130-WA0001-768x432.jpg 768w, https:\/\/cbblanca-bue.infd.edu.ar\/sitio\/wp-content\/uploads\/2023\/12\/IMG-20231130-WA0001-1536x864.jpg 1536w, https:\/\/cbblanca-bue.infd.edu.ar\/sitio\/wp-content\/uploads\/2023\/12\/IMG-20231130-WA0001-2048x1152.jpg 2048w\" sizes=\"(max-width: 1900px) 100vw, 1900px\" \/><figcaption class=\"wp-element-caption\">Antes de salir a escena durante el concierto de ensambles &#8211; Teatro Municipal, 29 de noviembre de 2023<\/figcaption><\/figure><\/div>","protected":false},"excerpt":{"rendered":"<p>A cargo del prof. Nicol\u00e1s Fernandez Vicente Contacto: nfernandezvicente@abc.gob.ar Horario: lunes de 20 a 22 &#8211; Lugar: Auditorio, Lamadrid 441 &#8211; Redes sociales: @ensambledetangocmbb Destinado a estudiantes de distintos niveles y estudiantes visitantes. El Ensamble de Tango es un espacio institucional del Conservatorio de M\u00fasica que no solo est\u00e1 abierto a todas las formaciones sino &#8230; <a title=\"Ensamble de Tango\" class=\"read-more\" href=\"https:\/\/cbblanca-bue.infd.edu.ar\/sitio\/ensamble-de-tango\/\" aria-label=\"More on Ensamble de Tango\">[+]<\/a><\/p>\n","protected":false},"author":5656,"featured_media":0,"parent":0,"menu_order":0,"comment_status":"closed","ping_status":"closed","template":"","meta":[],"acf":[],"_links":{"self":[{"href":"https:\/\/cbblanca-bue.infd.edu.ar\/sitio\/wp-json\/wp\/v2\/pages\/3464"}],"collection":[{"href":"https:\/\/cbblanca-bue.infd.edu.ar\/sitio\/wp-json\/wp\/v2\/pages"}],"about":[{"href":"https:\/\/cbblanca-bue.infd.edu.ar\/sitio\/wp-json\/wp\/v2\/types\/page"}],"author":[{"embeddable":true,"href":"https:\/\/cbblanca-bue.infd.edu.ar\/sitio\/wp-json\/wp\/v2\/users\/5656"}],"replies":[{"embeddable":true,"href":"https:\/\/cbblanca-bue.infd.edu.ar\/sitio\/wp-json\/wp\/v2\/comments?post=3464"}],"version-history":[{"count":7,"href":"https:\/\/cbblanca-bue.infd.edu.ar\/sitio\/wp-json\/wp\/v2\/pages\/3464\/revisions"}],"predecessor-version":[{"id":3892,"href":"https:\/\/cbblanca-bue.infd.edu.ar\/sitio\/wp-json\/wp\/v2\/pages\/3464\/revisions\/3892"}],"wp:attachment":[{"href":"https:\/\/cbblanca-bue.infd.edu.ar\/sitio\/wp-json\/wp\/v2\/media?parent=3464"}],"curies":[{"name":"wp","href":"https:\/\/api.w.org\/{rel}","templated":true}]}}