{"id":3188,"date":"2023-03-08T14:27:43","date_gmt":"2023-03-08T17:27:43","guid":{"rendered":"https:\/\/cbblanca-bue.infd.edu.ar\/sitio\/?page_id=3188"},"modified":"2026-03-19T10:47:57","modified_gmt":"2026-03-19T13:47:57","slug":"programas-4","status":"publish","type":"page","link":"https:\/\/cbblanca-bue.infd.edu.ar\/sitio\/programas-4\/","title":{"rendered":"PROGRAMAS DE LAS FORMACIONES BASICAS (FOBA)"},"content":{"rendered":"\n<div class=\"wp-block-cover is-light\" style=\"min-height:60px\"><span aria-hidden=\"true\" class=\"wp-block-cover__background has-background-dim\"><\/span><img decoding=\"async\" loading=\"lazy\" width=\"90\" height=\"85\" class=\"wp-block-cover__image-background wp-image-852\" alt=\"\" src=\"https:\/\/cbblanca-bue.infd.edu.ar\/sitio\/wp-content\/uploads\/2018\/08\/construccion3.gif\" style=\"object-position:54% 76%\" data-object-fit=\"cover\" data-object-position=\"54% 76%\"\/><div class=\"wp-block-cover__inner-container\">\n<h6 class=\"wp-block-heading has-text-align-center has-base-3-color has-text-color has-large-font-size\">Sitio en <strong>construcci\u00f3n<\/strong><\/h6>\n<\/div><\/div>\n\n\n\n<h4 class=\"wp-block-heading has-text-align-left\"><strong>Formaci\u00f3n B\u00e1sica para Ni\u00f1os\/as y Preadolescentes (Res 13231\/99)<\/strong><\/h4>\n\n\n\n<iframe src=\"https:\/\/docs.google.com\/document\/d\/e\/2PACX-1vTfJN7oYLQZWTR1ZB4hWLEamM8Evbfoy3C8Z6NuKjUihCZa1KESsQZaSYrhspT50A\/pub?embedded=true\"height=1200 width=820>><\/iframe>\n\n\n\n<h4 class=\"wp-block-heading has-text-align-left\"><strong>Formaci\u00f3n B\u00e1sica de J\u00f3venes y Adultos (Res. 13231\/99)<\/strong><\/h4>\n\n\n\n<iframe src=\"https:\/\/docs.google.com\/document\/d\/e\/2PACX-1vTMd5nnyBziWYyEik0W9dam00wo9xo0v00ZfoRFMOPUT9412OeaqMOk3LFer80Mvw\/pub?embedded=true\"height=1200 width=820>><\/iframe>\n\n\n\n<h4 class=\"wp-block-heading has-text-align-center\">Programas de a\u00f1os anteriores<\/h4>\n\n\n\n<iframe src=\"https:\/\/drive.google.com\/embeddedfolderview?id=0Bz1LRjETkMbLZWstQkhxZ2FVOTQ#list\"style=\"width:100%; height:600px; border:0;\"><\/iframe>\n","protected":false},"excerpt":{"rendered":"<p>Formaci\u00f3n B\u00e1sica para Ni\u00f1os\/as y Preadolescentes (Res 13231\/99) > Formaci\u00f3n B\u00e1sica de J\u00f3venes y Adultos (Res. 13231\/99) > Programas de a\u00f1os anteriores<\/p>\n","protected":false},"author":5656,"featured_media":0,"parent":0,"menu_order":0,"comment_status":"closed","ping_status":"closed","template":"","meta":[],"acf":[],"_links":{"self":[{"href":"https:\/\/cbblanca-bue.infd.edu.ar\/sitio\/wp-json\/wp\/v2\/pages\/3188"}],"collection":[{"href":"https:\/\/cbblanca-bue.infd.edu.ar\/sitio\/wp-json\/wp\/v2\/pages"}],"about":[{"href":"https:\/\/cbblanca-bue.infd.edu.ar\/sitio\/wp-json\/wp\/v2\/types\/page"}],"author":[{"embeddable":true,"href":"https:\/\/cbblanca-bue.infd.edu.ar\/sitio\/wp-json\/wp\/v2\/users\/5656"}],"replies":[{"embeddable":true,"href":"https:\/\/cbblanca-bue.infd.edu.ar\/sitio\/wp-json\/wp\/v2\/comments?post=3188"}],"version-history":[{"count":6,"href":"https:\/\/cbblanca-bue.infd.edu.ar\/sitio\/wp-json\/wp\/v2\/pages\/3188\/revisions"}],"predecessor-version":[{"id":4263,"href":"https:\/\/cbblanca-bue.infd.edu.ar\/sitio\/wp-json\/wp\/v2\/pages\/3188\/revisions\/4263"}],"wp:attachment":[{"href":"https:\/\/cbblanca-bue.infd.edu.ar\/sitio\/wp-json\/wp\/v2\/media?parent=3188"}],"curies":[{"name":"wp","href":"https:\/\/api.w.org\/{rel}","templated":true}]}}