{"id":318,"date":"2016-10-31T14:20:44","date_gmt":"2016-10-31T17:20:44","guid":{"rendered":"https:\/\/cbblanca-bue.infd.edu.ar\/sitio\/?page_id=318"},"modified":"2026-04-10T10:15:20","modified_gmt":"2026-04-10T13:15:20","slug":"contacto","status":"publish","type":"page","link":"https:\/\/cbblanca-bue.infd.edu.ar\/sitio\/contacto\/","title":{"rendered":"CONTACTOS"},"content":{"rendered":"\n<p>Te invitamos a utilizar estos canales para realizar consultas, solicitar informaci\u00f3n o contactarte con las distintas \u00e1reas de la instituci\u00f3n. Nuestro equipo est\u00e1 disponible para brindarte orientaci\u00f3n y acompa\u00f1amiento.<\/p>\n\n\n\n<p>En esta secci\u00f3n encontrar\u00e1s las v\u00edas oficiales de comunicaci\u00f3n del Conservatorio de M\u00fasica de Bah\u00eda Blanca.<\/p>\n\n\n\n<p>Por \u00faltimo, \u00e9sta es la carpetas de la nueva secci\u00f3n CONTACTOS con documento editable:<\/p>\n\n\n\n<p><strong>CONTACTOS: <\/strong><a href=\"https:\/\/drive.google.com\/drive\/folders\/1-DVy88WvNH0ThL7qNS5IbM_EZX_lbmXc?usp=drive_link\"><strong>CONTACTO (documento publicado en la web)<\/strong><\/a><\/p>\n\n\n\n<p class=\"has-text-align-center\"><iframe loading=\"lazy\" src=\"https:\/\/www.google.com\/maps\/d\/u\/0\/embed?mid=1-om2D02oOjTUvNIpAmYE84HPEFmei_E&amp;ehbc=2E312F\" width=\"640\" height=\"480\"><\/iframe><\/p>\n\n\n\n<h2 class=\"wp-block-heading\"><span style=\"color: #008000;\"><strong>Sede Lamadrid 441<\/strong><\/span><\/h2>\n\n\n\n<p>En esta sede se encuentra la Direcci\u00f3n del establecimiento, Secretar\u00eda, &nbsp;Jefaturas de \u00c1rea, administraci\u00f3n de asuntos de alumnos y estudio. El edificio cuenta con 12 aulas para clases, sala multimedia y sal\u00f3n para audiciones. <span style=\"color: #008000;\"><strong>Tel\u00e9fono: (0291) 453-6053<\/strong><\/span><\/p>\n\n\n\n<h2 class=\"wp-block-heading\"><span style=\"color: #0000ff;\"><strong>Sede Belgrano 148<\/strong><\/span><\/h2>\n\n\n\n<p class=\"has-text-color\" style=\"color:#081027\">En esta sede se encuentran 17 aulas, aunque por el momento no se encuentran habilitadas en su totalidad. Aqu\u00ed se realizan, desde el mes de agosto, buena parte de las clases de instrumento y de conjuntos, como tambi\u00e9n algunas materias grupales. <strong>Tel\u00e9fono:&nbsp;(0291) 5171001<\/strong><\/p>\n\n\n\n<h2 class=\"wp-block-heading\"><span style=\"color: #ff0000;\"><strong>Anexo Gral. Paz 387<\/strong><\/span><\/h2>\n\n\n\n<p>Adem\u00e1s, la Escuela N\u00b018<strong>,<\/strong>&nbsp;ubicada en Dorrego y General Paz,&nbsp;presta sus instalaciones al Conservatorio de M\u00fasica a&nbsp;partir de las 17:50 hs. All\u00ed se dictan clases grupales de las distintas carreras y tambi\u00e9n las correspondientes a los instrumentos populares. <span style=\"color: #ff0000;\"><strong>Tel\u00e9fono:&nbsp;(0291) 4522670<\/strong><\/span><\/p>\n\n\n\n<h2 class=\"wp-block-heading\"><span style=\"color: #0000ff;\"><strong>Sede Belgrano 446<\/strong><\/span><\/h2>\n\n\n\n<p>Cerrada hasta nuevo aviso producto de la inundaci\u00f3n del 7 de marzo de 2025.<\/p>\n","protected":false},"excerpt":{"rendered":"<p>Te invitamos a utilizar estos canales para realizar consultas, solicitar informaci\u00f3n o contactarte con las distintas \u00e1reas de la instituci\u00f3n. Nuestro equipo est\u00e1 disponible para brindarte orientaci\u00f3n y acompa\u00f1amiento. En esta secci\u00f3n encontrar\u00e1s las v\u00edas oficiales de comunicaci\u00f3n del Conservatorio de M\u00fasica de Bah\u00eda Blanca. Por \u00faltimo, \u00e9sta es la carpetas de la nueva secci\u00f3n &#8230; <a title=\"CONTACTOS\" class=\"read-more\" href=\"https:\/\/cbblanca-bue.infd.edu.ar\/sitio\/contacto\/\" aria-label=\"More on CONTACTOS\">[+]<\/a><\/p>\n","protected":false},"author":1,"featured_media":0,"parent":0,"menu_order":0,"comment_status":"closed","ping_status":"closed","template":"","meta":[],"acf":[],"_links":{"self":[{"href":"https:\/\/cbblanca-bue.infd.edu.ar\/sitio\/wp-json\/wp\/v2\/pages\/318"}],"collection":[{"href":"https:\/\/cbblanca-bue.infd.edu.ar\/sitio\/wp-json\/wp\/v2\/pages"}],"about":[{"href":"https:\/\/cbblanca-bue.infd.edu.ar\/sitio\/wp-json\/wp\/v2\/types\/page"}],"author":[{"embeddable":true,"href":"https:\/\/cbblanca-bue.infd.edu.ar\/sitio\/wp-json\/wp\/v2\/users\/1"}],"replies":[{"embeddable":true,"href":"https:\/\/cbblanca-bue.infd.edu.ar\/sitio\/wp-json\/wp\/v2\/comments?post=318"}],"version-history":[{"count":20,"href":"https:\/\/cbblanca-bue.infd.edu.ar\/sitio\/wp-json\/wp\/v2\/pages\/318\/revisions"}],"predecessor-version":[{"id":4396,"href":"https:\/\/cbblanca-bue.infd.edu.ar\/sitio\/wp-json\/wp\/v2\/pages\/318\/revisions\/4396"}],"wp:attachment":[{"href":"https:\/\/cbblanca-bue.infd.edu.ar\/sitio\/wp-json\/wp\/v2\/media?parent=318"}],"curies":[{"name":"wp","href":"https:\/\/api.w.org\/{rel}","templated":true}]}}