{"id":3132,"date":"2022-11-25T14:33:16","date_gmt":"2022-11-25T17:33:16","guid":{"rendered":"https:\/\/cbblanca-bue.infd.edu.ar\/sitio\/?page_id=3132"},"modified":"2026-02-25T16:01:13","modified_gmt":"2026-02-25T19:01:13","slug":"regulares","status":"publish","type":"page","link":"https:\/\/cbblanca-bue.infd.edu.ar\/sitio\/regulares\/","title":{"rendered":"Inscripci\u00f3n Regulares"},"content":{"rendered":"\n<h5 class=\"wp-block-heading has-text-color\" style=\"color:#91246f\">FoBa Ni\u00f1os y Preadolescentes \/\/\/ FoBa J\u00f3venes y Adultos \/\/\/ FoBa J\u00f3venes y Adultos Canto L\u00edrico Camar\u00edstico \/\/\/ FoBa J\u00f3venes y Adultos Canto M\u00fasica Popular \/\/\/ FoBa J\u00f3venes y Adultos Instrumento M\u00fasica Popular \/\/\/ Profesorados y Tecnicaturas<\/h5>\n\n\n\n<hr class=\"wp-block-separator has-alpha-channel-opacity\"\/>\n\n\n\n<h3 class=\"wp-block-heading has-accent-color has-text-color\">&#x1f941; ATENCI\u00d3N ESTUDIANTES REGULARES<\/h3>\n\n\n\n<ul class=\"has-medium-font-size\">\n<li>Todos los\/las estudiantes regulares entregan en preceptor\u00eda de sede Lamadrid 441 la documentaci\u00f3n requerida para inscripci\u00f3n detalladas AQU\u00cd:&nbsp;\n<ul>\n<li>Fotocopia de DNI (si no fue entregada al momento del ingreso a la instituci\u00f3n).<\/li>\n\n\n\n<li>Certificado escolaridad (si no fue entregado al momento del ingreso a la instituci\u00f3n).&nbsp;&nbsp;<\/li>\n\n\n\n<li>Constancia de inscripci\u00f3n a materias para el&nbsp;<strong>ciclo lectivo 2026<\/strong>&nbsp;(descargar de Academia Web).<\/li>\n\n\n\n<li>Planilla de inscripci\u00f3n y de salud por duplicado (FOBA&nbsp;<strong>estudiante menor<\/strong>&nbsp;de 18 a\u00f1os o&nbsp;FOBA&nbsp;<strong>estudiante mayor<\/strong>&nbsp;de 18 a\u00f1os o&nbsp;<strong>carreras<\/strong>).<\/li>\n\n\n\n<li><strong>Alumnos menores de 18 a\u00f1os<\/strong>:&nbsp;autorizaci\u00f3n de retiro y&nbsp;autorizaci\u00f3n de uso de imagen.<\/li>\n<\/ul>\n<\/li>\n\n\n\n<li>Es responsabilidad de cada estudiante mayor de 18 a\u00f1os y de los tutores, en el caso de estudiantes menores, tener el&nbsp;<strong>LEGAJO COMPLETO Y ACTUALIZADO<\/strong>.<\/li>\n<\/ul>\n\n\n\n<hr class=\"wp-block-separator has-alpha-channel-opacity\"\/>\n\n\n\n<h3 class=\"wp-block-heading has-text-align-center\">PLANILLAS PARA DESCARGAR<\/h3>\n\n\n\n<h3 class=\"wp-block-heading has-text-align-center\">FoBa Ni\u00f1os y Preadolescentes<\/h3>\n\n\n\n<div class=\"wp-block-buttons is-content-justification-center is-layout-flex wp-container-1\">\n<div class=\"wp-block-button\"><a class=\"wp-block-button__link wp-element-button\" href=\"https:\/\/drive.google.com\/file\/d\/1KRrz6SgGbW3nAq5UPgPN3mGuWLT3W7Fx\/view?usp=drive_link\" target=\"_blank\" rel=\"noreferrer noopener\">DESCARGAR PLANILLA DE INSCRIPCI\u00d3N<\/a><\/div>\n<\/div>\n\n\n\n<div class=\"wp-block-buttons is-content-justification-center is-layout-flex wp-container-2\">\n<div class=\"wp-block-button\"><a class=\"wp-block-button__link wp-element-button\" href=\"https:\/\/drive.google.com\/file\/d\/1BacNSRX4mHrI3A9xUN-Cb4Yk0LAvpvFh\/view?usp=drive_link\" target=\"_blank\" rel=\"noreferrer noopener\">DESCARGAR AUTORIZACI\u00d3N DE RETIRO<\/a><\/div>\n\n\n\n<div class=\"wp-block-button\"><a class=\"wp-block-button__link wp-element-button\" href=\"https:\/\/drive.google.com\/file\/d\/15gpRNZ6rjoqHOyptqThAOdzbN-sFlx0p\/view?usp=drive_link\" target=\"_blank\" rel=\"noreferrer noopener\">DESCARGAR AUTORIZACI\u00d3N DE USO DE IMAGEN<\/a><\/div>\n\n\n\n<div class=\"wp-block-button\"><a class=\"wp-block-button__link wp-element-button\" href=\"https:\/\/drive.google.com\/file\/d\/18bxsbFJX2-T1ZdTxnuaaaw-9c9b1HYaW\/view?usp=drive_link\" target=\"_blank\" rel=\"noreferrer noopener\">DESCARGAR AUTORIZACI\u00d3N GENERAL PARA ACTIVIDADES DURANTE EL CICLO LECTIVO<\/a><\/div>\n<\/div>\n\n\n\n<h3 class=\"wp-block-heading has-text-align-center\">FoBa J\u00f3venes y Adultos Menores de 18 a\u00f1os<\/h3>\n\n\n\n<div class=\"wp-block-buttons is-content-justification-center is-layout-flex wp-container-3\">\n<div class=\"wp-block-button\"><a class=\"wp-block-button__link wp-element-button\" href=\"https:\/\/drive.google.com\/file\/d\/1SJ0Cz16javkmFmt6dB6pk4MbjOZoCFrv\/view?usp=drive_link\" target=\"_blank\" rel=\"noreferrer noopener\">DESCARGAR PLANILLA DE INSCRIPCI\u00d3N<\/a><\/div>\n<\/div>\n\n\n\n<div class=\"wp-block-buttons is-content-justification-center is-layout-flex wp-container-4\">\n<div class=\"wp-block-button\"><a class=\"wp-block-button__link wp-element-button\" href=\"https:\/\/drive.google.com\/file\/d\/1BacNSRX4mHrI3A9xUN-Cb4Yk0LAvpvFh\/view?usp=drive_link\" target=\"_blank\" rel=\"noreferrer noopener\">DESCARGAR AUTORIZACI\u00d3N DE RETIRO<\/a><\/div>\n\n\n\n<div class=\"wp-block-button\"><a class=\"wp-block-button__link wp-element-button\" href=\"https:\/\/drive.google.com\/file\/d\/15gpRNZ6rjoqHOyptqThAOdzbN-sFlx0p\/view?usp=drive_link\" target=\"_blank\" rel=\"noreferrer noopener\">DESCARGAR AUTORIZACI\u00d3N DE USO DE IMAGEN<\/a><\/div>\n\n\n\n<div class=\"wp-block-button\"><a class=\"wp-block-button__link wp-element-button\" href=\"https:\/\/drive.google.com\/file\/d\/18bxsbFJX2-T1ZdTxnuaaaw-9c9b1HYaW\/view?usp=drive_link\" target=\"_blank\" rel=\"noreferrer noopener\">DESCARGAR AUTORIZACI\u00d3N GENERAL PARA ACTIVIDADES DURANTE EL CICLO LECTIVO<\/a><\/div>\n<\/div>\n\n\n\n<h3 class=\"wp-block-heading has-text-align-center\">FoBa J\u00f3venes y Adultos Mayores de 18 a\u00f1os<\/h3>\n\n\n\n<div class=\"wp-block-buttons is-content-justification-center is-layout-flex wp-container-5\">\n<div class=\"wp-block-button\"><a class=\"wp-block-button__link wp-element-button\" href=\"https:\/\/drive.google.com\/file\/d\/17wp8AIAOCxpTVXvltVP9VkqVTIWzN533\/view?usp=drive_link\" target=\"_blank\" rel=\"noreferrer noopener\">DESCARGAR PLANILLA DE INSCRIPCI\u00d3N<\/a><\/div>\n\n\n\n<div class=\"wp-block-button\"><a class=\"wp-block-button__link wp-element-button\" href=\"https:\/\/drive.google.com\/file\/d\/1ZxoCYSSr6uVCJLv7y6uXw6LKS-0Jtg8N\/view?usp=sharing\" target=\"_blank\" rel=\"noreferrer noopener\">DESCARGAR DECLARACI\u00d3N JURADA<\/a><\/div>\n\n\n\n<div class=\"wp-block-button\"><a class=\"wp-block-button__link wp-element-button\" href=\"https:\/\/drive.google.com\/file\/d\/15gpRNZ6rjoqHOyptqThAOdzbN-sFlx0p\/view?usp=drive_link\" target=\"_blank\" rel=\"noreferrer noopener\">DESCARGAR AUTORIZACI\u00d3N DE USO DE IMAGEN<\/a><\/div>\n<\/div>\n\n\n\n<h3 class=\"wp-block-heading has-text-align-center\">Carreras<\/h3>\n\n\n\n<div class=\"wp-block-buttons is-content-justification-center is-layout-flex wp-container-6\">\n<div class=\"wp-block-button\"><a class=\"wp-block-button__link has-text-align-left wp-element-button\" href=\"https:\/\/drive.google.com\/file\/d\/16-B_5zsQyhKkJJNWAdFbdiwVi5wKwFdD\/view?usp=drive_link\" target=\"_blank\" rel=\"noreferrer noopener\">DESCARGAR PLANILLA DE INSCRIPCI\u00d3N<\/a><\/div>\n\n\n\n<div class=\"wp-block-button\"><a class=\"wp-block-button__link wp-element-button\" href=\"https:\/\/drive.google.com\/file\/d\/1ZxoCYSSr6uVCJLv7y6uXw6LKS-0Jtg8N\/view?usp=sharing\" target=\"_blank\" rel=\"noreferrer noopener\">DESCARGAR DECLARACI\u00d3N JURADA<\/a><\/div>\n\n\n\n<div class=\"wp-block-button\"><a class=\"wp-block-button__link wp-element-button\" href=\"https:\/\/drive.google.com\/file\/d\/15gpRNZ6rjoqHOyptqThAOdzbN-sFlx0p\/view?usp=drive_link\" target=\"_blank\" rel=\"noreferrer noopener\">DESCARGAR AUTORIZACI\u00d3N DE USO DE IMAGEN<\/a><\/div>\n<\/div>\n\n\n\n<hr class=\"wp-block-separator has-alpha-channel-opacity\"\/>\n\n\n\n<h3 class=\"wp-block-heading has-text-align-center\"><strong>INSCRIPCI\u00d3N A CURSOS GRUPALES 2026<\/strong><\/h3>\n\n\n\n<h4 class=\"wp-block-heading has-text-align-center\">Todas las formaciones y carreras realizan la inscripci\u00f3n a cursados de <strong>unidades&nbsp;curriculares grupales<\/strong> a trav\u00e9s de <a href=\"https:\/\/conserbb.academia.com.ar\/academia\/academiaweb\/\">Academia web<\/a> <\/h4>\n\n\n\n<h4 class=\"wp-block-heading has-text-align-center\">del <strong>17.11.25 al 18.12.25<\/strong><\/h4>\n\n\n\n<p class=\"has-text-align-center\">Pod\u00e9s acceder a ver los horarios desde la web oficial de Conser:<br><a href=\"https:\/\/cbblanca-bue.infd.edu.ar\/sitio\/horarios-de-materias-grupales\/\">Horarios Formaciones B\u00e1sicas Ni\u00f1os y Preadolescentes, J\u00f3venes y Adultos<\/a><br><a href=\"https:\/\/cbblanca-bue.infd.edu.ar\/sitio\/contactos-y-horarios-de-materias-grupales-2\/\">Horarios Carreras y Tecnicaturas<\/a><\/p>\n\n\n\n<hr class=\"wp-block-separator has-alpha-channel-opacity\"\/>\n\n\n\n<h4 class=\"wp-block-heading has-text-align-center has-accent-color has-text-color\"><strong>Las\/los estudiantes que no pueden realizar la inscripci\u00f3n como estudiantes regulares<\/strong> <strong>a trav\u00e9s de Academia Web<\/strong> <strong>y necesitan inscripci\u00f3n condicional<\/strong> en alg\u00fan espacio curricular cargar\u00e1n sus solicitudes a trav\u00e9s del formulario que corresponda a la formaci\u00f3n o carrera:<\/h4>\n\n\n\n<figure class=\"wp-block-table\"><table><thead><tr><th class=\"has-text-align-center\" data-align=\"center\">SOLICITUD DE INSCRIPCI\u00d3N CONDICIONAL<\/th><\/tr><\/thead><tbody><tr><td class=\"has-text-align-center\" data-align=\"center\"><a href=\"https:\/\/forms.gle\/RE9ugEWfzwBkLGkx6\" target=\"_blank\" rel=\"noreferrer noopener\">Unidades Curriculares De Foba Ni\u00f1os Y Preadolescentes<\/a><\/td><\/tr><tr><td class=\"has-text-align-center\" data-align=\"center\"><a href=\"https:\/\/forms.gle\/oJ52FVmJ1KjJ5Nb3A\" target=\"_blank\" rel=\"noreferrer noopener\">Unidades Curriculares De Foba J\u00f3venes Y Adultos<\/a><\/td><\/tr><tr><td class=\"has-text-align-center\" data-align=\"center\"><a href=\"https:\/\/forms.gle\/xKHDfSDmbHok2gLv9\" target=\"_blank\" rel=\"noreferrer noopener\">Unidades Curriculares De Prof. En M\u00fasica Orientaci\u00f3n Educaci\u00f3n Musical<\/a><\/td><\/tr><tr><td class=\"has-text-align-center\" data-align=\"center\"><a href=\"https:\/\/forms.gle\/rcujSahqS4fguC6S6\" target=\"_blank\" rel=\"noreferrer noopener\">Unidades Curriculares De Prof\/Tecnicat. Instrum\/Canto Instrum-Canto M\u00fasica Popular<\/a><\/td><\/tr><\/tbody><\/table><figcaption class=\"wp-element-caption\">Eleg\u00ed la opci\u00f3n seg\u00fan tu formaci\u00f3n.<\/figcaption><\/figure>\n\n\n\n<hr class=\"wp-block-separator has-alpha-channel-opacity\"\/>\n\n\n\n<h3 class=\"wp-block-heading has-text-align-center\"><strong>\u00a1Atenci\u00f3n! Fechas determinadas para inscribirse en Academia<\/strong> Web<\/h3>\n\n\n\n<h4 class=\"wp-block-heading has-text-align-center has-accent-color has-text-color\"><strong>Unidades curriculares de peque\u00f1os grupos de aprendizaje<\/strong><\/h4>\n\n\n\n<div class=\"wp-block-group has-base-background-color has-background is-layout-constrained\"><div class=\"wp-block-group__inner-container\">\n<h4 class=\"wp-block-heading has-text-align-center has-text-color\" style=\"color:#bf1f1f\"><strong>Superior e Instrumento Arm\u00f3nico<\/strong><\/h4>\n\n\n\n<h5 class=\"wp-block-heading has-text-align-center\"><strong>del 25.11.25 al 28.11.25<\/strong><\/h5>\n\n\n\n<h4 class=\"wp-block-heading has-text-align-center has-text-color\" style=\"color:#b27a00\"><strong>Formaciones B\u00e1sicas&nbsp;Ni\u00f1os y Preadolescentes<\/strong><\/h4>\n\n\n\n<h5 class=\"wp-block-heading has-text-align-center\"><strong>del 03.12.25 al 09.12.25<\/strong><\/h5>\n\n\n\n<h4 class=\"wp-block-heading has-text-align-center has-text-color\" style=\"color:#16820e\"><strong>Formaciones B\u00e1sicas&nbsp;J\u00f3venes y Adultos<\/strong><\/h4>\n\n\n\n<h5 class=\"wp-block-heading has-text-align-center\"><strong>del 03.12.25 al 09.12.25<\/strong><\/h5>\n<\/div><\/div>\n","protected":false},"excerpt":{"rendered":"<p>FoBa Ni\u00f1os y Preadolescentes \/\/\/ FoBa J\u00f3venes y Adultos \/\/\/ FoBa J\u00f3venes y Adultos Canto L\u00edrico Camar\u00edstico \/\/\/ FoBa J\u00f3venes y Adultos Canto M\u00fasica Popular \/\/\/ FoBa J\u00f3venes y Adultos Instrumento M\u00fasica Popular \/\/\/ Profesorados y Tecnicaturas &#x1f941; ATENCI\u00d3N ESTUDIANTES REGULARES PLANILLAS PARA DESCARGAR FoBa Ni\u00f1os y Preadolescentes FoBa J\u00f3venes y Adultos Menores de 18 &#8230; <a title=\"Inscripci\u00f3n Regulares\" class=\"read-more\" href=\"https:\/\/cbblanca-bue.infd.edu.ar\/sitio\/regulares\/\" aria-label=\"More on Inscripci\u00f3n Regulares\">[+]<\/a><\/p>\n","protected":false},"author":5656,"featured_media":0,"parent":0,"menu_order":0,"comment_status":"closed","ping_status":"closed","template":"","meta":[],"acf":[],"_links":{"self":[{"href":"https:\/\/cbblanca-bue.infd.edu.ar\/sitio\/wp-json\/wp\/v2\/pages\/3132"}],"collection":[{"href":"https:\/\/cbblanca-bue.infd.edu.ar\/sitio\/wp-json\/wp\/v2\/pages"}],"about":[{"href":"https:\/\/cbblanca-bue.infd.edu.ar\/sitio\/wp-json\/wp\/v2\/types\/page"}],"author":[{"embeddable":true,"href":"https:\/\/cbblanca-bue.infd.edu.ar\/sitio\/wp-json\/wp\/v2\/users\/5656"}],"replies":[{"embeddable":true,"href":"https:\/\/cbblanca-bue.infd.edu.ar\/sitio\/wp-json\/wp\/v2\/comments?post=3132"}],"version-history":[{"count":33,"href":"https:\/\/cbblanca-bue.infd.edu.ar\/sitio\/wp-json\/wp\/v2\/pages\/3132\/revisions"}],"predecessor-version":[{"id":4240,"href":"https:\/\/cbblanca-bue.infd.edu.ar\/sitio\/wp-json\/wp\/v2\/pages\/3132\/revisions\/4240"}],"wp:attachment":[{"href":"https:\/\/cbblanca-bue.infd.edu.ar\/sitio\/wp-json\/wp\/v2\/media?parent=3132"}],"curies":[{"name":"wp","href":"https:\/\/api.w.org\/{rel}","templated":true}]}}