{"id":2638,"date":"2022-03-03T17:21:11","date_gmt":"2022-03-03T20:21:11","guid":{"rendered":"https:\/\/cbblanca-bue.infd.edu.ar\/sitio\/?page_id=2638"},"modified":"2022-03-14T10:14:06","modified_gmt":"2022-03-14T13:14:06","slug":"ensambles-vocales","status":"publish","type":"page","link":"https:\/\/cbblanca-bue.infd.edu.ar\/sitio\/ensambles-vocales\/","title":{"rendered":"Ensambles vocales"},"content":{"rendered":"\n<h4 class=\"wp-block-heading\"><strong><span class=\"has-inline-color has-luminous-vivid-orange-color\">CORO INSTITUCIONAL \u00abINESTABLE\u00bb<\/span><\/strong><\/h4>\n\n\n\n<p><strong>a cargo del prof. Germ\u00e1n Falcioni<\/strong><\/p>\n\n\n\n<pre class=\"wp-block-preformatted\"><strong>Horario: <\/strong>martes de 20 a 22<strong> - Lugar: <\/strong>aula 2 (auditorio), Lamadrid 441<\/pre>\n\n\n\n<pre class=\"wp-block-preformatted has-medium-font-size\"><strong><span class=\"has-inline-color has-vivid-red-color\">Abierto a alumnos, egresados, profesores y la comunidad.<\/span><\/strong><\/pre>\n\n\n\n<div class=\"wp-block-image\"><figure class=\"alignright size-large is-resized\"><img decoding=\"async\" loading=\"lazy\" src=\"https:\/\/cbblanca-bue.infd.edu.ar\/sitio\/wp-content\/uploads\/2022\/03\/Biblioteca-5-12-21.jpeg\" alt=\"\" class=\"wp-image-2706\" width=\"431\" height=\"209\" srcset=\"https:\/\/cbblanca-bue.infd.edu.ar\/sitio\/wp-content\/uploads\/2022\/03\/Biblioteca-5-12-21.jpeg 878w, https:\/\/cbblanca-bue.infd.edu.ar\/sitio\/wp-content\/uploads\/2022\/03\/Biblioteca-5-12-21-768x374.jpeg 768w\" sizes=\"(max-width: 431px) 100vw, 431px\" \/><figcaption>Audici\u00f3n en la sala de exposiciones de la Biblioteca Rivadavia. <br>5 de diciembre de 2021<\/figcaption><\/figure><\/div>\n\n\n\n<p>Comenz\u00f3 en abril del a\u00f1o 2016 dirigido por el profesor Germ\u00e1n Falcioni, conformado, principalmente, por alumnos de la Formaci\u00f3n B\u00e1sica intensiva del Conservatorio de M\u00fasica.<br>Por el constante recambio de integrantes, debido a horarios de cursada y de ensayo, en el a\u00f1o 2019 adopt\u00f3 su actual nombre, ya que no es estable su formaci\u00f3n. Alguno puede pensar que hace alusi\u00f3n a sus integrantes, o incluso a su director, pero no est\u00e1 comprobado, a\u00fan. <br>Interpreta repertorio de distintos estilos musicales, tanto&nbsp;<em>a capella<\/em>&nbsp;como con acompa\u00f1amiento instrumental, desarrollando las distintas competencias relacionadas con el canto coral y reflexionando sobre la tarea realizada, siempre en un clima ameno, con un disfrute por el quehacer art\u00edstico.<\/p>\n\n\n\n<pre class=\"wp-block-verse has-small-font-size\"><strong><strong>CONSULTAS<\/strong>\n<\/strong>Prof. Germ\u00e1n Falcioni<strong> <a rel=\"noreferrer noopener\" href=\"mailto:germanfalcioni@yahoo.com\" target=\"_blank\">germanfalcioni@yahoo.com<\/a><\/strong><\/pre>\n\n\n\n<hr class=\"wp-block-separator\"\/>\n\n\n\n<h4 class=\"wp-block-heading\"><span class=\"has-inline-color has-luminous-vivid-orange-color\">CORO DE NI\u00d1OS Y NI\u00d1AS<\/span><\/h4>\n\n\n\n<p><strong>a cargo del prof. Favio Ar\u00e9valo<\/strong><\/p>\n\n\n\n<pre class=\"wp-block-preformatted\"><strong>Horario: <\/strong>Mi\u00e9rcoles de 18.15 a 19.45 hs<strong> - Lugar<\/strong>: Escuela n\u00ba 18, Gral Paz 387<\/pre>\n\n\n\n<div class=\"wp-block-image\"><figure class=\"alignleft size-large is-resized\"><img decoding=\"async\" loading=\"lazy\" src=\"https:\/\/cbblanca-bue.infd.edu.ar\/sitio\/wp-content\/uploads\/2022\/03\/coro-ninos.jpeg\" alt=\"\" class=\"wp-image-2703\" width=\"339\" height=\"188\"\/><figcaption>Audici\u00f3n en la Escuela 18<\/figcaption><\/figure><\/div>\n\n\n\n<p>El Coro Institucional de ni\u00f1os se cre\u00f3 sobre fines del 2017 con la idea de promover un espacio para que los mismos puedan integrar y vivenciar lo aprendido en las asignaturas que la Formaci\u00f3n B\u00e1sica les ofrece, intercambiando con otros de su edad, participando de otro tipo de actividad, a la vez que brinda un lugar de contenci\u00f3n, educaci\u00f3n y distracci\u00f3n. En el a\u00f1o 2018 abri\u00f3 sus puertas para que se sumen ni\u00f1os que no sean alumnos del Conservatorio de M\u00fasica.<\/p>\n\n\n\n<p>La finalidad \u00faltima es que el coro brinde a todos los ni\u00f1os que lo integren, sin importar sus cualidades musicales y talentos, la oportunidad de desarrollar su o\u00eddo musical y r\u00edtmico, permiti\u00e9ndo as\u00ed disfrutar del canto coral mientras est\u00e1 logrando un aprendizaje significativo que acompa\u00f1a y potencia su formaci\u00f3n musical.<br><br>Se ha presentado en distintas salas y escenarios de la ciudad como la Biblioteca Pajarita de Papel, el Sal\u00f3n de usos M\u00faltiples del Bah\u00eda blanca Plaza Shopping, el teatro del colegio Mar\u00eda Auxiliadora y la casa de la Cultura dependiente de la UNS<\/p>\n\n\n\n<p>Lo pueden integrar ni\u00f1os y ni\u00f1as mayores de 8 a\u00f1os que sean alumnos o no en nuestro establecimiento. <\/p>\n\n\n\n<pre class=\"wp-block-verse has-small-font-size\"><strong><strong>CONSULTAS<\/strong>\n<\/strong>Prof. Favio Ar\u00e9valo<strong> <a rel=\"noreferrer noopener\" href=\"mailto:fobaconser@gmail.com\" target=\"_blank\">fobaconser@gmail.com<\/a><\/strong><\/pre>\n\n\n\n<p><\/p>\n","protected":false},"excerpt":{"rendered":"<p>CORO INSTITUCIONAL \u00abINESTABLE\u00bb a cargo del prof. Germ\u00e1n Falcioni Horario: martes de 20 a 22 &#8211; Lugar: aula 2 (auditorio), Lamadrid 441 Abierto a alumnos, egresados, profesores y la comunidad. Comenz\u00f3 en abril del a\u00f1o 2016 dirigido por el profesor Germ\u00e1n Falcioni, conformado, principalmente, por alumnos de la Formaci\u00f3n B\u00e1sica intensiva del Conservatorio de M\u00fasica.Por &#8230; <a title=\"Ensambles vocales\" class=\"read-more\" href=\"https:\/\/cbblanca-bue.infd.edu.ar\/sitio\/ensambles-vocales\/\" aria-label=\"More on Ensambles vocales\">[+]<\/a><\/p>\n","protected":false},"author":5656,"featured_media":0,"parent":0,"menu_order":0,"comment_status":"closed","ping_status":"closed","template":"","meta":[],"acf":[],"_links":{"self":[{"href":"https:\/\/cbblanca-bue.infd.edu.ar\/sitio\/wp-json\/wp\/v2\/pages\/2638"}],"collection":[{"href":"https:\/\/cbblanca-bue.infd.edu.ar\/sitio\/wp-json\/wp\/v2\/pages"}],"about":[{"href":"https:\/\/cbblanca-bue.infd.edu.ar\/sitio\/wp-json\/wp\/v2\/types\/page"}],"author":[{"embeddable":true,"href":"https:\/\/cbblanca-bue.infd.edu.ar\/sitio\/wp-json\/wp\/v2\/users\/5656"}],"replies":[{"embeddable":true,"href":"https:\/\/cbblanca-bue.infd.edu.ar\/sitio\/wp-json\/wp\/v2\/comments?post=2638"}],"version-history":[{"count":11,"href":"https:\/\/cbblanca-bue.infd.edu.ar\/sitio\/wp-json\/wp\/v2\/pages\/2638\/revisions"}],"predecessor-version":[{"id":2749,"href":"https:\/\/cbblanca-bue.infd.edu.ar\/sitio\/wp-json\/wp\/v2\/pages\/2638\/revisions\/2749"}],"wp:attachment":[{"href":"https:\/\/cbblanca-bue.infd.edu.ar\/sitio\/wp-json\/wp\/v2\/media?parent=2638"}],"curies":[{"name":"wp","href":"https:\/\/api.w.org\/{rel}","templated":true}]}}