{"id":2630,"date":"2022-03-03T17:08:34","date_gmt":"2022-03-03T20:08:34","guid":{"rendered":"https:\/\/cbblanca-bue.infd.edu.ar\/sitio\/?page_id=2630"},"modified":"2026-05-11T13:01:55","modified_gmt":"2026-05-11T16:01:55","slug":"ensambles-de-guitarra","status":"publish","type":"page","link":"https:\/\/cbblanca-bue.infd.edu.ar\/sitio\/ensambles-de-guitarra\/","title":{"rendered":"Ensambles de guitarra"},"content":{"rendered":"\n<h4 class=\"wp-block-heading\"><strong><span class=\"has-inline-color has-vivid-red-color\">\u00a1Novedad!<\/span>&nbsp;<span class=\"has-inline-color has-vivid-green-cyan-color\">ENSAMBLE DE GUITARRA<\/span><\/strong><\/h4>\n\n\n\n<p><strong>a cargo del prof. Favio Ar\u00e9valo<\/strong><\/p>\n\n\n\n<pre class=\"wp-block-preformatted\"><strong>Horario: <\/strong>lunes de 18.15 a 19.45<strong> - Lugar: <\/strong>EP n.\u00ba 18,&nbsp; Gral. Paz 387<\/pre>\n\n\n\n<pre class=\"wp-block-preformatted has-medium-font-size\">Destinado a alumnos\/as de la <strong><span class=\"has-inline-color has-vivid-red-color\">FOBA ni\u00f1os y preadolescentes<\/span><\/strong>.<\/pre>\n\n\n<div class=\"wp-block-image\">\n<figure class=\"alignright is-resized\"><img decoding=\"async\" loading=\"lazy\" src=\"https:\/\/cbblanca-bue.infd.edu.ar\/sitio\/wp-content\/uploads\/2022\/03\/WhatsApp-Image-2022-03-02-at-4.46.35-PM.jpg\" alt=\"\" class=\"wp-image-2619\" width=\"436\" height=\"219\" srcset=\"https:\/\/cbblanca-bue.infd.edu.ar\/sitio\/wp-content\/uploads\/2022\/03\/WhatsApp-Image-2022-03-02-at-4.46.35-PM.jpg 1280w, https:\/\/cbblanca-bue.infd.edu.ar\/sitio\/wp-content\/uploads\/2022\/03\/WhatsApp-Image-2022-03-02-at-4.46.35-PM-1000x500.jpg 1000w, https:\/\/cbblanca-bue.infd.edu.ar\/sitio\/wp-content\/uploads\/2022\/03\/WhatsApp-Image-2022-03-02-at-4.46.35-PM-768x384.jpg 768w\" sizes=\"(max-width: 436px) 100vw, 436px\" \/><figcaption class=\"wp-element-caption\">Audici\u00f3n en el SUM de la Escuela 18<\/figcaption><\/figure><\/div>\n\n\n<p>El Ensamble de Guitarras del Conservatorio de M\u00fasica surgi\u00f3 como una iniciativa de algunos profesores del \u00e1rea con el fin de enriquecer el trabajo de la c\u00e1tedra, adem\u00e1s de brindar un espacio para que convivan los distintos niveles y las distintas formaciones de alumnos que estudian guitarra en nuestra instituci\u00f3n.<br>En el a\u00f1o 2018 comenzaron los ensayos, las primeras pruebas y los primeros conciertos. El ensamble lo integran alumnos de la formaci\u00f3n b\u00e1sica de ni\u00f1os. En el a\u00f1o 2019 y 2021 se sumaron los alumnos de la formaci\u00f3n b\u00e1sica de adultos y los alumnos de la carrera.<br>Se aborda repertorio de diferentes or\u00edgenes: m\u00fasica cl\u00e1sica, popular, infantil, folclore, tango, etc.<br>Desde su creaci\u00f3n, la agrupaci\u00f3n ha realizado conciertos en diferentes espacios institucionales de la ciudad de Bah\u00eda Blanca: Auditorio del Conservatorio de M\u00fasica, Biblioteca Rivadavia, Sal\u00f3n de Usos M\u00faltiples del Bah\u00eda Blanca Plaza Shopping, escuelas e institutos p\u00fablicos y privados.<br>Participan en el ensamble b\u00e1sicamente alumnos\/as de la formaci\u00f3n b\u00e1sica y carreras, pero se pueden sumar aquellos que deseen y tengan conocimientos m\u00ednimos de la pr\u00e1ctica instrumental de la guitarra. <\/p>\n\n\n\n<pre class=\"wp-block-verse has-small-font-size\"><strong>CONSULTAS<\/strong>\nProf. Favio Ar\u00e9valo &nbsp;<a href=\"mailto:educmusicalconser@gmail.com\" target=\"_blank\" rel=\"noreferrer noopener\">educmusicalconser@gmail.com<\/a><\/pre>\n\n\n\n<figure class=\"wp-block-embed is-type-video is-provider-youtube wp-block-embed-youtube wp-embed-aspect-16-9 wp-has-aspect-ratio\"><div class=\"wp-block-embed__wrapper\">\n<iframe loading=\"lazy\" title=\"Ensamble de Guitarras de Nivel Inicial\" width=\"1200\" height=\"675\" src=\"https:\/\/www.youtube.com\/embed\/7wDVFQqlrf0?feature=oembed\" frameborder=\"0\" allow=\"accelerometer; autoplay; clipboard-write; encrypted-media; gyroscope; picture-in-picture; web-share\" allowfullscreen><\/iframe>\n<\/div><\/figure>\n\n\n\n<hr class=\"wp-block-separator has-css-opacity\"\/>\n\n\n\n<h4 class=\"wp-block-heading\"><strong><span class=\"has-inline-color has-vivid-red-color\">\u00a1Novedad!<\/span>&nbsp;<span class=\"has-inline-color has-vivid-green-cyan-color\">ENSAMBLE DE GUITARRA<\/span><\/strong><\/h4>\n\n\n\n<p><strong>a cargo del prof. Daniel Yuszczuk<\/strong><\/p>\n\n\n\n<pre class=\"wp-block-preformatted\"><strong>Horario: <\/strong>mi\u00e9rcoles de 18 a 19.50<strong> - Lugar: <\/strong>aula 8, sede Lamadrid<\/pre>\n\n\n\n<pre class=\"wp-block-preformatted has-medium-font-size\">Destinado a alumnos\/as de la <strong><span class=\"has-inline-color has-vivid-red-color\">FOBA Adultos<\/span><\/strong>.<\/pre>\n\n\n<div class=\"wp-block-image\">\n<figure class=\"alignleft size-large is-resized\"><img decoding=\"async\" loading=\"lazy\" src=\"https:\/\/cbblanca-bue.infd.edu.ar\/sitio\/wp-content\/uploads\/2022\/05\/WhatsApp-Image-2022-05-06-at-11.15.35-AM-1.jpeg\" alt=\"\" class=\"wp-image-2856\" width=\"424\" height=\"185\" srcset=\"https:\/\/cbblanca-bue.infd.edu.ar\/sitio\/wp-content\/uploads\/2022\/05\/WhatsApp-Image-2022-05-06-at-11.15.35-AM-1.jpeg 1280w, https:\/\/cbblanca-bue.infd.edu.ar\/sitio\/wp-content\/uploads\/2022\/05\/WhatsApp-Image-2022-05-06-at-11.15.35-AM-1-1000x438.jpeg 1000w, https:\/\/cbblanca-bue.infd.edu.ar\/sitio\/wp-content\/uploads\/2022\/05\/WhatsApp-Image-2022-05-06-at-11.15.35-AM-1-768x337.jpeg 768w\" sizes=\"(max-width: 424px) 100vw, 424px\" \/><figcaption class=\"wp-element-caption\">Actuaci\u00f3n en la sala de la Biblioteca Rivadavia. 8 de diciembre de 2021<\/figcaption><\/figure><\/div>\n\n\n<p>Si bien siempre fue costumbre que los alumnos de Guitarra del Conservatorio de M\u00fasica de Bah\u00eda Blanca participen en audiciones organizadas por la c\u00e1tedra, a partir de 2018 se instala la pr\u00e1ctica de reunir en un multitudinario ensamble de guitarras a alumnos de distintos niveles de la Formaci\u00f3n B\u00e1sica de Ni\u00f1os y Preadolescentes (desde los 9 a\u00f1os) para ensayar y participar en audiciones puntuales. A fines de 2021, una vez finalizados los aislamientos y distanciamientos sociales preventivos motivados por la pandemia, todos ansiamos volver a socializar y compartir el placer por tocar guitarra. Tal es as\u00ed que, con motivo de participar en el acto de cierre del ciclo lectivo 2021 que se lleva a cabo en el auditorio de la Asociaci\u00f3n Bernardino Rivadavia, se conforma un gran ensamble en el que a los m\u00e1s chicos se le suman docentes, alumnos de la Formaci\u00f3n B\u00e1sica de J\u00f3venes y Adultos (desde los 14 a\u00f1os) y alumnos del Ciclo Superior del Profesorado de Instrumento (nivel terciario). A partir de este evento, y siguiendo el ejemplo de ensambles de otras formaciones instrumentales que ya cuentan con una trayectoria firme dentro de la instituci\u00f3n, se contempla la necesidad de contar con un espacio semanal, con miras a dar continuidad a la pr\u00e1ctica de tocar en ensamble y aprovechar con m\u00e1s profundidad el aspecto formativo de tocar con otros. Por ese motivo surgen no uno sino tres ensambles de guitarras: el de la Formaci\u00f3n B\u00e1sica de Ni\u00f1os y Preadolescentes -coordinado por el prof. Favio Ar\u00e9valo-, el del Ciclo Superior \u2013coordinado por el prof. Hern\u00e1n Mouro-, y el de la Formaci\u00f3n B\u00e1sica para J\u00f3venes y Adultos \u2013coordinado por el prof. Daniel Yuszczuk. Estos nuevos espacios est\u00e1n destinados a complementar la formaci\u00f3n de las clases habituales de instrumento, ampliar el repertorio abordado como solista o en grupos peque\u00f1os, ensayar, practicar, quiz\u00e1 jugar un poco, propiciar el encuentro, compartir con compa\u00f1eros, realizar presentaciones p\u00fablicas, y un largo etc\u00e9tera.<\/p>\n\n\n\n<pre class=\"wp-block-preformatted has-small-font-size\"><strong>CONSULTAS<\/strong>\nProf. Daniel Yuszczuk &nbsp;\n<a href=\"mailto:dyuszczuk@abc.gob.ar\">dyuszczuk@abc.gob.ar<\/a><\/pre>\n\n\n\n<figure class=\"wp-block-embed is-type-video is-provider-youtube wp-block-embed-youtube wp-embed-aspect-16-9 wp-has-aspect-ratio\"><div class=\"wp-block-embed__wrapper\">\n<iframe loading=\"lazy\" title=\"Ensamble de Guitarras de la Formaci\u00f3n B\u00e1sica\" width=\"1200\" height=\"675\" src=\"https:\/\/www.youtube.com\/embed\/Y8fYM4vLwo8?feature=oembed\" frameborder=\"0\" allow=\"accelerometer; autoplay; clipboard-write; encrypted-media; gyroscope; picture-in-picture; web-share\" allowfullscreen><\/iframe>\n<\/div><\/figure>\n","protected":false},"excerpt":{"rendered":"<p>\u00a1Novedad!&nbsp;ENSAMBLE DE GUITARRA a cargo del prof. Favio Ar\u00e9valo Horario: lunes de 18.15 a 19.45 &#8211; Lugar: EP n.\u00ba 18,&nbsp; Gral. Paz 387 Destinado a alumnos\/as de la FOBA ni\u00f1os y preadolescentes. El Ensamble de Guitarras del Conservatorio de M\u00fasica surgi\u00f3 como una iniciativa de algunos profesores del \u00e1rea con el fin de enriquecer el &#8230; <a title=\"Ensambles de guitarra\" class=\"read-more\" href=\"https:\/\/cbblanca-bue.infd.edu.ar\/sitio\/ensambles-de-guitarra\/\" aria-label=\"More on Ensambles de guitarra\">[+]<\/a><\/p>\n","protected":false},"author":5656,"featured_media":0,"parent":0,"menu_order":0,"comment_status":"closed","ping_status":"closed","template":"","meta":[],"acf":[],"_links":{"self":[{"href":"https:\/\/cbblanca-bue.infd.edu.ar\/sitio\/wp-json\/wp\/v2\/pages\/2630"}],"collection":[{"href":"https:\/\/cbblanca-bue.infd.edu.ar\/sitio\/wp-json\/wp\/v2\/pages"}],"about":[{"href":"https:\/\/cbblanca-bue.infd.edu.ar\/sitio\/wp-json\/wp\/v2\/types\/page"}],"author":[{"embeddable":true,"href":"https:\/\/cbblanca-bue.infd.edu.ar\/sitio\/wp-json\/wp\/v2\/users\/5656"}],"replies":[{"embeddable":true,"href":"https:\/\/cbblanca-bue.infd.edu.ar\/sitio\/wp-json\/wp\/v2\/comments?post=2630"}],"version-history":[{"count":10,"href":"https:\/\/cbblanca-bue.infd.edu.ar\/sitio\/wp-json\/wp\/v2\/pages\/2630\/revisions"}],"predecessor-version":[{"id":5469,"href":"https:\/\/cbblanca-bue.infd.edu.ar\/sitio\/wp-json\/wp\/v2\/pages\/2630\/revisions\/5469"}],"wp:attachment":[{"href":"https:\/\/cbblanca-bue.infd.edu.ar\/sitio\/wp-json\/wp\/v2\/media?parent=2630"}],"curies":[{"name":"wp","href":"https:\/\/api.w.org\/{rel}","templated":true}]}}