{"id":2302,"date":"2021-10-07T11:33:49","date_gmt":"2021-10-07T14:33:49","guid":{"rendered":"https:\/\/cbblanca-bue.infd.edu.ar\/sitio\/?page_id=2302"},"modified":"2025-11-14T11:43:50","modified_gmt":"2025-11-14T14:43:50","slug":"ingreso-2026","status":"publish","type":"page","link":"https:\/\/cbblanca-bue.infd.edu.ar\/sitio\/ingreso-2026\/","title":{"rendered":"INGRESO 2026"},"content":{"rendered":"\n<h3 class=\"wp-block-heading has-accent-color has-text-color\">Se har\u00e1\u00a0<strong>de manera presencial a partir del 18 de noviembre y hasta el 18 de <\/strong>d<strong>iciembre de 2025<\/strong> en sede <strong>Belgrano 148.<\/strong><\/h3>\n\n\n\n<hr class=\"wp-block-separator has-alpha-channel-opacity\"\/>\n\n\n\n<h4 class=\"wp-block-heading\">Ten\u00e9 en cuenta la&nbsp;<strong>documentaci\u00f3n a presentar<\/strong>&nbsp;seg\u00fan el siguiente documento:<\/h4>\n\n\n\n<div class=\"wp-block-file\"><object class=\"wp-block-file__embed\" data=\"https:\/\/cbblanca-bue.infd.edu.ar\/sitio\/wp-content\/uploads\/2025\/03\/DOCUMENTACION-A-PRESENTAR-AL-MOMENTO-DE-LA-MATRICULACION-E-INSCRIPCION.pdf\" type=\"application\/pdf\" style=\"width:100%;height:600px\" aria-label=\"Incrustado de DOCUMENTACION-A-PRESENTAR-AL-MOMENTO-DE-LA-MATRICULACION-E-INSCRIPCION.\"><\/object><a id=\"wp-block-file--media-6b377b1f-10a4-4f47-8a16-9f9beaabd9c1\" href=\"https:\/\/cbblanca-bue.infd.edu.ar\/sitio\/wp-content\/uploads\/2025\/03\/DOCUMENTACION-A-PRESENTAR-AL-MOMENTO-DE-LA-MATRICULACION-E-INSCRIPCION.pdf\">DOCUMENTACION-A-PRESENTAR-AL-MOMENTO-DE-LA-MATRICULACION-E-INSCRIPCION<\/a><a href=\"https:\/\/cbblanca-bue.infd.edu.ar\/sitio\/wp-content\/uploads\/2025\/03\/DOCUMENTACION-A-PRESENTAR-AL-MOMENTO-DE-LA-MATRICULACION-E-INSCRIPCION.pdf\" class=\"wp-block-file__button wp-element-button\" download aria-describedby=\"wp-block-file--media-6b377b1f-10a4-4f47-8a16-9f9beaabd9c1\">Descarga<\/a><\/div>\n\n\n\n<hr class=\"wp-block-separator has-alpha-channel-opacity\"\/>\n\n\n\n<h4 class=\"wp-block-heading\"><mark style=\"background-color:rgba(0, 0, 0, 0)\" class=\"has-inline-color has-luminous-vivid-orange-color\">PREGUNTAS FRECUENTES<\/mark><\/h4>\n\n\n\n<div class=\"wp-block-group has-medium-font-size is-layout-constrained\"><div class=\"wp-block-group__inner-container\">\n<ol type=\"1\" start=\"1\">\n<li><em>\u00bfCon esta fecha de inscripci\u00f3n ya tengo el lugar seguro?<\/em><\/li>\n<\/ol>\n\n\n\n<p><strong>S\u00ed, si llevas todas las planillas requeridas y completas.<\/strong><\/p>\n\n\n\n<ol type=\"1\" start=\"2\">\n<li><em>\u00bfPuedo comprar las planillas en el lugar?<\/em><\/li>\n<\/ol>\n\n\n\n<p><strong>S\u00ed, las planillas las podes descargar por este sitio o comprarlas en la instituci\u00f3n, sede Belgrano 148.<\/strong><\/p>\n\n\n\n<ol type=\"1\" start=\"3\">\n<li><em>\u00bfEn cu\u00e1ntos instrumentos puedo anotarme?<\/em><\/li>\n<\/ol>\n\n\n\n<p><strong>Vas a tener la opci\u00f3n de elegir 2 (dos), indicando prioridad en instrumento y estar\u00e1 sujeto a cupo.<\/strong><\/p>\n\n\n\n<ol type=\"1\" start=\"4\">\n<li><em>\u00bfCu\u00e1ndo tendr\u00e9 el horario de instrumento?<\/em><\/li>\n<\/ol>\n\n\n\n<p><strong>Se estar\u00e1n comunicando por correo en el mes de febrero para asignarte el horario de instrumento de acuerdo con el turno elegido.<\/strong><\/p>\n<\/div><\/div>\n\n\n\n<hr class=\"wp-block-separator has-alpha-channel-opacity\"\/>\n\n\n\n<h1 class=\"wp-block-heading has-text-color\" style=\"color:#701359\"><strong>REQUISITOS DE INGRESO<\/strong><\/h1>\n\n\n\n<h2 class=\"wp-block-heading\"><strong>FORMACI\u00d3N&nbsp;B\u00c1SICA<\/strong><\/h2>\n\n\n\n<p>Ser\u00e1 condici\u00f3n para cada modalidad cumplir con los siguientes requisitos:<\/p>\n\n\n\n<h3 class=\"wp-block-heading\"><strong>Ni\u00f1os y Preadolescentes&nbsp;<\/strong><\/h3>\n\n\n\n<ul>\n<li>Edad m\u00ednima 9 a\u00f1os (cumplidos al 30 de junio).<\/li>\n\n\n\n<li>Tercer a\u00f1o del nivel primario completo.<\/li>\n<\/ul>\n\n\n\n<h3 class=\"wp-block-heading\"><strong>J\u00f3venes y Adultos. Instrumento. Instrumento M\u00fasica Popular<\/strong><\/h3>\n\n\n\n<ul>\n<li>Edad m\u00ednima 14 a\u00f1os (cumplidos al 30 de junio).<\/li>\n\n\n\n<li>Segundo a\u00f1o del nivel secundario completo.<\/li>\n<\/ul>\n\n\n\n<h3 class=\"wp-block-heading\"><strong>J\u00f3venes y adultos. Canto L\u00edrico Camar\u00edstico. Canto M\u00fasica Popular&nbsp;<\/strong><\/h3>\n\n\n\n<ul>\n<li>La inscripci\u00f3n estar\u00e1 sujeta a la entrega del certificado oficial de salud fonoaudiol\u00f3gico hasta el 15 de marzo de 2026.<\/li>\n\n\n\n<li>Edad m\u00ednima: 15 a\u00f1os en mujeres, 16 a\u00f1os en hombres (cumplidos al 30 de junio)<\/li>\n\n\n\n<li>Segundo a\u00f1o del nivel secundario completo.<\/li>\n<\/ul>\n\n\n\n<hr class=\"wp-block-separator has-alpha-channel-opacity\"\/>\n\n\n\n<h4 class=\"wp-block-heading\"><strong>POR&nbsp;CONSULTAS ACAD\u00c9MICAS, ESCRIB\u00cd UN MAIL A TU JEFE DE \u00c1REA<\/strong><\/h4>\n\n\n\n<h5 class=\"wp-block-heading has-accent-color has-text-color\">ASUNTO: ingreso 2026<\/h5>\n\n\n\n<ul>\n<li>FOBA Ni\u00f1os\/as y Preadolescentes: Jefa de \u00c1rea Mar\u00eda Sol Causse&nbsp;<a href=\"mailto:conserciclomedioytaller@gmail.com\" target=\"_blank\" rel=\"noreferrer noopener\">conserciclomedioytaller@gmail.com<\/a><\/li>\n\n\n\n<li>FOBA J\u00f3venes y Adultxs: Jefe de \u00c1rea Fernando Balestra <a href=\"mailto:fobaconser@gmail.com\" target=\"_blank\" rel=\"noreferrer noopener\">fobaconser@gmail.com<\/a><\/li>\n<\/ul>\n","protected":false},"excerpt":{"rendered":"<p>Se har\u00e1\u00a0de manera presencial a partir del 18 de noviembre y hasta el 18 de diciembre de 2025 en sede Belgrano 148. Ten\u00e9 en cuenta la&nbsp;documentaci\u00f3n a presentar&nbsp;seg\u00fan el siguiente documento: PREGUNTAS FRECUENTES S\u00ed, si llevas todas las planillas requeridas y completas. S\u00ed, las planillas las podes descargar por este sitio o comprarlas en la &#8230; <a title=\"INGRESO 2026\" class=\"read-more\" href=\"https:\/\/cbblanca-bue.infd.edu.ar\/sitio\/ingreso-2026\/\" aria-label=\"More on INGRESO 2026\">[+]<\/a><\/p>\n","protected":false},"author":5656,"featured_media":0,"parent":0,"menu_order":0,"comment_status":"closed","ping_status":"closed","template":"","meta":[],"acf":[],"_links":{"self":[{"href":"https:\/\/cbblanca-bue.infd.edu.ar\/sitio\/wp-json\/wp\/v2\/pages\/2302"}],"collection":[{"href":"https:\/\/cbblanca-bue.infd.edu.ar\/sitio\/wp-json\/wp\/v2\/pages"}],"about":[{"href":"https:\/\/cbblanca-bue.infd.edu.ar\/sitio\/wp-json\/wp\/v2\/types\/page"}],"author":[{"embeddable":true,"href":"https:\/\/cbblanca-bue.infd.edu.ar\/sitio\/wp-json\/wp\/v2\/users\/5656"}],"replies":[{"embeddable":true,"href":"https:\/\/cbblanca-bue.infd.edu.ar\/sitio\/wp-json\/wp\/v2\/comments?post=2302"}],"version-history":[{"count":85,"href":"https:\/\/cbblanca-bue.infd.edu.ar\/sitio\/wp-json\/wp\/v2\/pages\/2302\/revisions"}],"predecessor-version":[{"id":4164,"href":"https:\/\/cbblanca-bue.infd.edu.ar\/sitio\/wp-json\/wp\/v2\/pages\/2302\/revisions\/4164"}],"wp:attachment":[{"href":"https:\/\/cbblanca-bue.infd.edu.ar\/sitio\/wp-json\/wp\/v2\/media?parent=2302"}],"curies":[{"name":"wp","href":"https:\/\/api.w.org\/{rel}","templated":true}]}}