{"id":2266,"date":"2021-08-23T12:02:19","date_gmt":"2021-08-23T15:02:19","guid":{"rendered":"https:\/\/cbblanca-bue.infd.edu.ar\/sitio\/?page_id=2266"},"modified":"2025-09-16T15:28:15","modified_gmt":"2025-09-16T18:28:15","slug":"cooperadora","status":"publish","type":"page","link":"https:\/\/cbblanca-bue.infd.edu.ar\/sitio\/cooperadora\/","title":{"rendered":"Asociaci\u00f3n Cooperadora"},"content":{"rendered":"\n<h2 class=\"wp-block-heading has-text-align-center\">Asamblea Anual Ordinaria<\/h2>\n\n\n\n<p class=\"has-text-align-center has-base-background-color has-background has-medium-font-size\">Cuota mensual: $5000.<\/p>\n\n\n\n<h5 class=\"wp-block-heading\">\u00bfPor qu\u00e9 es urgente participar?<\/h5>\n\n\n\n<p>Tras la hist\u00f3rica inundaci\u00f3n del 07.03.25, nuestra escuela sufri\u00f3 importantes da\u00f1os edilicios y p\u00e9rdidas materiales, incluyendo instrumentos y recursos provistos durante m\u00e1s de 60 a\u00f1os por la Asociaci\u00f3n Cooperadora de nuestra instituci\u00f3n.<br>Necesitamos reconstruir nuestra escuela entre todas\/os.<br>Tu participaci\u00f3n activa en la pr\u00f3xima Asamblea es fundamental para sostener este pilar esencial de la comunidad educativa.<\/p>\n\n\n\n<hr class=\"wp-block-separator has-alpha-channel-opacity\"\/>\n\n\n\n<iframe src=\"https:\/\/docs.google.com\/document\/d\/e\/2PACX-1vRLGXF9OXVRqzyKJ2DlSOUHLcz8FJkMNH6egGE5QgwtuN7fJYMQo3dpVvm9vknVZo_Tm2LHnPxTHzcA\/pub?embedded=true\"height=1200 width=820><\/iframe>\n\n\n\n<p>Una&nbsp;Cooperadora Escolar&nbsp;es una <strong>asociaci\u00f3n sin fines de lucro<\/strong> que suma voluntades de todas y todos sus participantes para fomentar, incentivar y articular distintas acciones que aporten a mejorar la calidad de la educaci\u00f3n. <\/p>\n\n\n\n<p>Sus integrantes, que pueden ser familias, estudiantes y ex estudiantes, personal docente y no docente o cualquier otra persona de la comunidad educativa, otorgan su tiempo y compromiso para trabajar por el bienestar de las y los estudiantes.<\/p>\n\n\n\n<p>A trav\u00e9s de una cuota societaria y\/o donaciones, la asociaci\u00f3n realiza aportes que permiten al establecimiento el normal y correcto funcionamiento y el desarrollo de proyectos especiales.<\/p>\n\n\n\n<p>\u00a1<strong>Todas\/os tenemos que sumarnos!<\/strong><\/p>\n\n\n\n<h5 class=\"wp-block-heading\"><strong>COMISI\u00d3N DE LA ASOCIACI\u00d3N COOPERADORA DEL CONSERVATORIO DE M\u00daSICA<\/strong><\/h5>\n\n\n\n<ul>\n<li>Presidente: Nelson Guzm\u00e1n<\/li>\n\n\n\n<li>Secretaria: Mariana Febrero<\/li>\n\n\n\n<li>Tesorera: Mariana Roca<\/li>\n\n\n\n<li>Vocal 1: Mar\u00eda Paz L\u00f3pez<\/li>\n\n\n\n<li>Vocal 2: Yamil Omar<\/li>\n\n\n\n<li>Vocal 3: Evangelina Baronio<\/li>\n\n\n\n<li>Vocal sup. 1: Mari\u00e1ngeles Settimi<\/li>\n\n\n\n<li>Vocal sup. 2: Juli\u00e1n Mansilla<\/li>\n<\/ul>\n\n\n\n<p><strong>COMISI\u00d3N DE LA ASOCIACI\u00d3N COOPERADORA DEL CONSERVATORIO DE M\u00daSICA<\/strong><\/p>\n\n\n\n<ul>\n<li>Titular Docente: Daniela Del Gobbo<\/li>\n\n\n\n<li>Titular: Nicol\u00e1s Leidi<\/li>\n\n\n\n<li>Suplente: Pedro Zanek<\/li>\n\n\n\n<li>Asesor\/a: Roc\u00edo Migueles<\/li>\n<\/ul>\n\n\n\n<p><strong>EMAIL:<\/strong> <a href=\"mailto:cooperadoraconser@gmail.com\">cooperadoraconser@gmail.com<\/a><\/p>\n\n\n\n<h4 class=\"wp-block-heading has-accent-color has-text-color\"><strong>\u00bfC\u00d3MO ME ASOCIO A LA COOPERADORA DEL CMBB?<\/strong><\/h4>\n\n\n\n<blockquote class=\"wp-block-quote is-style-large\">\n<p>Record\u00e1 que gracias a tu aporte es posible la compra y mantenimiento de instrumentos, la tinta y el papel para las impresoras y muchas otras cosas imprescindibles para el funcionamiento de Conservatorio.<\/p>\n\n\n\n<h4 class=\"wp-block-heading has-text-align-center has-base-3-color has-text-color has-background\" style=\"background-color:#288f53\">Ahora pod\u00e9s abonar la cuota por transferencia bancaria<\/h4>\n<\/blockquote>\n\n\n\n<blockquote class=\"wp-block-quote has-text-align-center\">\n<p class=\"has-text-align-center has-medium-font-size\"><strong>CUOTA MENSUAL<\/strong>: <strong>$5000<\/strong><br>SOCIO ADHERENTE: $1000<\/p>\n<cite>*Quedan eximidos de la actualizaci\u00f3n del pago quienes ya lo hayan abonado en forma anual.<\/cite><\/blockquote>\n\n\n\n<h4 class=\"wp-block-heading has-text-align-center\">Alias<\/h4>\n\n\n\n<p class=\"has-text-align-center has-medium-font-size\">coop.conser.musica<\/p>\n\n\n\n<h4 class=\"wp-block-heading has-text-align-center\">CBU<\/h4>\n\n\n\n<p class=\"has-text-align-center has-medium-font-size\">0140305101622900923882<\/p>\n\n\n\n<p class=\"has-text-align-center has-medium-font-size\">Enviar comprobante a <a rel=\"noreferrer noopener\" href=\"mailto:cooperadoraconser@gmail.com\" target=\"_blank\">cooperadoraconser@gmail.com<\/a> o por WhatsApp a 2914122782 (Clelia Pinedo &#8211; cobradora)<\/p>\n\n\n\n<hr class=\"wp-block-separator has-css-opacity\"\/>\n\n\n\n<h4 class=\"wp-block-heading has-accent-color has-text-color\"><strong>\u00bfPOR QU\u00c9 ES IMPORTANTE TENER NUESTRA ASOCIACI\u00d3N COOPERADORA?<\/strong><\/h4>\n\n\n\n<p>La tarea que realiza es tan importante que sin ella el Conservatorio de M\u00fasica no podr\u00eda funcionar normalmente, mencionamos entre otras:<\/p>\n\n\n\n<ul>\n<li>Compra, reparaci\u00f3n y mantenimiento de instrumentos musicales utilizados diariamente (guitarras, violines, teclados, etc.), cables, amplificadores, transformadores, encordados, fundas y estuches, etc.<\/li>\n\n\n\n<li>Afinaci\u00f3n constante y puesta a punto de pianos. Traslado, acondicionamiento y afinaci\u00f3n de instrumentos recibidos en donaci\u00f3n.<\/li>\n\n\n\n<li>Compra de material did\u00e1ctico y material de biblioteca.<\/li>\n\n\n\n<li>Apoyo en la gesti\u00f3n de acceso a salas para eventos p\u00fablicos y marketing de la agenda institucional.<\/li>\n\n\n\n<li>Pago para la programaci\u00f3n, mantenimiento y <em>hosting <\/em>del software \u201cAcademia\u201d (base de datos imprescindible para la labor administrativa diaria dentro de la instituci\u00f3n).<\/li>\n\n\n\n<li>Pago de servicio de internet y mantenimiento de sistemas inform\u00e1ticos, computadoras para uso de directivos, secretarios, profesores y preceptoras.<\/li>\n\n\n\n<li>Compra de elementos de librer\u00eda e insumos para la tarea administrativa.<\/li>\n\n\n\n<li>Compra de productos de limpieza e higiene.<\/li>\n\n\n\n<li>Compra, instalaci\u00f3n y mantenimiento de c\u00e1maras de seguridad y alarma.<\/li>\n\n\n\n<li>Compra, instalaci\u00f3n y mantenimiento de l\u00e1mparas, tubos fluorescentes, aire acondicionado, etc.<\/li>\n\n\n\n<li>Alquiler del dispenser de agua caliente y fr\u00eda, y pago de los bidones que se consumen semanalmente. <em>Aclaramos que el agua de la sede Lamadrid no es apta para consumo humano, por tal motivo, es un gasto totalmente necesario.<\/em><\/li>\n\n\n\n<li>Dar y recibir donaciones.<\/li>\n\n\n\n<li>Otros.<\/li>\n<\/ul>\n\n\n\n<hr class=\"wp-block-separator has-alpha-channel-opacity\"\/>\n\n\n\n<blockquote class=\"wp-block-quote\">\n<h5 class=\"wp-block-heading\"><strong>SITUACI\u00d3N ACTUAL<\/strong><\/h5>\n\n\n\n<p>Los socios han disminuido dr\u00e1sticamente, <strong>pre-pandemia 950 socios<\/strong>, <strong>actualmente 30 socios<\/strong>. Hoy m\u00e1s que nunca el Conservatorio de M\u00fasica necesita que todos asumamos el compromiso y colaboremos para que la Asociaci\u00f3n Cooperadora pueda seguir adelante con su valios\u00edsima labor.<\/p>\n\n\n\n<p>Agradecemos la acci\u00f3n fundamental y el trabajo <em>ad honorem<\/em> que realiza la Asociaci\u00f3n Cooperadora para sostener el funcionamiento del Conservatorio de M\u00fasica y la colaboraci\u00f3n voluntaria de todos los asociados. <strong>\u00a1Todas\/os podemos y debemos sumarnos!<\/strong><\/p>\n<\/blockquote>\n\n\n\n<p><\/p>\n","protected":false},"excerpt":{"rendered":"<p>Asamblea Anual Ordinaria Cuota mensual: $5000. \u00bfPor qu\u00e9 es urgente participar? Tras la hist\u00f3rica inundaci\u00f3n del 07.03.25, nuestra escuela sufri\u00f3 importantes da\u00f1os edilicios y p\u00e9rdidas materiales, incluyendo instrumentos y recursos provistos durante m\u00e1s de 60 a\u00f1os por la Asociaci\u00f3n Cooperadora de nuestra instituci\u00f3n.Necesitamos reconstruir nuestra escuela entre todas\/os.Tu participaci\u00f3n activa en la pr\u00f3xima Asamblea es &#8230; <a title=\"Asociaci\u00f3n Cooperadora\" class=\"read-more\" href=\"https:\/\/cbblanca-bue.infd.edu.ar\/sitio\/cooperadora\/\" aria-label=\"More on Asociaci\u00f3n Cooperadora\">[+]<\/a><\/p>\n","protected":false},"author":5656,"featured_media":0,"parent":0,"menu_order":0,"comment_status":"closed","ping_status":"closed","template":"","meta":[],"acf":[],"_links":{"self":[{"href":"https:\/\/cbblanca-bue.infd.edu.ar\/sitio\/wp-json\/wp\/v2\/pages\/2266"}],"collection":[{"href":"https:\/\/cbblanca-bue.infd.edu.ar\/sitio\/wp-json\/wp\/v2\/pages"}],"about":[{"href":"https:\/\/cbblanca-bue.infd.edu.ar\/sitio\/wp-json\/wp\/v2\/types\/page"}],"author":[{"embeddable":true,"href":"https:\/\/cbblanca-bue.infd.edu.ar\/sitio\/wp-json\/wp\/v2\/users\/5656"}],"replies":[{"embeddable":true,"href":"https:\/\/cbblanca-bue.infd.edu.ar\/sitio\/wp-json\/wp\/v2\/comments?post=2266"}],"version-history":[{"count":50,"href":"https:\/\/cbblanca-bue.infd.edu.ar\/sitio\/wp-json\/wp\/v2\/pages\/2266\/revisions"}],"predecessor-version":[{"id":4065,"href":"https:\/\/cbblanca-bue.infd.edu.ar\/sitio\/wp-json\/wp\/v2\/pages\/2266\/revisions\/4065"}],"wp:attachment":[{"href":"https:\/\/cbblanca-bue.infd.edu.ar\/sitio\/wp-json\/wp\/v2\/media?parent=2266"}],"curies":[{"name":"wp","href":"https:\/\/api.w.org\/{rel}","templated":true}]}}