{"id":2253,"date":"2021-08-02T11:27:30","date_gmt":"2021-08-02T14:27:30","guid":{"rendered":"https:\/\/cbblanca-bue.infd.edu.ar\/sitio\/?page_id=2253"},"modified":"2024-09-12T11:42:45","modified_gmt":"2024-09-12T14:42:45","slug":"becas","status":"publish","type":"page","link":"https:\/\/cbblanca-bue.infd.edu.ar\/sitio\/becas\/","title":{"rendered":"BECAS"},"content":{"rendered":"\n<p class=\"has-vivid-cyan-blue-color has-text-color has-large-font-size\"><strong>PROGRESAR<\/strong><\/p>\n\n\n\n<pre class=\"wp-block-verse has-text-align-center has-medium-font-size\">Apertura del segundo per\u00edodo de inscripci\u00f3n para las l\u00edneas Progresar Obligatorio y Progresar Superior <strong>desde el 5 hasta el 30 de septiembre<\/strong>\n\nLa l\u00ednea Progresar Trabajo continuar\u00e1 abierta hasta el 30 de noviembre. Asimismo, les informamos que el Ministerio de Capital Humano, a trav\u00e9s de la Secretar\u00eda de Educaci\u00f3n, ha incrementado el valor de las becas Progresar en un 75 %. A partir de septiembre, la cuota mensual ser\u00e1 de $35.000, brindando un mayor apoyo a los j\u00f3venes en su trayectoria educativa.<\/pre>\n\n\n\n<h4 class=\"wp-block-heading has-text-align-center\"><a href=\"https:\/\/drive.google.com\/drive\/folders\/14chTBMiVhJgOONyqLnGRlZqFgQEU42iA?usp=sharing\" data-type=\"URL\" data-id=\"https:\/\/drive.google.com\/file\/d\/1YHE2l0sRW7OvF1xuhhZqJKR4bMh2VG6i\/view?usp=drive_link\" target=\"_blank\" rel=\"noreferrer noopener\">Consult\u00e1 el tutorial de inscripci\u00f3n a Progresar Superior cliqueando aqu\u00ed<\/a><\/h4>\n\n\n\n<p class=\"has-text-align-center has-medium-font-size\" id=\"block-e7804123-45af-4a7b-880d-f56c0f67c847\"><strong><a href=\"https:\/\/www.argentina.gob.ar\/noticias\/capital-humano-anuncia-el-aumento-de-las-becas-progresar-en-un-75\" target=\"_blank\" rel=\"noreferrer noopener\">+ info<\/a><\/strong><\/p>\n","protected":false},"excerpt":{"rendered":"<p>PROGRESAR Apertura del segundo per\u00edodo de inscripci\u00f3n para las l\u00edneas Progresar Obligatorio y Progresar Superior desde el 5 hasta el 30 de septiembre La l\u00ednea Progresar Trabajo continuar\u00e1 abierta hasta el 30 de noviembre. Asimismo, les informamos que el Ministerio de Capital Humano, a trav\u00e9s de la Secretar\u00eda de Educaci\u00f3n, ha incrementado el valor de &#8230; <a title=\"BECAS\" class=\"read-more\" href=\"https:\/\/cbblanca-bue.infd.edu.ar\/sitio\/becas\/\" aria-label=\"More on BECAS\">[+]<\/a><\/p>\n","protected":false},"author":5656,"featured_media":3762,"parent":0,"menu_order":0,"comment_status":"closed","ping_status":"closed","template":"","meta":[],"acf":[],"_links":{"self":[{"href":"https:\/\/cbblanca-bue.infd.edu.ar\/sitio\/wp-json\/wp\/v2\/pages\/2253"}],"collection":[{"href":"https:\/\/cbblanca-bue.infd.edu.ar\/sitio\/wp-json\/wp\/v2\/pages"}],"about":[{"href":"https:\/\/cbblanca-bue.infd.edu.ar\/sitio\/wp-json\/wp\/v2\/types\/page"}],"author":[{"embeddable":true,"href":"https:\/\/cbblanca-bue.infd.edu.ar\/sitio\/wp-json\/wp\/v2\/users\/5656"}],"replies":[{"embeddable":true,"href":"https:\/\/cbblanca-bue.infd.edu.ar\/sitio\/wp-json\/wp\/v2\/comments?post=2253"}],"version-history":[{"count":11,"href":"https:\/\/cbblanca-bue.infd.edu.ar\/sitio\/wp-json\/wp\/v2\/pages\/2253\/revisions"}],"predecessor-version":[{"id":3763,"href":"https:\/\/cbblanca-bue.infd.edu.ar\/sitio\/wp-json\/wp\/v2\/pages\/2253\/revisions\/3763"}],"wp:featuredmedia":[{"embeddable":true,"href":"https:\/\/cbblanca-bue.infd.edu.ar\/sitio\/wp-json\/wp\/v2\/media\/3762"}],"wp:attachment":[{"href":"https:\/\/cbblanca-bue.infd.edu.ar\/sitio\/wp-json\/wp\/v2\/media?parent=2253"}],"curies":[{"name":"wp","href":"https:\/\/api.w.org\/{rel}","templated":true}]}}