{"id":2161,"date":"2021-06-11T12:37:51","date_gmt":"2021-06-11T15:37:51","guid":{"rendered":"https:\/\/cbblanca-bue.infd.edu.ar\/sitio\/?page_id=2161"},"modified":"2023-03-29T16:02:59","modified_gmt":"2023-03-29T19:02:59","slug":"edi","status":"publish","type":"page","link":"https:\/\/cbblanca-bue.infd.edu.ar\/sitio\/edi\/","title":{"rendered":"Espacios de Definici\u00f3n Institucional (EDI)"},"content":{"rendered":"<p><\/p>\n<h1 class=\"has-vivid-cyan-blue-color has-text-color wp-block-heading\"><span class=\"has-inline-color has-vivid-cyan-blue-color\">Espacios de Definici\u00f3n Institucional (EDI)<\/span><\/h1>\n<h2 class=\"has-vivid-cyan-blue-color has-text-color\"><span class=\"has-inline-color has-vivid-cyan-blue-color\" style=\"color: #0000ff;\">CARACTER\u00cdSTICAS GENERALES DE LOS ESPACIOS DE DEFINICI\u00d3N INSTITUCIONAL<\/span><\/h2>\n<p>\n\n<\/p>\n<ul class=\"has-medium-font-size\">\n<li>La cursada es ANUAL (64 horas).<\/li>\n<li>La modalidad de acreditaci\u00f3n es siempre por PROMOCI\u00d3N DIRECTA. Se acredita con EXAMEN FINAL si se pierde la promoci\u00f3n.<\/li>\n<li>NO presenta correlatividades; se puede adelantar la cursada, pero no postergarla. Estas materias son requisito para completar cada nivel, se debe acreditar al menos una por nivel. Se considera \u201ca\u00f1o completo\u201d a todas las materias acreditadas <em>m\u00e1s el EDI<\/em>.<\/li>\n<li>NO se puede rendir libre.<\/li>\n<li>NO se puede solicitar equivalencia. <strong>Excepci\u00f3n<\/strong>: solo podr\u00e1n solicitar equivalencia del EDI \u201cComprensi\u00f3n y Producci\u00f3n de Discursos\u201d alumnos y alumnas que cuenten con titulo docente.<\/li>\n<\/ul>\n<p>\n\n<\/p>\n<pre class=\"wp-block-preformatted has-medium-font-size\"><span class=\"has-inline-color has-vivid-red-color\">&#x26a0;&#xfe0f; <strong>Atenci\u00f3n<\/strong> <\/span>\nEDI significa \u201cEspacio de Definici\u00f3n Institucional\u201d, diferente de EIA que significa \u201cEspacio Institucional Alternativo\u201d. <strong>No deben confundirse estas dos propuestas institucionales.<\/strong><\/pre>\n<p>\n\n<\/p>\n<h2 class=\"wp-block-heading\"><span style=\"color: #0000ff;\">CARGA HORARIA SEG\u00daN DISE\u00d1O CURRICULAR<\/span><\/h2>\n<p>\n\n<\/p>\n<ul>\n<li>Profesorado en M\u00fasica (orientaci\u00f3n EDUCADOR MUSICAL):\u00a0<strong>4 EDIs (256 hs.)<\/strong><\/li>\n<li>Profesorado y Tecnicaturas (orientaci\u00f3n INSTRUMENTO):\u00a0<strong>3 EDIs (192 hs.)<\/strong><\/li>\n<li>Profesorado y Tecnicaturas (orientaci\u00f3n INSTRUMENTO\/CANTO M\u00fasica Popular):\u00a0<strong>3 EDIs (192 hs.)<\/strong><\/li>\n<li>Profesorado y Tecnicaturas (orientaci\u00f3n CANTO):\u00a0<strong>6 EDIs (384 hs.)<\/strong><\/li>\n<\/ul>\n<p>\n\n<\/p>\n<h2 class=\"wp-block-heading\"><span style=\"color: #0000ff;\">INFORMACI\u00d3N GENERAL<\/span><\/h2>\n<p>\n\n<\/p>\n<h3 class=\"wp-block-heading\"><span style=\"color: #3366ff;\">LOS CAMPOS DE LA FORMACI\u00d3N Y LOS EDIs EN LOS DISE\u00d1OS CURRICULARES<\/span><\/h3>\n<p>\n\n<\/p>\n<p>En todos los Profesorados de Educaci\u00f3n Art\u00edstica los nuevos dise\u00f1os plantean tres campos de formaci\u00f3n: el de la <em>formaci\u00f3n general<\/em>, el de la <em>formaci\u00f3n espec\u00edfica <\/em>y el de la <em>formaci\u00f3n en la pr\u00e1ctica<\/em> <em>profesional<\/em>. Adem\u00e1s tambi\u00e9n prev\u00e9 <em>espacios de definici\u00f3n institucional <\/em>para que, a partir de una propuesta flexible, cada Escuela de Arte o Conservatorio donde se dicte la carrera pueda profundizar en aspectos de mayor inter\u00e9s seg\u00fan su proyecto Institucional, propiciando el acercamiento de perspectivas novedosas, espacios de reflexi\u00f3n y debate que actualicen y fortalezcan a los futuros docentes de m\u00fasica.<\/p>\n<p>\n\n<\/p>\n<p>El ESPACIO DE DEFINICI\u00d3N INSTITUCIONAL (E.D.I) constituye un \u00e1mbito diferenciado de aplicaci\u00f3n, profundizaci\u00f3n y contextualizaci\u00f3n de los contenidos de la formaci\u00f3n espec\u00edfica. Este espacio podr\u00e1 ser utilizado para el desarrollo de aspectos innovadores dentro de la disciplina. Pueden referir tanto al campo de la producci\u00f3n, como al de la recepci\u00f3n &#8211; interpretaci\u00f3n o al de la aplicaci\u00f3n \u00e1ulica. Al tratarse de un <em>espacio de actualizaci\u00f3n de saberes<\/em>, podr\u00e1 ir cambiando de acuerdo a las necesidades de cada Instituci\u00f3n. Se propone como tiempo prudencial que la alternancia se d\u00e9 cada cuatro a\u00f1os.<\/p>\n<p>\n\n<\/p>\n<p>Las unidades curriculares que se determinen podr\u00e1n adoptar diversos formatos (materia, seminarios, entre otros). Si se decide utilizarlos para profundizar algunos de los espacios curriculares que ya existen en el dise\u00f1o, se recomienda que se desarrolle desde una perspectiva de abordaje novedosa.<\/p>\n<p>\n\n<\/p>\n<p>El espacio cuenta con 256 horas que podr\u00e1n dividirse como lo determine la Instituci\u00f3n, con unidades curriculares anuales o cuatrimestrales. Al no presentar correlatividades pueden ser cursadas en cualquier a\u00f1o de la carrera, a menos que la Instituci\u00f3n de acuerdo a su PEI y su PCI, crea conveniente que sean cursadas en alg\u00fan a\u00f1o en particular.<\/p>\n<p>\n\n<\/p>\n<hr \/>\n<p>\n\n<\/p>\n<h2 class=\"wp-block-heading\"><span style=\"color: #0000ff;\">PREGUNTAS FRECUENTES<\/span><\/h2>\n<p>\n\n<\/p>\n<h3 class=\"wp-block-heading\"><span style=\"color: #3366ff;\"><strong>Quiero cursar un EDI aunque NO acredite\/pertenezca a mi carrera. \u00bfPuedo?<\/strong><\/span><\/h3>\n<p>\n\n<\/p>\n<p><em>Si te interesa un EDI que no acredita en tu carrera lo pod\u00e9s cursar como alumno vocacional, esto va a enriquecer tu formaci\u00f3n, aunque no acredite en tu carrera.<\/em><\/p>\n<p>\n\n<\/p>\n<h3 class=\"wp-block-heading\"><span style=\"color: #3366ff;\">Soy exalumno, egresado o alumno regular en otra carrera del Conser y me interesa cursar un EDI. \u00bfPuedo?<\/span><\/h3>\n<p>\n\n<\/p>\n<p>S\u00ed, los Espacios de Definici\u00f3n Institucional (EDIs) son espacios que buscamos que sean abiertos a la comunidad educativa. Si te interesa un EDI y no sos alumno regular de esa carrera, sos egresado o exalumno,\u00a0 pod\u00e9s cursar como alumno vocacional. Esto va a actualizar y enriquecer tu formaci\u00f3n. Tienes que contemplar que algunos EDIs se reservan este derecho por priorizar cupo, contenidos previos de saberes.<\/p>\n<p>\n\n<\/p>\n<h3 class=\"wp-block-heading\"><span style=\"color: #3366ff;\">No soy alumno del Conser, pero me interesa cursar un EDI espec\u00edfico. \u00bfPuedo?<\/span><\/h3>\n<p>\n\n<\/p>\n<p>Queremos que los Espacios de Definici\u00f3n Institucional (EDIs) puedan ser tambi\u00e9n de aporte a la comunidad en general bajo ciertos par\u00e1metros. Sin embargo, en el contexto actual y dada las limitaciones de espacio, horarios, etc\u00e9tera, la oferta se limita a la comunidad educativa del Conservatorio.<\/p>\n<p>\n\n<\/p>\n<h3 class=\"wp-block-heading\"><span style=\"color: #3366ff;\">Soy alumno\/a del CMBB y ya curs\u00e9 anteriormente un EDI que actualmente no est\u00e1 ofertado en mi carrera, pero si lo estaba anteriormente,\u00a0<strong>\u00bfme servir\u00e1 en mi carrera para acreditar el EDI?<\/strong><\/span><\/h3>\n<p>\n\n<\/p>\n<p>S\u00ed, se acreditar\u00e1 tu EDI contemplando que esa materia estaba en la oferta en el a\u00f1o que lo cursaste\/inscribiste. A partir del Ciclo Lectivo 2021, se ofrecer\u00e1 el detalle de los EDIs por Carrera, pero se sostendr\u00e1n los acuerdos hechos en otros a\u00f1os anteriores.<\/p>\n<p><\/p>\n\n<p><blockquote class=\"wp-embedded-content\" data-secret=\"xeb3iSYEon\"><a href=\"https:\/\/cbblanca-bue.infd.edu.ar\/sitio\/edi-de-la-carrera-prof-en-musica-or-educador-musical\/\">EDI de la carrera Prof. en M\u00fasica (or. Educador Musical)<\/a><\/blockquote><iframe class=\"wp-embedded-content\" sandbox=\"allow-scripts\" security=\"restricted\" style=\"position: absolute; clip: rect(1px, 1px, 1px, 1px);\" title=\"\u00abEDI de la carrera Prof. en M\u00fasica (or. Educador Musical)\u00bb \u2014 Conservatorio de M\u00fasica de Bah\u00eda Blanca\" src=\"https:\/\/cbblanca-bue.infd.edu.ar\/sitio\/edi-de-la-carrera-prof-en-musica-or-educador-musical\/embed\/#?secret=xeb3iSYEon\" data-secret=\"xeb3iSYEon\" width=\"600\" height=\"338\" frameborder=\"0\" marginwidth=\"0\" marginheight=\"0\" scrolling=\"no\"><\/iframe><\/p>\n\n<p><blockquote class=\"wp-embedded-content\" data-secret=\"YGSOJBrtAn\"><a href=\"https:\/\/cbblanca-bue.infd.edu.ar\/sitio\/edi-de-la-carrera-prof-en-musica-or-instrumento-canto-musica-popular\/\">EDI de la carrera Prof. en M\u00fasica (or. Instrumento\/Canto\/M\u00fasica Popular)<\/a><\/blockquote><iframe class=\"wp-embedded-content\" sandbox=\"allow-scripts\" security=\"restricted\" style=\"position: absolute; clip: rect(1px, 1px, 1px, 1px);\" title=\"\u00abEDI de la carrera Prof. en M\u00fasica (or. Instrumento\/Canto\/M\u00fasica Popular)\u00bb \u2014 Conservatorio de M\u00fasica de Bah\u00eda Blanca\" src=\"https:\/\/cbblanca-bue.infd.edu.ar\/sitio\/edi-de-la-carrera-prof-en-musica-or-instrumento-canto-musica-popular\/embed\/#?secret=YGSOJBrtAn\" data-secret=\"YGSOJBrtAn\" width=\"600\" height=\"338\" frameborder=\"0\" marginwidth=\"0\" marginheight=\"0\" scrolling=\"no\"><\/iframe><\/p>\n\n","protected":false},"excerpt":{"rendered":"<p>Espacios de Definici\u00f3n Institucional (EDI) CARACTER\u00cdSTICAS GENERALES DE LOS ESPACIOS DE DEFINICI\u00d3N INSTITUCIONAL La cursada es ANUAL (64 horas). La modalidad de acreditaci\u00f3n es siempre por PROMOCI\u00d3N DIRECTA. Se acredita con EXAMEN FINAL si se pierde la promoci\u00f3n. NO presenta correlatividades; se puede adelantar la cursada, pero no postergarla. Estas materias son requisito para completar &#8230; <a title=\"Espacios de Definici\u00f3n Institucional (EDI)\" class=\"read-more\" href=\"https:\/\/cbblanca-bue.infd.edu.ar\/sitio\/edi\/\" aria-label=\"More on Espacios de Definici\u00f3n Institucional (EDI)\">[+]<\/a><\/p>\n","protected":false},"author":5656,"featured_media":0,"parent":0,"menu_order":0,"comment_status":"closed","ping_status":"closed","template":"","meta":[],"acf":[],"_links":{"self":[{"href":"https:\/\/cbblanca-bue.infd.edu.ar\/sitio\/wp-json\/wp\/v2\/pages\/2161"}],"collection":[{"href":"https:\/\/cbblanca-bue.infd.edu.ar\/sitio\/wp-json\/wp\/v2\/pages"}],"about":[{"href":"https:\/\/cbblanca-bue.infd.edu.ar\/sitio\/wp-json\/wp\/v2\/types\/page"}],"author":[{"embeddable":true,"href":"https:\/\/cbblanca-bue.infd.edu.ar\/sitio\/wp-json\/wp\/v2\/users\/5656"}],"replies":[{"embeddable":true,"href":"https:\/\/cbblanca-bue.infd.edu.ar\/sitio\/wp-json\/wp\/v2\/comments?post=2161"}],"version-history":[{"count":39,"href":"https:\/\/cbblanca-bue.infd.edu.ar\/sitio\/wp-json\/wp\/v2\/pages\/2161\/revisions"}],"predecessor-version":[{"id":3287,"href":"https:\/\/cbblanca-bue.infd.edu.ar\/sitio\/wp-json\/wp\/v2\/pages\/2161\/revisions\/3287"}],"wp:attachment":[{"href":"https:\/\/cbblanca-bue.infd.edu.ar\/sitio\/wp-json\/wp\/v2\/media?parent=2161"}],"curies":[{"name":"wp","href":"https:\/\/api.w.org\/{rel}","templated":true}]}}