{"id":1748,"date":"2020-11-09T10:25:29","date_gmt":"2020-11-09T13:25:29","guid":{"rendered":"https:\/\/cbblanca-bue.infd.edu.ar\/sitio\/?page_id=1748"},"modified":"2026-05-04T12:46:44","modified_gmt":"2026-05-04T15:46:44","slug":"carreras","status":"publish","type":"page","link":"https:\/\/cbblanca-bue.infd.edu.ar\/sitio\/carreras\/","title":{"rendered":"Ingreso a Profesorados y Tecnicaturas"},"content":{"rendered":"\n<h2 class=\"wp-block-heading\" style=\"font-style:italic;font-weight:700;text-transform:uppercase\"><strong><span style=\"color: #ff0000;\"><span style=\"color: #000000;\">PREINSCRIPCI\u00d3N 202<\/span><\/span><\/strong>6<\/h2>\n\n\n\n<h2 class=\"wp-block-heading\"><mark style=\"background-color:rgba(0, 0, 0, 0)\" class=\"has-inline-color has-luminous-vivid-orange-color\">del <strong>17.11.25 al 18.12.25<\/strong><\/mark><\/h2>\n\n\n\n<h2 class=\"wp-block-heading\"><strong><span style=\"color: #ff0000;\">PRIMER<\/span><\/strong><strong><span style=\"color: #ff0000;\"> A\u00d1O&nbsp;<\/span><\/strong><\/h2>\n\n\n\n<h2 class=\"wp-block-heading\"><span style=\"color: #008000;\"><strong>CARRERAS DE FORMACI\u00d3N DOCENTE Y TECNICATURAS<\/strong><\/span><\/h2>\n\n\n\n<div class=\"wp-block-group is-vertical is-layout-flex wp-container-1\">\n<h5 class=\"wp-block-heading has-text-align-right\">Sumate a la lista de difusi\u00f3n de WhatsApp para estar al d\u00eda con las novedades<\/h5>\n\n\n\n<p class=\"has-text-align-center\"><a rel=\"noreferrer noopener\" href=\"https:\/\/chat.whatsapp.com\/J3kH6igSVF5FAGjisOD0XH\" target=\"_blank\">https:\/\/chat.whatsapp.com\/J3kH6igSVF5FAGjisOD0XH<\/a><\/p>\n<\/div>\n\n\n\n<hr class=\"wp-block-separator has-css-opacity\"\/>\n\n\n\n<h2 class=\"wp-block-heading\"><span style=\"color: #ff0000;\">PROCEDIMIENTO PARA LA PREINSCRIPCI\u00d3N<\/span><\/h2>\n\n\n\n<h3 class=\"wp-block-heading has-text-align-center\">Complet\u00e1 el formulario de preinscripci\u00f3n<mark style=\"background-color:rgba(0, 0, 0, 0)\" class=\"has-inline-color has-luminous-vivid-orange-color\"> <a rel=\"noreferrer noopener\" href=\"https:\/\/forms.gle\/BCbm7wL96adipCuF8\" target=\"_blank\">haciendo clic aqu\u00ed.<\/a><\/mark><\/h3>\n\n\n\n<div class=\"wp-block-group is-layout-constrained\"><div class=\"wp-block-group__inner-container\">\n<h3 class=\"wp-block-heading has-text-align-center has-base-background-color has-text-color has-background\" style=\"color:#bf1f3a\">Atenci\u00f3n<\/h3>\n\n\n\n<h4 class=\"wp-block-heading has-text-align-center\">L<mark style=\"background-color:rgba(0, 0, 0, 0)\" class=\"has-inline-color has-black-color\">os alumnos que se preinscriben en dos o m\u00e1s carreras deber\u00e1n llenar <strong>UN \u00fanico formulario<\/strong>.<\/mark> La inscripci\u00f3n quedar\u00e1 finalizada al momento de entregar&nbsp;en Sede Lamadrid 441 la documentaci\u00f3n requerida para tener<strong>&nbsp;LEGAJO COMPLETO Y ACTUALIZADO<\/strong>.&nbsp;<\/h4>\n<\/div><\/div>\n\n\n\n<hr class=\"wp-block-separator has-css-opacity\"\/>\n\n\n\n<div class=\"wp-block-group is-layout-constrained\"><div class=\"wp-block-group__inner-container\">\n<h2 class=\"wp-block-heading has-text-align-center has-text-color\" style=\"color:#bf1f1f\">INSCRIPCI\u00d3N A COORDINAR CON CADA JEFE DE \u00c1REA<\/h2>\n\n\n\n<h4 class=\"wp-block-heading has-text-align-center has-accent-color has-text-color\">del 16 de febrero al 6 de marzo de 2026<\/h4>\n<\/div><\/div>\n\n\n\n<hr class=\"wp-block-separator has-css-opacity\"\/>\n\n\n\n<div class=\"wp-block-group is-layout-constrained\"><div class=\"wp-block-group__inner-container\">\n<h2 class=\"wp-block-heading has-text-align-center has-text-color\" style=\"color:#bf1f1f\">Reuni\u00f3n informativa 1er A\u00d1O DE CARRERAS a cargo de Jefes de \u00c1rea<\/h2>\n\n\n\n<h4 class=\"wp-block-heading has-text-align-center has-accent-color has-text-color\"><strong>6 de marzo de 2026<\/strong><\/h4>\n<\/div><\/div>\n\n\n\n<hr class=\"wp-block-separator has-css-opacity\"\/>\n\n\n\n<h3 class=\"wp-block-heading has-text-align-center\"><a rel=\"noreferrer noopener\" href=\"https:\/\/cbblanca-bue.infd.edu.ar\/sitio\/oferta-educativa\/\" target=\"_blank\"><span style=\"text-decoration: underline;\">Oferta Educativa<\/span><\/a><\/h3>\n\n\n\n<ul>\n<li><strong>PROFESORADO EN M\u00daSICA<\/strong>\n<ul>\n<li><strong>Orientaci\u00f3n Educaci\u00f3n Musical<\/strong><\/li>\n\n\n\n<li><strong>Orientaci\u00f3n Canto L\u00edrico<\/strong><\/li>\n\n\n\n<li><strong>Orientaci\u00f3n Instrumento<\/strong>: \n<ul>\n<li>Piano \/\/ Guitarra \/\/ Arpa \/\/&nbsp;Bandone\u00f3n \/\/&nbsp; Viol\u00edn \/\/&nbsp;Viola \/\/&nbsp;Violonchelo \/\/&nbsp;Contrabajo \/\/ Saxof\u00f3n \/\/&nbsp;Flauta traversa \/\/&nbsp;Oboe \/\/&nbsp;Clarinete \/\/&nbsp;Fagot \/\/&nbsp;Trompeta \/\/&nbsp;Corno \/\/&nbsp;Tromb\u00f3n \/\/&nbsp;Tuba \/\/&nbsp;Percusi\u00f3n<\/li>\n<\/ul>\n<\/li>\n\n\n\n<li><strong>Orientaci\u00f3n Instrumento &#8211; Canto (M\u00fasica Popular)<\/strong>: Canto M\u00fasica Popular \/\/ Guitarra-Guitarra el\u00e9ctrica \/\/ Bajo el\u00e9ctrico<\/li>\n<\/ul>\n<\/li>\n<\/ul>\n\n\n\n<ul>\n<li><strong>TECNICATURA EN CAPACITACI\u00d3N VOCAL<\/strong>\n<ul>\n<li><strong>Canto L\u00edrico<\/strong><\/li>\n<\/ul>\n<\/li>\n<\/ul>\n\n\n\n<ul>\n<li><strong>TECNICATURA EN CAPACITACI\u00d3N INSTRUMENTAL<\/strong>\n<ul>\n<li>Piano \/\/ Guitarra \/\/ Arpa \/\/&nbsp;Bandone\u00f3n \/\/&nbsp; Viol\u00edn \/\/&nbsp;Viola \/\/&nbsp;Violonchelo \/\/&nbsp;Contrabajo \/\/ Saxof\u00f3n \/\/&nbsp;Flauta traversa \/\/&nbsp;Oboe \/\/&nbsp;Clarinete \/\/&nbsp;Fagot \/\/&nbsp;Trompeta \/\/&nbsp;Corno \/\/&nbsp;Tromb\u00f3n \/\/&nbsp;Tuba \/\/&nbsp;Percusi\u00f3n<\/li>\n<\/ul>\n<\/li>\n<\/ul>\n\n\n\n<ul>\n<li><strong>TECNICATURA EN CAPACITACI\u00d3N INSTRUMENTAL-VOCAL<\/strong> <strong>(M\u00daSICA POPULAR)<\/strong>: Canto M\u00fasica Popular \/\/ Guitarra-Guitarra el\u00e9ctrica \/\/ Bajo el\u00e9ctrico<\/li>\n<\/ul>\n\n\n\n<hr class=\"wp-block-separator has-css-opacity\"\/>\n\n\n\n<h3 class=\"wp-block-heading has-text-align-center\"><mark style=\"background-color:rgba(0, 0, 0, 0)\" class=\"has-inline-color has-vivid-red-color\">Requisitos de ingreso<\/mark><\/h3>\n\n\n\n<div class=\"wp-block-group is-layout-constrained\"><div class=\"wp-block-group__inner-container\">\n<h2 class=\"wp-block-heading\">Profesorados (FORMACI\u00d3N DOCENTE DE GRADO)<\/h2>\n\n\n\n<p>Ser\u00e1 condici\u00f3n de ingreso cumplir con los siguientes requisitos:<\/p>\n\n\n\n<ul>\n<li>2\u00b0 a\u00f1o de la FOBA acreditado (con examen final aprobado).<\/li>\n\n\n\n<li>3\u00b0 a\u00f1o de la FOBA con cursado aprobado (ver CONSIDERACI\u00d3N).<\/li>\n\n\n\n<li>Materias correlativas con cursado aprobado (ver CONSIDERACI\u00d3N).<\/li>\n<\/ul>\n\n\n\n<h3 class=\"wp-block-heading\">IMPORTANTE<\/h3>\n\n\n\n<ul>\n<li>Si a septiembre no acreditaron todas las materias correlativas correspondientes pierden la promoci\u00f3n directa (en aquellas materias que se aprueban por esa modalidad) pasando su acreditaci\u00f3n por examen final pudiendo acreditar en un turno posterior al que cursaron la materia.<\/li>\n\n\n\n<li>Si a setiembre no acreditaron todas las materias de la FOBA pierden lo cursado&nbsp;hasta ese momento&nbsp;en Pr\u00e1ctica Docente, Espacio de la Pr\u00e1ctica Docente y los EDIs.<\/li>\n<\/ul>\n\n\n\n<p>CONSIDERACI\u00d3N: si el alumno\/a adeuda la aprobaci\u00f3n del cursado de materia\/s de la FOBA puede empezar a cursar de manera condicional teniendo la obligaci\u00f3n de rendir, en condici\u00f3n de libre, hasta mayo. Pasada esta instancia&nbsp;de&nbsp;examen,&nbsp;si&nbsp;la\/s&nbsp;materia\/s&nbsp;no fue o fueron acreditada\/s, pierde lo cursado hasta el momento debiendo volver a empezar el nivel superior cuando regularice su situaci\u00f3n. Esta situaci\u00f3n requiere la firma de un acta de compromiso ante autoridades.&nbsp;<strong>Quedan exceptuadas de esta consideraci\u00f3n las materias \u201cm\u00fasica de c\u00e1mara\u201d, \u201cinstrumento\u201d y \u201ccanto\u201d.<\/strong><\/p>\n\n\n\n<ul>\n<li>Estudios secundarios completos. En caso de adeudar materias puede cursar materias de la carrera en forma condicional hasta el 31 de mayo.<\/li>\n<\/ul>\n\n\n\n<p>CONSIDERACI\u00d3N: si adeuda una \u00fanica materia del secundario se extiende la posibilidad de finalizaci\u00f3n hasta julio\/agosto.<\/p>\n<\/div><\/div>\n\n\n\n<div class=\"wp-block-group is-layout-constrained\"><div class=\"wp-block-group__inner-container\">\n<h2 class=\"wp-block-heading\">Tecnicaturas (FORMACI\u00d3N T\u00c9CNICO PROFESIONAL)<\/h2>\n\n\n\n<p>Ser\u00e1 condici\u00f3n de ingreso cumplir con los siguientes requisitos:<\/p>\n\n\n\n<ul>\n<li>Nivel primario completo.<\/li>\n\n\n\n<li>Segundo nivel de la FOBA completo (acreditado).<\/li>\n\n\n\n<li>Materias correlativas que exige el plan de estudios con cursado aprobado.<\/li>\n<\/ul>\n\n\n\n<p>CONSIDERACI\u00d3N: posibilidad de cursar como condicional hasta mayo debiendo aprobaci\u00f3n del cursado y, por lo tanto, tambi\u00e9n acreditaci\u00f3n de materia\/s correlativas. Indefectiblemente deber\u00e1 acreditarla\/s (rindiendo en calidad de libre) en el turno de examen mayo, caso contrario perder\u00e1 lo cursado hasta el momento debiendo volverse a inscribir en el pr\u00f3ximo ciclo lectivo. Ante esta situaci\u00f3n deber\u00e1 firmar, ante autoridades, un acta compromiso. <strong>Quedan exceptuadas de esta consideraci\u00f3n las materias \u201cm\u00fasica de c\u00e1mara\u201d e \u201cinstrumento\u201d.<\/strong><\/p>\n<\/div><\/div>\n\n\n\n<hr class=\"wp-block-separator has-css-opacity\"\/>\n\n\n\n<h3 class=\"wp-block-heading has-text-align-center\"><a href=\"https:\/\/cbblanca-bue.infd.edu.ar\/sitio\/regimen-academico-institucional\/\" target=\"_blank\" rel=\"noreferrer noopener\">R\u00e9gimen Acad\u00e9mico<\/a><\/h3>\n\n\n\n<p class=\"has-text-align-center\">El R\u00e9gimen Acad\u00e9mico Institucional es la normativa acerca del Ingreso, Permanencia y Promoci\u00f3n para todos los estudiantes.<\/p>\n\n\n\n<hr class=\"wp-block-separator has-css-opacity\"\/>\n\n\n\n<h5 class=\"wp-block-heading has-text-align-center\"><strong>POR <span style=\"color: #ff6600;\">CONSULTAS GENERALES<\/span>,&nbsp;ESCRIB\u00cd UN MAIL A<\/strong> <span style=\"color: #0000ff;\"><a href=\"mailto:preceptoriasconser@gmail.com\" target=\"_blank\" rel=\"noreferrer noopener\">preceptoriasconser@gmail.com<\/a><\/span><\/h5>\n\n\n\n<p class=\"has-text-align-center\">ASUNTO: inscripci\u00f3n 1er a\u00f1o CARRERAS<\/p>\n\n\n\n<h5 class=\"wp-block-heading has-text-align-center\"><strong>POR <span style=\"color: #993300;\">CONSULTAS ACAD\u00c9MICAS<\/span>, ESCRIB\u00cd UN MAIL A TU JEFE DE \u00c1REA<\/strong><\/h5>\n\n\n\n<p class=\"has-text-align-center\">ASUNTO: inscripci\u00f3n 1er a\u00f1o CARRERAS<\/p>\n\n\n\n<ul>\n<li>Profesorado de M\u00fasica, Orientaci\u00f3n en Educaci\u00f3n Musical: Jefe de \u00c1rea Favio Ar\u00e9valo <strong><span style=\"color: #0000ff;\"><a href=\"mailto:educmusicalconser@gmail.com\" target=\"_blank\" rel=\"noreferrer noopener\">educmusicalconser@gmail.com<\/a><\/span><\/strong><\/li>\n\n\n\n<li>Profesorado en M\u00fasica, Orientaci\u00f3n en Instrumento\/Canto y Tecnicaturas en Capacitaci\u00f3n Instrumental\/Vocal: Jefe de \u00c1rea Juli\u00e1n Mansilla&nbsp;<span style=\"color: #0000ff;\"><strong><a rel=\"noreferrer noopener\" href=\"mailto:nstrumentocantoconser@gmail.com\" target=\"_blank\">instrumentocantoconser@gmail.com<\/a><\/strong><\/span><\/li>\n<\/ul>\n\n\n\n<h5 class=\"wp-block-heading has-text-align-center\"><strong>A partir del&nbsp; 16 de febrero del 2026 se responder\u00e1n consultas y se asesorar\u00e1 a cada uno de los interesados.<\/strong><\/h5>\n\n\n\n<h6 class=\"wp-block-heading has-text-align-center\"><mark style=\"background-color:rgba(0, 0, 0, 0)\" class=\"has-inline-color has-luminous-vivid-orange-color\"><strong>\u00a1\u00a1\u00a1Sumate a nuestra propuesta educativa!!!<\/strong><\/mark><\/h6>\n","protected":false},"excerpt":{"rendered":"<p>PREINSCRIPCI\u00d3N 2026 del 17.11.25 al 18.12.25 PRIMER A\u00d1O&nbsp; CARRERAS DE FORMACI\u00d3N DOCENTE Y TECNICATURAS Sumate a la lista de difusi\u00f3n de WhatsApp para estar al d\u00eda con las novedades https:\/\/chat.whatsapp.com\/J3kH6igSVF5FAGjisOD0XH PROCEDIMIENTO PARA LA PREINSCRIPCI\u00d3N Complet\u00e1 el formulario de preinscripci\u00f3n haciendo clic aqu\u00ed. Atenci\u00f3n Los alumnos que se preinscriben en dos o m\u00e1s carreras deber\u00e1n llenar &#8230; <a title=\"Ingreso a Profesorados y Tecnicaturas\" class=\"read-more\" href=\"https:\/\/cbblanca-bue.infd.edu.ar\/sitio\/carreras\/\" aria-label=\"More on Ingreso a Profesorados y Tecnicaturas\">[+]<\/a><\/p>\n","protected":false},"author":5656,"featured_media":0,"parent":0,"menu_order":0,"comment_status":"closed","ping_status":"closed","template":"","meta":[],"acf":[],"_links":{"self":[{"href":"https:\/\/cbblanca-bue.infd.edu.ar\/sitio\/wp-json\/wp\/v2\/pages\/1748"}],"collection":[{"href":"https:\/\/cbblanca-bue.infd.edu.ar\/sitio\/wp-json\/wp\/v2\/pages"}],"about":[{"href":"https:\/\/cbblanca-bue.infd.edu.ar\/sitio\/wp-json\/wp\/v2\/types\/page"}],"author":[{"embeddable":true,"href":"https:\/\/cbblanca-bue.infd.edu.ar\/sitio\/wp-json\/wp\/v2\/users\/5656"}],"replies":[{"embeddable":true,"href":"https:\/\/cbblanca-bue.infd.edu.ar\/sitio\/wp-json\/wp\/v2\/comments?post=1748"}],"version-history":[{"count":74,"href":"https:\/\/cbblanca-bue.infd.edu.ar\/sitio\/wp-json\/wp\/v2\/pages\/1748\/revisions"}],"predecessor-version":[{"id":4143,"href":"https:\/\/cbblanca-bue.infd.edu.ar\/sitio\/wp-json\/wp\/v2\/pages\/1748\/revisions\/4143"}],"wp:attachment":[{"href":"https:\/\/cbblanca-bue.infd.edu.ar\/sitio\/wp-json\/wp\/v2\/media?parent=1748"}],"curies":[{"name":"wp","href":"https:\/\/api.w.org\/{rel}","templated":true}]}}