{"id":1541,"date":"2019-12-23T10:09:08","date_gmt":"2019-12-23T13:09:08","guid":{"rendered":"https:\/\/cbblanca-bue.infd.edu.ar\/sitio\/?page_id=1541"},"modified":"2020-02-13T15:46:44","modified_gmt":"2020-02-13T18:46:44","slug":"resultados-del-sorteo","status":"publish","type":"page","link":"https:\/\/cbblanca-bue.infd.edu.ar\/sitio\/resultados-del-sorteo\/","title":{"rendered":"Resultados del sorteo"},"content":{"rendered":"<h1 style=\"text-align: center;\"><span style=\"color: #ff0000;\">INGRESANTES CICLO LECTIVO 2020<\/span><\/h1>\n<h2 style=\"text-align: center;\"><a href=\"https:\/\/cbblanca-bue.infd.edu.ar\/sitio\/wp-content\/uploads\/2020\/02\/Foba_adultos_turnos_DEFIN_2_1.pdf\" target=\"_blank\" rel=\"noopener\">FOBA J\u00f3venes y Adultos &#8211; <\/a><span style=\"color: #ff6600;\"><a style=\"color: #ff6600;\" href=\"https:\/\/cbblanca-bue.infd.edu.ar\/sitio\/wp-content\/uploads\/2020\/02\/Foba_adultos_turnos_DEFIN_2_1.pdf\" target=\"_blank\" rel=\"noopener\">CLIQUE\u00c1 AQU\u00cd<\/a><\/span><\/h2>\n<h2 style=\"text-align: center;\"><a href=\"https:\/\/cbblanca-bue.infd.edu.ar\/sitio\/wp-content\/uploads\/2019\/12\/Foba_nin_os.pdf\" target=\"_blank\" rel=\"noopener\">FOBA Ni\u00f1os, ni\u00f1as y preadolescentes &#8211; <span style=\"color: #ff6600;\">CLIQUE\u00c1 AQU\u00cd<\/span><\/a><\/h2>\n<h2 style=\"text-align: center;\"><a href=\"https:\/\/cbblanca-bue.infd.edu.ar\/sitio\/wp-content\/uploads\/2019\/12\/Canto_popular_Definitivo.pdf\">FOBA Canto Popular &#8211; <span style=\"color: #ff6600;\">CLIQUE\u00c1 AQU\u00cd<\/span><\/a><\/h2>\n<h2 style=\"text-align: center;\"><a href=\"https:\/\/cbblanca-bue.infd.edu.ar\/sitio\/wp-content\/uploads\/2019\/12\/Canto_Lirico_Definitivo.pdf\" target=\"_blank\" rel=\"noopener\">FOBA Canto L\u00edrico &#8211; <span style=\"color: #ff6600;\">CLIQUE\u00c1 AQU\u00cd<\/span><\/a><\/h2>\n<p>&nbsp;<\/p>\n<table>\n<tbody>\n<tr>\n<td>\n<h1 style=\"text-align: center;\"><span style=\"color: #000000;\"><u>CONDICIONALES<\/u><\/span><\/h1>\n<h2 style=\"text-align: center;\"><strong><em>Se recomienda <\/em><\/strong><span style=\"color: #ff0000;\"><strong>ASISTIR <\/strong>a los TURNOS.<\/span><\/h2>\n<h2 style=\"text-align: center;\">Podr\u00edan generarse espacios debido a <strong><em>la ausencia de interesados<\/em><\/strong>.<\/h2>\n<\/td>\n<\/tr>\n<\/tbody>\n<\/table>\n<h1><\/h1>\n<h1 style=\"text-align: center;\"><span style=\"text-decoration: underline;\">CANTO L\u00cdRICO Y POPULAR<\/span><\/h1>\n<h2 style=\"text-align: center;\">TEST de <strong>APTITUD VOCAL<\/strong><\/h2>\n<p style=\"text-align: center;\"><strong><u>Ingresan <\/u><\/strong>solo los nueve primeros del sorteo con test aprobado.<\/p>\n<p style=\"text-align: center;\"><strong><u>Rinden test<\/u><\/strong> los 15 primeros del listado. Se conformar\u00e1 lista de espera.<\/p>\n<p style=\"text-align: center;\"><strong><em>Se recomienda consultar<\/em><\/strong> lista de instrumentos (en caso de haber elegido).<\/p>\n<p style=\"text-align: center;\"><strong><u>Fecha y Hora del test:\u00a0<\/u><\/strong>03\/03\/2020. A las 10 hs. y 16 hs.<\/p>\n<p style=\"text-align: center;\"><strong><u>Lugar:<\/u><\/strong> Lamadrid 441.<\/p>\n","protected":false},"excerpt":{"rendered":"<p>INGRESANTES CICLO LECTIVO 2020 FOBA J\u00f3venes y Adultos &#8211; CLIQUE\u00c1 AQU\u00cd FOBA Ni\u00f1os, ni\u00f1as y preadolescentes &#8211; CLIQUE\u00c1 AQU\u00cd FOBA Canto Popular &#8211; CLIQUE\u00c1 AQU\u00cd FOBA Canto L\u00edrico &#8211; CLIQUE\u00c1 AQU\u00cd &nbsp; CONDICIONALES Se recomienda ASISTIR a los TURNOS. Podr\u00edan generarse espacios debido a la ausencia de interesados. CANTO L\u00cdRICO Y POPULAR TEST de APTITUD &#8230; <a title=\"Resultados del sorteo\" class=\"read-more\" href=\"https:\/\/cbblanca-bue.infd.edu.ar\/sitio\/resultados-del-sorteo\/\" aria-label=\"More on Resultados del sorteo\">[+]<\/a><\/p>\n","protected":false},"author":5656,"featured_media":0,"parent":0,"menu_order":0,"comment_status":"closed","ping_status":"closed","template":"","meta":[],"acf":[],"_links":{"self":[{"href":"https:\/\/cbblanca-bue.infd.edu.ar\/sitio\/wp-json\/wp\/v2\/pages\/1541"}],"collection":[{"href":"https:\/\/cbblanca-bue.infd.edu.ar\/sitio\/wp-json\/wp\/v2\/pages"}],"about":[{"href":"https:\/\/cbblanca-bue.infd.edu.ar\/sitio\/wp-json\/wp\/v2\/types\/page"}],"author":[{"embeddable":true,"href":"https:\/\/cbblanca-bue.infd.edu.ar\/sitio\/wp-json\/wp\/v2\/users\/5656"}],"replies":[{"embeddable":true,"href":"https:\/\/cbblanca-bue.infd.edu.ar\/sitio\/wp-json\/wp\/v2\/comments?post=1541"}],"version-history":[{"count":8,"href":"https:\/\/cbblanca-bue.infd.edu.ar\/sitio\/wp-json\/wp\/v2\/pages\/1541\/revisions"}],"predecessor-version":[{"id":1570,"href":"https:\/\/cbblanca-bue.infd.edu.ar\/sitio\/wp-json\/wp\/v2\/pages\/1541\/revisions\/1570"}],"wp:attachment":[{"href":"https:\/\/cbblanca-bue.infd.edu.ar\/sitio\/wp-json\/wp\/v2\/media?parent=1541"}],"curies":[{"name":"wp","href":"https:\/\/api.w.org\/{rel}","templated":true}]}}