{"id":1284,"date":"2019-04-25T18:39:02","date_gmt":"2019-04-25T21:39:02","guid":{"rendered":"https:\/\/cbblanca-bue.infd.edu.ar\/sitio\/?page_id=1284"},"modified":"2025-11-14T13:00:38","modified_gmt":"2025-11-14T16:00:38","slug":"regimen-academico-institucional","status":"publish","type":"page","link":"https:\/\/cbblanca-bue.infd.edu.ar\/sitio\/regimen-academico-institucional\/","title":{"rendered":"R\u00e9gimen Acad\u00e9mico Institucional"},"content":{"rendered":"<h4 dir=\"ltr\">R\u00c9GIMEN ACAD\u00c9MICO INSTITUCIONAL 2026 &#8211; Conservatorio de M\u00fasica de Bah\u00eda Blanca<\/h4>\n<p dir=\"ltr\">El R\u00e9gimen Acad\u00e9mico Institucional RAI enmarca el hacer acad\u00e9mico espec\u00edficamente en nuestra instituci\u00f3n, para regular el ingreso, permanencia y promoci\u00f3n para estudiantes de las Formaciones B\u00e1sicas y de las Carreras. Consideramos de vital importancia que el RAI\u00a0 cumpla en nuestra instituci\u00f3n su funci\u00f3n de normativa.<\/p>\n<p dir=\"ltr\">A partir de la nueva normativa R\u00e9gimen Acad\u00e9mico Marco RAM, dividimos el r\u00e9gimen acad\u00e9mico institucional 2026 en tres secciones para que sea un documento de f\u00e1cil acceso: Formaci\u00f3n B\u00e1sica de ni\u00f1as\/os y preadolescentes, Formaci\u00f3n B\u00e1sica para j\u00f3venes y adultos y Carreras.<\/p>\n<p style=\"text-align: center;\"><span style=\"font-family: georgia, palatino; font-size: 12pt;\">\u00a0<\/span><iframe loading=\"lazy\" src=\"https:\/\/drive.google.com\/embeddedfolderview?id=1TlXuHbbdkUIasVDnT3K0XerAAq6rAEIx#list&amp;wmode=transparent\" width=\"800\" height=\"600\" frameborder=\"0\"><\/iframe><\/p>\n","protected":false},"excerpt":{"rendered":"<p>R\u00c9GIMEN ACAD\u00c9MICO INSTITUCIONAL 2026 &#8211; Conservatorio de M\u00fasica de Bah\u00eda Blanca El R\u00e9gimen Acad\u00e9mico Institucional RAI enmarca el hacer acad\u00e9mico espec\u00edficamente en nuestra instituci\u00f3n, para regular el ingreso, permanencia y promoci\u00f3n para estudiantes de las Formaciones B\u00e1sicas y de las Carreras. Consideramos de vital importancia que el RAI\u00a0 cumpla en nuestra instituci\u00f3n su funci\u00f3n de &#8230; <a title=\"R\u00e9gimen Acad\u00e9mico Institucional\" class=\"read-more\" href=\"https:\/\/cbblanca-bue.infd.edu.ar\/sitio\/regimen-academico-institucional\/\" aria-label=\"More on R\u00e9gimen Acad\u00e9mico Institucional\">[+]<\/a><\/p>\n","protected":false},"author":5656,"featured_media":0,"parent":0,"menu_order":0,"comment_status":"closed","ping_status":"closed","template":"","meta":[],"acf":[],"_links":{"self":[{"href":"https:\/\/cbblanca-bue.infd.edu.ar\/sitio\/wp-json\/wp\/v2\/pages\/1284"}],"collection":[{"href":"https:\/\/cbblanca-bue.infd.edu.ar\/sitio\/wp-json\/wp\/v2\/pages"}],"about":[{"href":"https:\/\/cbblanca-bue.infd.edu.ar\/sitio\/wp-json\/wp\/v2\/types\/page"}],"author":[{"embeddable":true,"href":"https:\/\/cbblanca-bue.infd.edu.ar\/sitio\/wp-json\/wp\/v2\/users\/5656"}],"replies":[{"embeddable":true,"href":"https:\/\/cbblanca-bue.infd.edu.ar\/sitio\/wp-json\/wp\/v2\/comments?post=1284"}],"version-history":[{"count":13,"href":"https:\/\/cbblanca-bue.infd.edu.ar\/sitio\/wp-json\/wp\/v2\/pages\/1284\/revisions"}],"predecessor-version":[{"id":4165,"href":"https:\/\/cbblanca-bue.infd.edu.ar\/sitio\/wp-json\/wp\/v2\/pages\/1284\/revisions\/4165"}],"wp:attachment":[{"href":"https:\/\/cbblanca-bue.infd.edu.ar\/sitio\/wp-json\/wp\/v2\/media?parent=1284"}],"curies":[{"name":"wp","href":"https:\/\/api.w.org\/{rel}","templated":true}]}}