{"id":1060,"date":"2018-08-29T16:24:29","date_gmt":"2018-08-29T19:24:29","guid":{"rendered":"https:\/\/cbblanca-bue.infd.edu.ar\/sitio\/ingresantes\/"},"modified":"2022-02-22T12:20:16","modified_gmt":"2022-02-22T15:20:16","slug":"ingresantes-informaciongeneral","status":"publish","type":"page","link":"https:\/\/cbblanca-bue.infd.edu.ar\/sitio\/ingresantes-informaciongeneral\/","title":{"rendered":"Informaci\u00f3n general"},"content":{"rendered":"<h1><strong>REQUISITOS DE INGRESO<\/strong><\/h1>\n<p><strong>&nbsp;<\/strong><\/p>\n<h2><strong>FORMACI\u00d3N&nbsp;B\u00c1SICA<\/strong><\/h2>\n<p>Ser\u00e1 condici\u00f3n para cada modalidad cumplir con los siguientes requisitos:<\/p>\n<p>&nbsp;<\/p>\n<h3><strong>Ni\u00f1os y Preadolescentes&nbsp;<\/strong><\/h3>\n<ul>\n<li>Edad m\u00ednima 9 a\u00f1os (cumplidos al 30 de Junio)<\/li>\n<\/ul>\n<ul>\n<li>Tercer a\u00f1o del nivel primario completo<\/li>\n<\/ul>\n<p>&nbsp;<\/p>\n<h3><strong>J\u00f3venes y Adultos. Instrumento. Instrumento M\u00fasica Popular<\/strong><\/h3>\n<ul>\n<li>Edad m\u00ednima 14 a\u00f1os (cumplidos al 30 de Junio)<\/li>\n<\/ul>\n<ul>\n<li>Segundo a\u00f1o del nivel secundario completo (ESB)<\/li>\n<\/ul>\n<p>&nbsp;<\/p>\n<h3><strong>J\u00f3venes y adultos. Canto L\u00edrico Camar\u00edstico. Canto M\u00fasica Popular&nbsp;<\/strong><\/h3>\n<ul>\n<li>Edad m\u00ednima: 15 a\u00f1os en mujeres, 16 a\u00f1os en hombres (cumplidos al 30 de junio)<\/li>\n<\/ul>\n<ul>\n<li>Segundo a\u00f1o del nivel secundario completo (EES)<\/li>\n<\/ul>\n<ul>\n<li>Test de Aptitud vocal Aprobado<\/li>\n<\/ul>\n<ul>\n<li>Certificado Oficial de Aptitud Fonoaudiol\u00f3gica<\/li>\n<\/ul>\n<p>&nbsp;<\/p>\n<h2><strong>FORMACI\u00d3N&nbsp;T\u00c9CNICO&nbsp;PROFESIONAL<\/strong><\/h2>\n<p>Ser\u00e1 condici\u00f3n de ingreso&nbsp;cumplir con los siguientes requisitos:<\/p>\n<ul>\n<li>Nivel primario completo<\/li>\n<\/ul>\n<ul>\n<li>Segundo nivel de la Formaci\u00f3n B\u00e1sica completo (Acreditado).<\/li>\n<\/ul>\n<ul>\n<li>Materias correlativas que exige el plan de estudios con cursado aprobado.<\/li>\n<li><u>CONSIDERACI\u00d3N<\/u>: posibilidad de cursar como condicional hasta mayo debiendo aprobaci\u00f3n del cursado y, por lo tanto, tambi\u00e9n acreditaci\u00f3n de materia\/s correlativas. Indefectiblemente deber\u00e1 acreditarla\/s (rindiendo en calidad de libre) en el turno de examen mayo, caso contrario perder\u00e1 lo cursado hasta el momento debiendo volverse a inscribir en el pr\u00f3ximo ciclo lectivo. Ante esta situaci\u00f3n deber\u00e1 firmar, ante autoridades, un acta compromiso. <strong>Quedan exceptuadas de esta consideraci\u00f3n las materias: m\u00fasica de c\u00e1mara e instrumento<\/strong><\/li>\n<\/ul>\n<p><strong>&nbsp;&nbsp;<\/strong><\/p>\n<h2><strong>FORMACI\u00d3N&nbsp;de&nbsp;GRADO&nbsp;DOCENTE<\/strong><\/h2>\n<p>Ser\u00e1 condici\u00f3n de ingreso cumplir con los siguientes requisitos:<\/p>\n<ul>\n<li>2\u00b0 a\u00f1o de la FO.BA. acreditado. (con examen final aprobado)<\/li>\n<li>3\u00b0 a\u00f1o de la FO.BA. con cursado aprobado. (ver CONSIDERACI\u00d3N)<\/li>\n<li>Materias correlativas con cursado aprobado. (ver CONSIDERACI\u00d3N)<\/li>\n<\/ul>\n<p>&nbsp;<\/p>\n<h3><u>IMPORTANTE<\/u><\/h3>\n<ul>\n<li>Si a setiembre no acreditaron todas las materias correlativas correspondientes pierden la promoci\u00f3n directa (en aquellas materias que se aprueban por esa modalidad) pasando su acreditaci\u00f3n por examen final pudiendo acreditar en un turno posterior al que cursaron la materia.<\/li>\n<li>Si a setiembre no acreditaron todas las materias de la FO.BA pierden lo cursado&nbsp; hasta ese momento&nbsp; en Pr\u00e1ctica docente, Espacio de la pr\u00e1ctica docente y los EDIs.<\/li>\n<\/ul>\n<p><u>CONSIDERACI\u00d3N<\/u>: si el alumno\/a adeuda la aprobaci\u00f3n del cursado de materia\/s de la FO.BA. puede empezar a cursar de manera condicional teniendo la obligaci\u00f3n de rendir, en condici\u00f3n de libre, hasta mayo; pasada esta instancia&nbsp;de&nbsp;examen&nbsp;si&nbsp;la\/s&nbsp;materia\/s&nbsp;no fue o fueron acreditada\/s pierde lo cursado hasta el momento debiendo volver a empezar el nivel superior cuando regularice su situaci\u00f3n. Esta situaci\u00f3n requiere la firma de un acta de compromiso ante autoridades. <strong>Quedan exceptuadas de esta consideraci\u00f3n las materias: m\u00fasica de c\u00e1mara, instrumento y canto.<\/strong><\/p>\n<ul>\n<li>Estudios secundarios completos. En caso de adeudar materias puede cursar materias de la carrera en forma condicional hasta el 31 de mayo. <u>CONSIDERACI\u00d3N<\/u>: si adeuda una \u00fanica materia del secundario se extiende la posibilidad de finalizaci\u00f3n hasta julio\/agosto.<\/li>\n<\/ul>\n<p>&nbsp;<\/p>\n","protected":false},"excerpt":{"rendered":"<p>REQUISITOS DE INGRESO &nbsp; FORMACI\u00d3N&nbsp;B\u00c1SICA Ser\u00e1 condici\u00f3n para cada modalidad cumplir con los siguientes requisitos: &nbsp; Ni\u00f1os y Preadolescentes&nbsp; Edad m\u00ednima 9 a\u00f1os (cumplidos al 30 de Junio) Tercer a\u00f1o del nivel primario completo &nbsp; J\u00f3venes y Adultos. Instrumento. Instrumento M\u00fasica Popular Edad m\u00ednima 14 a\u00f1os (cumplidos al 30 de Junio) Segundo a\u00f1o del nivel &#8230; <a title=\"Informaci\u00f3n general\" class=\"read-more\" href=\"https:\/\/cbblanca-bue.infd.edu.ar\/sitio\/ingresantes-informaciongeneral\/\" aria-label=\"More on Informaci\u00f3n general\">[+]<\/a><\/p>\n","protected":false},"author":5566,"featured_media":0,"parent":0,"menu_order":0,"comment_status":"closed","ping_status":"closed","template":"","meta":[],"acf":[],"_links":{"self":[{"href":"https:\/\/cbblanca-bue.infd.edu.ar\/sitio\/wp-json\/wp\/v2\/pages\/1060"}],"collection":[{"href":"https:\/\/cbblanca-bue.infd.edu.ar\/sitio\/wp-json\/wp\/v2\/pages"}],"about":[{"href":"https:\/\/cbblanca-bue.infd.edu.ar\/sitio\/wp-json\/wp\/v2\/types\/page"}],"author":[{"embeddable":true,"href":"https:\/\/cbblanca-bue.infd.edu.ar\/sitio\/wp-json\/wp\/v2\/users\/5566"}],"replies":[{"embeddable":true,"href":"https:\/\/cbblanca-bue.infd.edu.ar\/sitio\/wp-json\/wp\/v2\/comments?post=1060"}],"version-history":[{"count":19,"href":"https:\/\/cbblanca-bue.infd.edu.ar\/sitio\/wp-json\/wp\/v2\/pages\/1060\/revisions"}],"predecessor-version":[{"id":2418,"href":"https:\/\/cbblanca-bue.infd.edu.ar\/sitio\/wp-json\/wp\/v2\/pages\/1060\/revisions\/2418"}],"wp:attachment":[{"href":"https:\/\/cbblanca-bue.infd.edu.ar\/sitio\/wp-json\/wp\/v2\/media?parent=1060"}],"curies":[{"name":"wp","href":"https:\/\/api.w.org\/{rel}","templated":true}]}}