{"id":1058,"date":"2018-08-29T16:24:28","date_gmt":"2018-08-29T19:24:28","guid":{"rendered":"https:\/\/cbblanca-bue.infd.edu.ar\/sitio\/regulares\/"},"modified":"2024-05-31T14:07:53","modified_gmt":"2024-05-31T17:07:53","slug":"regularesfoba","status":"publish","type":"page","link":"https:\/\/cbblanca-bue.infd.edu.ar\/sitio\/regularesfoba\/","title":{"rendered":"Regulares"},"content":{"rendered":"<h1><span style=\"color: #000080;\"><strong>OFERTA EDUCATIVA<\/strong><\/span><\/h1>\n<h2><span style=\"color: #ff6600;\"><strong>FORMACI\u00d3N B\u00c1SICA<\/strong><\/span><\/h2>\n<p><strong>Instrumento &#8211; de 9 a 13 a\u00f1os (cumplidos al 30\/06\/2023) &#8211; Ni\u00f1os y Pre-adolescentes<\/strong><\/p>\n<p><u>Instrumentos<\/u><strong>:<\/strong>\u00a0Piano \/ Guitarra \/ Arpa \/ Bandone\u00f3n \/ Viol\u00edn \/ Viola \/ Violonchelo \/ Contrabajo \/ Saxo \/ Flauta Traversa \/ Oboe \/ Clarinete \/ Fagot \/ Trompeta \/ Corno \/ Tromb\u00f3n \/ Tuba \/ Percusi\u00f3n<\/p>\n<p><strong>Instrumento &#8211; de 14 a\u00f1os en adelante &#8211;<\/strong>\u00a0<strong>J\u00f3venes y Adultos\u00a0<\/strong><\/p>\n<p><u>Instrumentos<\/u><strong>:<\/strong> Piano \/ Guitarra \/ Guitarra El\u00e9ctrica \/ Arpa \/ Bandone\u00f3n \/ Viol\u00edn \/ Viola \/ Violonchelo \/ Contrabajo \/ Bajo El\u00e9ctrico \/ Saxo \/ Flauta Traversa \/ Oboe \/ Clarinete \/ Fagot \/ Trompeta \/ Corno \/ Tromb\u00f3n \/ Tuba \/ Percusi\u00f3n<\/p>\n<p><strong>J\u00f3venes y Adultos (Instrumento M\u00fasica Popular)<\/strong><\/p>\n<p>Instrumentos: Guitarra El\u00e9ctrica &#8211; Bajo El\u00e9ctrico<\/p>\n<p><strong>J\u00f3venes y Adultos (Canto M\u00fasica Popular)<\/strong><\/p>\n<p><strong>J\u00f3venes y Adultos (Canto L\u00edrico-Camar\u00edstico)<\/strong><\/p>\n<h3 style=\"text-align: center;\"><span style=\"color: #000080;\">INSCRIPCI\u00d3N<\/span><\/h3>\n<p style=\"text-align: center;\">Desde Academia web (Mi legajo)<br \/>\n<a href=\"https:\/\/conserbb.academia.com.ar\/\">https:\/\/conserbb.academia.com.ar\/<\/a><\/p>\n<p style=\"text-align: center;\"><iframe loading=\"lazy\" src=\"https:\/\/docs.google.com\/presentation\/d\/e\/2PACX-1vScmeujiHhJVGtWPnvYC0KpVzvWUFeqKPqeYHu2LkyQD1CUCIyh4lqu5awUAyiIaUaboyCc2jrUlhI7\/embed?start=true&amp;loop=false&amp;delayms=3000\" width=\"960\" height=\"569\" frameborder=\"0\" allowfullscreen=\"allowfullscreen\"><\/iframe><\/p>\n<h3 style=\"text-align: center;\"><span style=\"text-decoration: underline; color: #0000ff;\"><a style=\"color: #0000ff; text-decoration: underline;\" href=\"https:\/\/cbblanca-bue.infd.edu.ar\/sitio\/wp-content\/uploads\/2023\/02\/planilla-salud-alumno-x-1.pdf\" target=\"_blank\" rel=\"noopener\">Descargar y completar ficha de salud<\/a><\/span><\/h3>\n<hr \/>\n<p style=\"text-align: center;\">\n<h4 style=\"text-align: center;\"><span style=\"color: #ff0000;\"><strong>POR CONSULTAS GENERALES, <\/strong><\/span><span style=\"color: #ff0000;\"><strong>ESCRIB\u00cd UN MAIL A<\/strong><\/span><\/h4>\n<h4 style=\"text-align: center;\"><a href=\"mailto:instrumentocantoconser@gmail.com\">preceptoriasconser@gmail.com<\/a><\/h4>\n<p style=\"text-align: center;\">ASUNTO: inscripci\u00f3n CARRERA regulares<\/p>\n<p style=\"text-align: center;\">ASUNTO:\u00a0inscripci\u00f3n FOBA regulares<\/p>\n<hr \/>\n<h4 style=\"text-align: center;\"><span style=\"color: #ff0000;\"><strong>POR CONSULTAS ACAD\u00c9MICAS, ESCRIB\u00cd UN MAIL A TU JEFE DE \u00c1REA<\/strong><\/span><\/h4>\n<h5 style=\"text-align: center;\"><span style=\"color: #008000;\"><strong>Formaci\u00f3n B\u00e1sica Ni\u00f1os y Pre-Adolescentes <\/strong><\/span><\/h5>\n<h5 style=\"text-align: center;\">Silvana Osorio <a href=\"mailto:conserciclomedioytaller@gmail.com\">conserciclomedioytaller@gmail.com<\/a><\/h5>\n<h5 style=\"text-align: center;\"><span style=\"color: #008000;\"><strong>Formaci\u00f3n B\u00e1sica J\u00f3venes y Adultos (Instrumento-Canto)<\/strong>\u00a0<\/span><\/h5>\n<h5 style=\"text-align: center;\">Fernando Balestra <a href=\"mailto:fobaconser@gmail.com\">fobaconser@gmail.com<\/a><\/h5>\n<h5 style=\"text-align: center;\"><\/h5>\n","protected":false},"excerpt":{"rendered":"<p>OFERTA EDUCATIVA FORMACI\u00d3N B\u00c1SICA Instrumento &#8211; de 9 a 13 a\u00f1os (cumplidos al 30\/06\/2023) &#8211; Ni\u00f1os y Pre-adolescentes Instrumentos:\u00a0Piano \/ Guitarra \/ Arpa \/ Bandone\u00f3n \/ Viol\u00edn \/ Viola \/ Violonchelo \/ Contrabajo \/ Saxo \/ Flauta Traversa \/ Oboe \/ Clarinete \/ Fagot \/ Trompeta \/ Corno \/ Tromb\u00f3n \/ Tuba \/ Percusi\u00f3n Instrumento &#8230; <a title=\"Regulares\" class=\"read-more\" href=\"https:\/\/cbblanca-bue.infd.edu.ar\/sitio\/regularesfoba\/\" aria-label=\"More on Regulares\">[+]<\/a><\/p>\n","protected":false},"author":5566,"featured_media":0,"parent":0,"menu_order":0,"comment_status":"closed","ping_status":"closed","template":"","meta":[],"acf":[],"_links":{"self":[{"href":"https:\/\/cbblanca-bue.infd.edu.ar\/sitio\/wp-json\/wp\/v2\/pages\/1058"}],"collection":[{"href":"https:\/\/cbblanca-bue.infd.edu.ar\/sitio\/wp-json\/wp\/v2\/pages"}],"about":[{"href":"https:\/\/cbblanca-bue.infd.edu.ar\/sitio\/wp-json\/wp\/v2\/types\/page"}],"author":[{"embeddable":true,"href":"https:\/\/cbblanca-bue.infd.edu.ar\/sitio\/wp-json\/wp\/v2\/users\/5566"}],"replies":[{"embeddable":true,"href":"https:\/\/cbblanca-bue.infd.edu.ar\/sitio\/wp-json\/wp\/v2\/comments?post=1058"}],"version-history":[{"count":40,"href":"https:\/\/cbblanca-bue.infd.edu.ar\/sitio\/wp-json\/wp\/v2\/pages\/1058\/revisions"}],"predecessor-version":[{"id":3674,"href":"https:\/\/cbblanca-bue.infd.edu.ar\/sitio\/wp-json\/wp\/v2\/pages\/1058\/revisions\/3674"}],"wp:attachment":[{"href":"https:\/\/cbblanca-bue.infd.edu.ar\/sitio\/wp-json\/wp\/v2\/media?parent=1058"}],"curies":[{"name":"wp","href":"https:\/\/api.w.org\/{rel}","templated":true}]}}