{"id":1000,"date":"2018-08-29T16:23:59","date_gmt":"2018-08-29T19:23:59","guid":{"rendered":"https:\/\/cbblanca-bue.infd.edu.ar\/sitio\/mesas-de-examen-regulares-y-libres\/"},"modified":"2025-11-25T13:30:39","modified_gmt":"2025-11-25T16:30:39","slug":"mesas-de-examen-regulares-y-libres","status":"publish","type":"page","link":"https:\/\/cbblanca-bue.infd.edu.ar\/sitio\/mesas-de-examen-regulares-y-libres\/","title":{"rendered":"MESAS DE EXAMEN &#8211; Regulares y Libres"},"content":{"rendered":"<h1 style=\"text-align: center;\"><span style=\"color: #0000ff;\">Mesas de examen<\/span><\/h1>\n<p><span style=\"font-size: 12pt; font-family: arial, helvetica, sans-serif;\">En esta Lista, encontrar\u00e1n el cronograma anual de Mesas de Examen, y adem\u00e1s en cada per\u00edodo los d\u00edas y horarios espec\u00edficos de cada materia.<\/span><\/p>\n<p style=\"text-align: center;\"><iframe loading=\"lazy\" src=\"https:\/\/drive.google.com\/embeddedfolderview?id=1tLTAb23fyhopkLc2PRjNjbsRTk7N1inO#list&amp;wmode=transparent\" width=\"800\" height=\"200\" frameborder=\"0\"><span data-mce-type=\"bookmark\" style=\"display: inline-block; width: 0px; overflow: hidden; line-height: 0;\" class=\"mce_SELRES_start\">\ufeff<\/span><\/iframe><\/p>\n<h1 style=\"text-align: center;\"><span style=\"color: #0000ff;\">Referentes de c\u00e1tedra<\/span><\/h1>\n<p><span style=\"font-size: 12pt; font-family: arial, helvetica, sans-serif;\">Para los alumnos que desean rendir en car\u00e1cter de libre, pueden acceder a los listados de los <strong><span style=\"text-decoration: underline;\">Referentes de C\u00e1tedra organizados por carrera y por materia en la secci\u00f3n Programas<\/span><\/strong>\u00a0para contactarse con ellos, conocer los procedimientos necesarios y acordar una entrevista.<\/span><\/p>\n<h1 style=\"text-align: center;\"><span style=\"color: #0000ff;\">Certificados de examen<\/span><\/h1>\n<p><img decoding=\"async\" loading=\"lazy\" class=\"aligncenter\" src=\"https:\/\/cbblanca-bue.infd.edu.ar\/sitio\/wp-content\/uploads\/2021\/05\/certificado-de-examen-datos.jpg\" alt=\"La imagen tiene un atributo ALT vac\u00edo; su nombre de archivo es certificado-de-examen-datos.jpg\" width=\"796\" height=\"448\" \/><\/p>\n","protected":false},"excerpt":{"rendered":"<p>Mesas de examen En esta Lista, encontrar\u00e1n el cronograma anual de Mesas de Examen, y adem\u00e1s en cada per\u00edodo los d\u00edas y horarios espec\u00edficos de cada materia. \ufeff Referentes de c\u00e1tedra Para los alumnos que desean rendir en car\u00e1cter de libre, pueden acceder a los listados de los Referentes de C\u00e1tedra organizados por carrera y &#8230; <a title=\"MESAS DE EXAMEN &#8211; Regulares y Libres\" class=\"read-more\" href=\"https:\/\/cbblanca-bue.infd.edu.ar\/sitio\/mesas-de-examen-regulares-y-libres\/\" aria-label=\"More on MESAS DE EXAMEN &#8211; Regulares y Libres\">[+]<\/a><\/p>\n","protected":false},"author":5656,"featured_media":0,"parent":0,"menu_order":0,"comment_status":"closed","ping_status":"closed","template":"","meta":[],"acf":[],"_links":{"self":[{"href":"https:\/\/cbblanca-bue.infd.edu.ar\/sitio\/wp-json\/wp\/v2\/pages\/1000"}],"collection":[{"href":"https:\/\/cbblanca-bue.infd.edu.ar\/sitio\/wp-json\/wp\/v2\/pages"}],"about":[{"href":"https:\/\/cbblanca-bue.infd.edu.ar\/sitio\/wp-json\/wp\/v2\/types\/page"}],"author":[{"embeddable":true,"href":"https:\/\/cbblanca-bue.infd.edu.ar\/sitio\/wp-json\/wp\/v2\/users\/5656"}],"replies":[{"embeddable":true,"href":"https:\/\/cbblanca-bue.infd.edu.ar\/sitio\/wp-json\/wp\/v2\/comments?post=1000"}],"version-history":[{"count":81,"href":"https:\/\/cbblanca-bue.infd.edu.ar\/sitio\/wp-json\/wp\/v2\/pages\/1000\/revisions"}],"predecessor-version":[{"id":4185,"href":"https:\/\/cbblanca-bue.infd.edu.ar\/sitio\/wp-json\/wp\/v2\/pages\/1000\/revisions\/4185"}],"wp:attachment":[{"href":"https:\/\/cbblanca-bue.infd.edu.ar\/sitio\/wp-json\/wp\/v2\/media?parent=1000"}],"curies":[{"name":"wp","href":"https:\/\/api.w.org\/{rel}","templated":true}]}}